{"id":30866,"date":"2025-02-20T10:09:48","date_gmt":"2025-02-20T02:09:48","guid":{"rendered":"https:\/\/www.maxavegroup.com\/?post_type=product&#038;p=30866"},"modified":"2025-02-25T09:11:55","modified_gmt":"2025-02-25T01:11:55","slug":"%cf%8635mm-two-way-slide-on-hinge","status":"publish","type":"product","link":"https:\/\/www.maxavegroup.com\/fr\/produit\/%cf%8635mm-two-way-slide-on-hinge\/","title":{"rendered":"\u03a635mm Charni\u00e8re coulissante \u00e0 deux voies (\u00e9chantillon)"},"content":{"rendered":"<h5 class=\"description-heading\"><span style=\"font-size: 16pt; color: #c30d23;\">Info produit.<\/span><\/h5>\n<hr style=\"width: 300px; border: 0.3px solid #C30D23; margin-bottom: 30px; text-align: left; display: block;\" \/>\n<table style=\"border-collapse: collapse; width: 96.3723%; height: 232px;\" border=\"0\" width=\"323\" cellspacing=\"0\" cellpadding=\"0\">\n<tbody>\n<tr style=\"height: 17.00pt;\">\n<td class=\"et2\" style=\"height: 17.00pt; width: 147.70pt;\" width=\"147\" height=\"17\">Num\u00e9ro de mod\u00e8le\uff1a<\/td>\n<td style=\"width: 175.70pt;\" width=\"175\">M02121<\/td>\n<\/tr>\n<tr style=\"height: 16.80pt;\">\n<td style=\"height: 16.80pt;\" height=\"16\">Type\uff1a<\/td>\n<td>Recouvrement total, Recouvrement partiel, Insertion<\/td>\n<\/tr>\n<tr style=\"height: 16.80pt;\">\n<td style=\"height: 16.80pt;\" height=\"16\">Mati\u00e8re\uff1a<\/td>\n<td>Acier<\/td>\n<\/tr>\n<tr style=\"height: 16.80pt;\">\n<td style=\"height: 16.80pt;\" height=\"16\">Finition\uff1a<\/td>\n<td>Nickel\u00e9<\/td>\n<\/tr>\n<tr style=\"height: 16.80pt;\">\n<td style=\"height: 16.80pt;\" height=\"16\">Diam\u00e8tre de la coupelle de la charni\u00e8re\uff1a<\/td>\n<td>35 mm<\/td>\n<\/tr>\n<tr style=\"height: 16.80pt;\">\n<td style=\"height: 16.80pt;\" height=\"16\">Dipl\u00f4me ouvert\uff1a<\/td>\n<td>105\u00b0<\/td>\n<\/tr>\n<tr style=\"height: 16.80pt;\">\n<td style=\"height: 16.80pt;\" height=\"16\">Epaisseur de la porte\uff1a<\/td>\n<td>14-24mm<\/td>\n<\/tr>\n<tr style=\"height: 16.80pt;\">\n<td style=\"height: 16.80pt;\" height=\"16\">Plaque optionnelle\uff1a<\/td>\n<td>2 trous ou 4 trous<\/td>\n<\/tr>\n<\/tbody>\n<\/table>\n<div><\/div>\n<div><\/div>\n<div>Caract\u00e9ristiques principales :<\/div>\n<div>\n<ul style=\"list-style-type: disc;\">\n<li>Fonctionnement en douceur : Nos charni\u00e8res d'armoire garantissent une fermeture douce et silencieuse pour une exp\u00e9rience utilisateur sans faille.<\/li>\n<li>M\u00e9canisme de fermeture automatique : Profitez de la commodit\u00e9 des portes d'armoire \u00e0 fermeture automatique gr\u00e2ce \u00e0 nos charni\u00e8res fiables.<\/li>\n<li>Quincaillerie de haute qualit\u00e9 : Nos charni\u00e8res d'armoire sont fabriqu\u00e9es \u00e0 partir de mat\u00e9riaux de premi\u00e8re qualit\u00e9 pour une performance durable.<\/li>\n<li>Polyvalence : Gr\u00e2ce aux diff\u00e9rents types de charni\u00e8res d'armoires disponibles, nous proposons des solutions pour diff\u00e9rentes configurations d'armoires.<\/li>\n<li>Installation facile : L'installation sans probl\u00e8me permet d'am\u00e9liorer rapidement et sans effort vos armoires.<\/li>\n<\/ul>\n<\/div>\n<div><\/div>\n<div>Faites confiance \u00e0 notre expertise en tant que fournisseur, usine et fabricant r\u00e9put\u00e9 de charni\u00e8res d'armoires. Notre quincaillerie d'armoire offre la combinaison parfaite de fonctionnalit\u00e9 et de durabilit\u00e9 pour vos solutions d'armoire.<\/div>\n<div><\/div>\n<div>\n<figure id=\"attachment_28963\" aria-describedby=\"caption-attachment-28963\" style=\"width: 750px\" class=\"wp-caption aligncenter\"><img decoding=\"async\" class=\"size-full wp-image-28963\" title=\"M02121 \u72ec\u7acb\u7ad9\u7ec6\u8282\" src=\"https:\/\/obbnytzdsj-staging.onrocket.site\/wp-content\/uploads\/2024\/11\/M02121-\u72ec\u7acb\u7ad9\u7ec6\u8282.webp\" alt=\"M02121 \u72ec\u7acb\u7ad9\u7ec6\u8282\" width=\"750\" height=\"751\" \/><figcaption id=\"caption-attachment-28963\" class=\"wp-caption-text\">M02121 \u72ec\u7acb\u7ad9\u7ec6\u8282<\/figcaption><\/figure>\n<\/div>\n<h5 class=\"description-heading\"><span style=\"font-size: 16pt; color: #c30d23;\">Informations sur l'emballage.<\/span><\/h5>\n<hr style=\"width: 300px; border: 0.3px solid #C30D23; margin-bottom: 30px; text-align: left; display: block;\" \/>\n<table style=\"width: 95.1287%; height: 125px;\" width=\"323\">\n<tbody>\n<tr style=\"height: 24px;\">\n<td style=\"width: 45%; height: 24px;\" width=\"147\">\u00a0QTY\/CTN\uff1a<\/td>\n<td style=\"width: 52.1875%; height: 24px;\" width=\"175\">250 PCS\/CTN<\/td>\n<\/tr>\n<tr style=\"height: 24px;\">\n<td style=\"width: 45%; height: 24px;\">\u00a0G.W\/CTN\uff1a<\/td>\n<td style=\"width: 52.1875%; height: 24px;\">13.2KG<\/td>\n<\/tr>\n<tr style=\"height: 24px;\">\n<td style=\"width: 45%; height: 24px;\">\u00a0Unit\u00e9 CBM\uff1a<\/td>\n<td style=\"width: 52.1875%; height: 24px;\">0,017 CBM<\/td>\n<\/tr>\n<tr style=\"height: 24px;\">\n<td style=\"width: 45%; height: 24px;\">\u00a0Chargement QTY\uff1a<\/td>\n<td style=\"width: 52.1875%; height: 24px;\">430000pcs<\/td>\n<\/tr>\n<\/tbody>\n<\/table>\n<h5 class=\"description-heading\"><span style=\"font-size: 16pt; color: #c30d23;\">Dessin technique<\/span><\/h5>\n<hr style=\"width: 300px; border: 0.3px solid #C30D23; margin-bottom: 30px; text-align: left; display: block;\" \/>\n<figure id=\"attachment_28961\" aria-describedby=\"caption-attachment-28961\" style=\"width: 1300px\" class=\"wp-caption aligncenter\"><img decoding=\"async\" class=\"size-full wp-image-28961\" title=\"\u042435\u6ed1\u5165\u5f0f\u5feb\u88c5\u963b\u5c3c\u94f0\u94fe 01\" src=\"https:\/\/obbnytzdsj-staging.onrocket.site\/wp-content\/uploads\/2024\/11\/\u042435\u6ed1\u5165\u5f0f\u5feb\u88c5\u963b\u5c3c\u94f0\u94fe_01.webp\" alt=\"\u042435\u6ed1\u5165\u5f0f\u5feb\u88c5\u963b\u5c3c\u94f0\u94fe 01\" width=\"1300\" height=\"792\" \/><figcaption id=\"caption-attachment-28961\" class=\"wp-caption-text\">\u042435\u6ed1\u5165\u5f0f\u5feb\u88c5\u963b\u5c3c\u94f0\u94fe 01<\/figcaption><\/figure>\n<figure id=\"attachment_28962\" aria-describedby=\"caption-attachment-28962\" style=\"width: 1300px\" class=\"wp-caption aligncenter\"><img decoding=\"async\" class=\"size-medium wp-image-28962\" title=\"\u042435\u6ed1\u5165\u5f0f\u5feb\u88c5\u963b\u5c3c\u94f0\u94fe 02\" src=\"https:\/\/obbnytzdsj-staging.onrocket.site\/wp-content\/uploads\/2024\/11\/\u042435\u6ed1\u5165\u5f0f\u5feb\u88c5\u963b\u5c3c\u94f0\u94fe_02.webp\" alt=\"\u042435\u6ed1\u5165\u5f0f\u5feb\u88c5\u963b\u5c3c\u94f0\u94fe 02\" width=\"1300\" height=\"1129\" \/><figcaption id=\"caption-attachment-28962\" class=\"wp-caption-text\">\u042435\u6ed1\u5165\u5f0f\u5feb\u88c5\u963b\u5c3c\u94f0\u94fe 02<\/figcaption><\/figure>\n<p>&nbsp;<\/p>\n<h5 class=\"description-heading\"><span style=\"font-size: 16pt; color: #c30d23;\">Document PDF<\/span><\/h5>\n<hr style=\"width: 300px; border: 0.3px solid #C30D23; margin-bottom: 30px; text-align: left; display: block;\" \/>\n<div class=\"pdf-links\"><a class=\"pdf-link\" href=\"https:\/\/www.maxavegroup.com\/wp-content\/uploads\/2025\/02\/Maxave.pdf\"><br \/>\n<i class=\"fas fa-file-pdf\"><\/i><br \/>\nCatalogue 2024<br \/>\n<\/a><br \/>\n<a class=\"pdf-link\" href=\"https:\/\/www.maxavegroup.com\/wp-content\/uploads\/2025\/02\/Maxave.pdf\"><br \/>\n<i class=\"fas fa-file-pdf\"><\/i><br \/>\nUn autre catalogue<br \/>\n<\/a><br \/>\n<a class=\"pdf-link\" href=\"https:\/\/www.maxavegroup.com\/wp-content\/uploads\/2025\/02\/Maxave.pdf\"><br \/>\n<i class=\"fas fa-file-pdf\"><\/i><br \/>\nUn autre catalogue<br \/>\n<\/a><br \/>\n<!-- \u53ef\u4ee5\u7ee7\u7eed\u6dfb\u52a0\u66f4\u591a\u6587\u6863\u94fe\u63a5 --><\/div>","protected":false},"excerpt":{"rendered":"<p>-Type : coulissant \u00e0 deux voies<\/p>\n<p>-Diam\u00e8tre de la tasse : 35 mm<\/p>\n<p>-Pas des trous : 45mm, 48mm, 52mm<\/p>\n<p>-Superposition : Demi-couche, couche compl\u00e8te, insertion<\/p>\n<p>-Angle d'ouverture : Demi-recouvrement, recouvrement complet, insertion<\/p>\n<p>-Surimpression : 105 degr\u00e9s<\/p>\n<p>-Plage d'\u00e9paisseur de la porte : 14-24 mm<\/p>\n<p>-Mat\u00e9riau : Acier lamin\u00e9 \u00e0 froid<\/p>\n<p>-Test au brouillard salin : peut atteindre le niveau 9 apr\u00e8s 48 heures de test.<\/p>\n<p>-Plaque optionnelle : plaque \u00e0 2 trous<\/p>\n<p>-Emballage : 200 pi\u00e8ces par carton ou selon les besoins du client.<\/p>\n<p>-Certificat : SGS ISO 9001:2000<\/p>","protected":false},"featured_media":30869,"comment_status":"open","ping_status":"closed","template":"","meta":[],"product_brand":[],"product_cat":[387],"product_tag":[],"heavydutyslides":[],"products":[],"class_list":{"0":"post-30866","1":"product","2":"type-product","3":"status-publish","4":"has-post-thumbnail","6":"product_cat-uncategorized","8":"first","9":"instock","10":"shipping-taxable","11":"purchasable","12":"product-type-variable"},"acf":[],"gallery_images":[30870,30871,30872],"yoast_head":"<!-- This site is optimized with the Yoast SEO Premium plugin v20.5 (Yoast SEO v20.8) - https:\/\/yoast.com\/wordpress\/plugins\/seo\/ -->\n<title>\u03a635mm Two Way Slide On Hinge (sample) | Maxave<\/title>\n<meta name=\"robots\" content=\"index, follow, max-snippet:-1, max-image-preview:large, max-video-preview:-1\" \/>\n<link rel=\"canonical\" href=\"https:\/\/www.maxavegroup.com\/fr\/produit\/\u03c635mm-two-way-slide-on-hinge\/\" \/>\n<meta property=\"og:locale\" content=\"fr_FR\" \/>\n<meta property=\"og:type\" content=\"article\" \/>\n<meta property=\"og:title\" content=\"\u03a635mm Two Way Slide On Hinge (sample)\" \/>\n<meta property=\"og:description\" content=\"-Type: two-way slide-on  -Cup diameter: 35mm  -Hole pitch: 45mm,48mm,52mm  -Overlay: Half overlay, full overlay, Insert  -Opening angle: Half overlay, full overlay, Insert  -Overlay: 105 degree  -Range for door thickness: 14-24mm  -Material: Cold-rolled steel  -Salt spray test: can reach grade 9 after 48 hours of test  -Optional plate: 2-hole plate  -Packing: 200 pcs per carton or according to clients&#039; requirements.  -Certificate: SGS ISO 9001:2000\" \/>\n<meta property=\"og:url\" content=\"https:\/\/www.maxavegroup.com\/fr\/produit\/\u03c635mm-two-way-slide-on-hinge\/\" \/>\n<meta property=\"og:site_name\" content=\"Maxave\" \/>\n<meta property=\"article:modified_time\" content=\"2025-02-25T01:11:55+00:00\" \/>\n<meta property=\"og:image\" content=\"https:\/\/www.maxavegroup.com\/wp-content\/uploads\/2025\/02\/35mm-Furniture-Hinges.webp\" \/>\n\t<meta property=\"og:image:width\" content=\"1024\" \/>\n\t<meta property=\"og:image:height\" content=\"768\" \/>\n\t<meta property=\"og:image:type\" content=\"image\/webp\" \/>\n<meta name=\"twitter:card\" content=\"summary_large_image\" \/>\n<meta name=\"twitter:label1\" content=\"Dur\u00e9e de lecture estim\u00e9e\" \/>\n\t<meta name=\"twitter:data1\" content=\"2 minutes\" \/>\n<script type=\"application\/ld+json\" class=\"yoast-schema-graph\">{\"@context\":\"https:\/\/schema.org\",\"@graph\":[{\"@type\":\"WebPage\",\"@id\":\"https:\/\/www.maxavegroup.com\/fr\/produit\/%cf%8635mm-two-way-slide-on-hinge\/\",\"url\":\"https:\/\/www.maxavegroup.com\/fr\/produit\/%cf%8635mm-two-way-slide-on-hinge\/\",\"name\":\"\u03a635mm Two Way Slide On Hinge (sample) | Maxave\",\"isPartOf\":{\"@id\":\"https:\/\/www.maxavegroup.com\/fr\/#website\"},\"datePublished\":\"2025-02-20T02:09:48+00:00\",\"dateModified\":\"2025-02-25T01:11:55+00:00\",\"breadcrumb\":{\"@id\":\"https:\/\/www.maxavegroup.com\/fr\/produit\/%cf%8635mm-two-way-slide-on-hinge\/#breadcrumb\"},\"inLanguage\":\"fr-FR\",\"potentialAction\":[{\"@type\":\"ReadAction\",\"target\":[\"https:\/\/www.maxavegroup.com\/fr\/produit\/%cf%8635mm-two-way-slide-on-hinge\/\"]}]},{\"@type\":\"BreadcrumbList\",\"@id\":\"https:\/\/www.maxavegroup.com\/fr\/produit\/%cf%8635mm-two-way-slide-on-hinge\/#breadcrumb\",\"itemListElement\":[{\"@type\":\"ListItem\",\"position\":1,\"name\":\"Home\",\"item\":\"https:\/\/www.maxavegroup.com\/\"},{\"@type\":\"ListItem\",\"position\":2,\"name\":\"Shop\",\"item\":\"https:\/\/www.maxavegroup.com\/shop\/\"},{\"@type\":\"ListItem\",\"position\":3,\"name\":\"\u03a635mm Two Way Slide On Hinge (sample)\"}]},{\"@type\":\"WebSite\",\"@id\":\"https:\/\/www.maxavegroup.com\/fr\/#website\",\"url\":\"https:\/\/www.maxavegroup.com\/fr\/\",\"name\":\"Maxave\",\"description\":\"\",\"publisher\":{\"@id\":\"https:\/\/www.maxavegroup.com\/fr\/#organization\"},\"potentialAction\":[{\"@type\":\"SearchAction\",\"target\":{\"@type\":\"EntryPoint\",\"urlTemplate\":\"https:\/\/www.maxavegroup.com\/fr\/?s={search_term_string}\"},\"query-input\":\"required name=search_term_string\"}],\"inLanguage\":\"fr-FR\"},{\"@type\":\"Organization\",\"@id\":\"https:\/\/www.maxavegroup.com\/fr\/#organization\",\"name\":\"Maxave Furniture Manufacturing\",\"url\":\"https:\/\/www.maxavegroup.com\/fr\/\",\"logo\":{\"@type\":\"ImageObject\",\"inLanguage\":\"fr-FR\",\"@id\":\"https:\/\/www.maxavegroup.com\/fr\/#\/schema\/logo\/image\/\",\"url\":\"https:\/\/www.maxavegroup.com\/wp-content\/uploads\/2022\/05\/maxave-VI.png\",\"contentUrl\":\"https:\/\/www.maxavegroup.com\/wp-content\/uploads\/2022\/05\/maxave-VI.png\",\"width\":3043,\"height\":913,\"caption\":\"Maxave Furniture Manufacturing\"},\"image\":{\"@id\":\"https:\/\/www.maxavegroup.com\/fr\/#\/schema\/logo\/image\/\"}}]}<\/script>\n<!-- \/ Yoast SEO Premium plugin. -->","yoast_head_json":{"title":"\u03a635mm Two Way Slide On Hinge (sample) | Maxave","robots":{"index":"index","follow":"follow","max-snippet":"max-snippet:-1","max-image-preview":"max-image-preview:large","max-video-preview":"max-video-preview:-1"},"canonical":"https:\/\/www.maxavegroup.com\/fr\/produit\/\u03c635mm-two-way-slide-on-hinge\/","og_locale":"fr_FR","og_type":"article","og_title":"\u03a635mm Two Way Slide On Hinge (sample)","og_description":"-Type: two-way slide-on  -Cup diameter: 35mm  -Hole pitch: 45mm,48mm,52mm  -Overlay: Half overlay, full overlay, Insert  -Opening angle: Half overlay, full overlay, Insert  -Overlay: 105 degree  -Range for door thickness: 14-24mm  -Material: Cold-rolled steel  -Salt spray test: can reach grade 9 after 48 hours of test  -Optional plate: 2-hole plate  -Packing: 200 pcs per carton or according to clients' requirements.  -Certificate: SGS ISO 9001:2000","og_url":"https:\/\/www.maxavegroup.com\/fr\/produit\/\u03c635mm-two-way-slide-on-hinge\/","og_site_name":"Maxave","article_modified_time":"2025-02-25T01:11:55+00:00","og_image":[{"width":1024,"height":768,"url":"https:\/\/www.maxavegroup.com\/wp-content\/uploads\/2025\/02\/35mm-Furniture-Hinges.webp","type":"image\/webp"}],"twitter_card":"summary_large_image","twitter_misc":{"Dur\u00e9e de lecture estim\u00e9e":"2 minutes"},"schema":{"@context":"https:\/\/schema.org","@graph":[{"@type":"WebPage","@id":"https:\/\/www.maxavegroup.com\/fr\/produit\/%cf%8635mm-two-way-slide-on-hinge\/","url":"https:\/\/www.maxavegroup.com\/fr\/produit\/%cf%8635mm-two-way-slide-on-hinge\/","name":"\u03a635mm Two Way Slide On Hinge (sample) | Maxave","isPartOf":{"@id":"https:\/\/www.maxavegroup.com\/fr\/#website"},"datePublished":"2025-02-20T02:09:48+00:00","dateModified":"2025-02-25T01:11:55+00:00","breadcrumb":{"@id":"https:\/\/www.maxavegroup.com\/fr\/produit\/%cf%8635mm-two-way-slide-on-hinge\/#breadcrumb"},"inLanguage":"fr-FR","potentialAction":[{"@type":"ReadAction","target":["https:\/\/www.maxavegroup.com\/fr\/produit\/%cf%8635mm-two-way-slide-on-hinge\/"]}]},{"@type":"BreadcrumbList","@id":"https:\/\/www.maxavegroup.com\/fr\/produit\/%cf%8635mm-two-way-slide-on-hinge\/#breadcrumb","itemListElement":[{"@type":"ListItem","position":1,"name":"Home","item":"https:\/\/www.maxavegroup.com\/"},{"@type":"ListItem","position":2,"name":"Shop","item":"https:\/\/www.maxavegroup.com\/shop\/"},{"@type":"ListItem","position":3,"name":"\u03a635mm Two Way Slide On Hinge (sample)"}]},{"@type":"WebSite","@id":"https:\/\/www.maxavegroup.com\/fr\/#website","url":"https:\/\/www.maxavegroup.com\/fr\/","name":"Maxave","description":"","publisher":{"@id":"https:\/\/www.maxavegroup.com\/fr\/#organization"},"potentialAction":[{"@type":"SearchAction","target":{"@type":"EntryPoint","urlTemplate":"https:\/\/www.maxavegroup.com\/fr\/?s={search_term_string}"},"query-input":"required name=search_term_string"}],"inLanguage":"fr-FR"},{"@type":"Organization","@id":"https:\/\/www.maxavegroup.com\/fr\/#organization","name":"Maxave Furniture Manufacturing","url":"https:\/\/www.maxavegroup.com\/fr\/","logo":{"@type":"ImageObject","inLanguage":"fr-FR","@id":"https:\/\/www.maxavegroup.com\/fr\/#\/schema\/logo\/image\/","url":"https:\/\/www.maxavegroup.com\/wp-content\/uploads\/2022\/05\/maxave-VI.png","contentUrl":"https:\/\/www.maxavegroup.com\/wp-content\/uploads\/2022\/05\/maxave-VI.png","width":3043,"height":913,"caption":"Maxave Furniture Manufacturing"},"image":{"@id":"https:\/\/www.maxavegroup.com\/fr\/#\/schema\/logo\/image\/"}}]}},"_links":{"self":[{"href":"https:\/\/www.maxavegroup.com\/fr\/wp-json\/wp\/v2\/product\/30866","targetHints":{"allow":["GET"]}}],"collection":[{"href":"https:\/\/www.maxavegroup.com\/fr\/wp-json\/wp\/v2\/product"}],"about":[{"href":"https:\/\/www.maxavegroup.com\/fr\/wp-json\/wp\/v2\/types\/product"}],"replies":[{"embeddable":true,"href":"https:\/\/www.maxavegroup.com\/fr\/wp-json\/wp\/v2\/comments?post=30866"}],"wp:featuredmedia":[{"embeddable":true,"href":"https:\/\/www.maxavegroup.com\/fr\/wp-json\/wp\/v2\/media\/30869"}],"wp:attachment":[{"href":"https:\/\/www.maxavegroup.com\/fr\/wp-json\/wp\/v2\/media?parent=30866"}],"wp:term":[{"taxonomy":"product_brand","embeddable":true,"href":"https:\/\/www.maxavegroup.com\/fr\/wp-json\/wp\/v2\/product_brand?post=30866"},{"taxonomy":"product_cat","embeddable":true,"href":"https:\/\/www.maxavegroup.com\/fr\/wp-json\/wp\/v2\/product_cat?post=30866"},{"taxonomy":"product_tag","embeddable":true,"href":"https:\/\/www.maxavegroup.com\/fr\/wp-json\/wp\/v2\/product_tag?post=30866"},{"taxonomy":"heavydutyslides","embeddable":true,"href":"https:\/\/www.maxavegroup.com\/fr\/wp-json\/wp\/v2\/heavydutyslides?post=30866"},{"taxonomy":"products","embeddable":true,"href":"https:\/\/www.maxavegroup.com\/fr\/wp-json\/wp\/v2\/products?post=30866"}],"curies":[{"name":"wp","href":"https:\/\/api.w.org\/{rel}","templated":true}]}}