{"id":30866,"date":"2025-02-20T10:09:48","date_gmt":"2025-02-20T02:09:48","guid":{"rendered":"https:\/\/www.maxavegroup.com\/?post_type=product&#038;p=30866"},"modified":"2025-02-25T09:11:55","modified_gmt":"2025-02-25T01:11:55","slug":"%cf%8635mm-two-way-slide-on-hinge","status":"publish","type":"product","link":"https:\/\/www.maxavegroup.com\/hu\/termek\/%cf%8635mm-two-way-slide-on-hinge\/","title":{"rendered":"\u03a635mm k\u00e9tir\u00e1ny\u00fa cs\u00fasz\u00f3csukl\u00f3s zsan\u00e9r (minta)"},"content":{"rendered":"<h5 class=\"description-heading\"><span style=\"font-size: 16pt; color: #c30d23;\">Term\u00e9kinform\u00e1ci\u00f3.<\/span><\/h5>\n<hr style=\"width: 300px; border: 0.3px solid #C30D23; margin-bottom: 30px; text-align: left; display: block;\" \/>\n<table style=\"border-collapse: collapse; width: 96.3723%; height: 232px;\" border=\"0\" width=\"323\" cellspacing=\"0\" cellpadding=\"0\">\n<tbody>\n<tr style=\"height: 17.00pt;\">\n<td class=\"et2\" style=\"height: 17.00pt; width: 147.70pt;\" width=\"147\" height=\"17\">Modellsz\u00e1m\uff1a<\/td>\n<td style=\"width: 175.70pt;\" width=\"175\">M02121<\/td>\n<\/tr>\n<tr style=\"height: 16.80pt;\">\n<td style=\"height: 16.80pt;\" height=\"16\">T\u00edpus: A<\/td>\n<td>Teljes \u00e1tfed\u00e9s, F\u00e9lig \u00e1tfed\u00e9s, Beillesztve<\/td>\n<\/tr>\n<tr style=\"height: 16.80pt;\">\n<td style=\"height: 16.80pt;\" height=\"16\">Anyag: -<\/td>\n<td>Ac\u00e9l<\/td>\n<\/tr>\n<tr style=\"height: 16.80pt;\">\n<td style=\"height: 16.80pt;\" height=\"16\">Befejez\u00e9s<\/td>\n<td>Nikkelezett<\/td>\n<\/tr>\n<tr style=\"height: 16.80pt;\">\n<td style=\"height: 16.80pt;\" height=\"16\">A csukl\u00f3cs\u00e9sze \u00e1tm\u00e9r\u0151je\uff1a<\/td>\n<td>35mm<\/td>\n<\/tr>\n<tr style=\"height: 16.80pt;\">\n<td style=\"height: 16.80pt;\" height=\"16\">Nyitott fokozat\uff1a<\/td>\n<td>105\u00b0<\/td>\n<\/tr>\n<tr style=\"height: 16.80pt;\">\n<td style=\"height: 16.80pt;\" height=\"16\">Ajt\u00f3 vastags\u00e1ga\uff1a<\/td>\n<td>14-24mm<\/td>\n<\/tr>\n<tr style=\"height: 16.80pt;\">\n<td style=\"height: 16.80pt;\" height=\"16\">V\u00e1laszthat\u00f3 lemez\uff1a<\/td>\n<td>2 lyuk vagy 4 lyuk<\/td>\n<\/tr>\n<\/tbody>\n<\/table>\n<div><\/div>\n<div><\/div>\n<div>Kulcsfontoss\u00e1g\u00fa jellemz\u0151k:<\/div>\n<div>\n<ul style=\"list-style-type: disc;\">\n<li>Z\u00f6kken\u0151mentes m\u0171k\u00f6d\u00e9s: A z\u00f6kken\u0151mentes felhaszn\u00e1l\u00f3i \u00e9lm\u00e9ny \u00e9rdek\u00e9ben szekr\u00e9nyp\u00e1ntjaink sima \u00e9s csendes z\u00e1r\u00e1st biztos\u00edtanak.<\/li>\n<li>\u00d6nz\u00e1r\u00f3 mechanizmus: Megb\u00edzhat\u00f3 zsan\u00e9rjainkkal \u00e9lvezze az \u00f6nz\u00e1r\u00f3 szekr\u00e9nyajt\u00f3k k\u00e9nyelm\u00e9t.<\/li>\n<li>Kiv\u00e1l\u00f3 min\u0151s\u00e9g\u0171 hardver: A szekr\u00e9nyzsan\u00e9rok hardver\u00e9t pr\u00e9mium min\u0151s\u00e9g\u0171 anyagokb\u00f3l gy\u00e1rtjuk a hossz\u00fa \u00e9lettartam \u00e9rdek\u00e9ben.<\/li>\n<li>Sokoldal\u00fas\u00e1g: Megold\u00e1sokat k\u00edn\u00e1lunk a k\u00fcl\u00f6nb\u00f6z\u0151 szekr\u00e9nykonfigur\u00e1ci\u00f3khoz.<\/li>\n<li>Egyszer\u0171 telep\u00edt\u00e9s: A gondtalan telep\u00edt\u00e9s lehet\u0151v\u00e9 teszi a szekr\u00e9nyek gyors \u00e9s k\u00f6nnyed jav\u00edt\u00e1s\u00e1t.<\/li>\n<\/ul>\n<\/div>\n<div><\/div>\n<div>B\u00edzzon a szekr\u00e9nyzsan\u00e9rok j\u00f3 h\u00edr\u0171 besz\u00e1ll\u00edt\u00f3jak\u00e9nt, gy\u00e1rak\u00e9nt \u00e9s gy\u00e1rt\u00f3jak\u00e9nt szerzett szak\u00e9rtelm\u00fcnkben. Szekr\u00e9nyalkatr\u00e9szeink a funkcionalit\u00e1s \u00e9s a tart\u00f3ss\u00e1g t\u00f6k\u00e9letes kombin\u00e1ci\u00f3j\u00e1t ny\u00fajtj\u00e1k szekr\u00e9nymegold\u00e1saihoz.<\/div>\n<div><\/div>\n<div>\n<figure id=\"attachment_28963\" aria-describedby=\"caption-attachment-28963\" style=\"width: 750px\" class=\"wp-caption aligncenter\"><img decoding=\"async\" class=\"size-full wp-image-28963\" title=\"M02121 \u72ec\u7acb\u7ad9\u7ec6\u8282\" src=\"https:\/\/obbnytzdsj-staging.onrocket.site\/wp-content\/uploads\/2024\/11\/M02121-\u72ec\u7acb\u7ad9\u7ec6\u8282.webp\" alt=\"M02121 \u72ec\u7acb\u7ad9\u7ec6\u8282\" width=\"750\" height=\"751\" \/><figcaption id=\"caption-attachment-28963\" class=\"wp-caption-text\">M02121 \u72ec\u7acb\u7ad9\u7ec6\u8282<\/figcaption><\/figure>\n<\/div>\n<h5 class=\"description-heading\"><span style=\"font-size: 16pt; color: #c30d23;\">Csomagol\u00e1si inform\u00e1ci\u00f3.<\/span><\/h5>\n<hr style=\"width: 300px; border: 0.3px solid #C30D23; margin-bottom: 30px; text-align: left; display: block;\" \/>\n<table style=\"width: 95.1287%; height: 125px;\" width=\"323\">\n<tbody>\n<tr style=\"height: 24px;\">\n<td style=\"width: 45%; height: 24px;\" width=\"147\">\u00a0MENNYIS\u00c9G\/CTN\uff1a<\/td>\n<td style=\"width: 52.1875%; height: 24px;\" width=\"175\">250 PCS\/CTN<\/td>\n<\/tr>\n<tr style=\"height: 24px;\">\n<td style=\"width: 45%; height: 24px;\">\u00a0G.W\/CTN\uff1a<\/td>\n<td style=\"width: 52.1875%; height: 24px;\">13.2KG<\/td>\n<\/tr>\n<tr style=\"height: 24px;\">\n<td style=\"width: 45%; height: 24px;\">\u00a0Egys\u00e9g CBM\uff1a<\/td>\n<td style=\"width: 52.1875%; height: 24px;\">0,017 CBM<\/td>\n<\/tr>\n<tr style=\"height: 24px;\">\n<td style=\"width: 45%; height: 24px;\">\u00a0Bet\u00f6lt\u00e9s QTY\uff1a<\/td>\n<td style=\"width: 52.1875%; height: 24px;\">430000db<\/td>\n<\/tr>\n<\/tbody>\n<\/table>\n<h5 class=\"description-heading\"><span style=\"font-size: 16pt; color: #c30d23;\">M\u0171szaki rajz<\/span><\/h5>\n<hr style=\"width: 300px; border: 0.3px solid #C30D23; margin-bottom: 30px; text-align: left; display: block;\" \/>\n<figure id=\"attachment_28961\" aria-describedby=\"caption-attachment-28961\" style=\"width: 1300px\" class=\"wp-caption aligncenter\"><img decoding=\"async\" class=\"size-full wp-image-28961\" title=\"\u042435\u6ed1\u5165\u5f0f\u5feb\u88c5\u963b\u5c3c\u94f0\u94fe 01\" src=\"https:\/\/obbnytzdsj-staging.onrocket.site\/wp-content\/uploads\/2024\/11\/\u042435\u6ed1\u5165\u5f0f\u5feb\u88c5\u963b\u5c3c\u94f0\u94fe_01.webp\" alt=\"\u042435\u6ed1\u5165\u5f0f\u5feb\u88c5\u963b\u5c3c\u94f0\u94fe 01\" width=\"1300\" height=\"792\" \/><figcaption id=\"caption-attachment-28961\" class=\"wp-caption-text\">\u042435\u6ed1\u5165\u5f0f\u5feb\u88c5\u963b\u5c3c\u94f0\u94fe 01<\/figcaption><\/figure>\n<figure id=\"attachment_28962\" aria-describedby=\"caption-attachment-28962\" style=\"width: 1300px\" class=\"wp-caption aligncenter\"><img decoding=\"async\" class=\"size-medium wp-image-28962\" title=\"\u042435\u6ed1\u5165\u5f0f\u5feb\u88c5\u963b\u5c3c\u94f0\u94fe 02\" src=\"https:\/\/obbnytzdsj-staging.onrocket.site\/wp-content\/uploads\/2024\/11\/\u042435\u6ed1\u5165\u5f0f\u5feb\u88c5\u963b\u5c3c\u94f0\u94fe_02.webp\" alt=\"\u042435\u6ed1\u5165\u5f0f\u5feb\u88c5\u963b\u5c3c\u94f0\u94fe 02\" width=\"1300\" height=\"1129\" \/><figcaption id=\"caption-attachment-28962\" class=\"wp-caption-text\">\u042435\u6ed1\u5165\u5f0f\u5feb\u88c5\u963b\u5c3c\u94f0\u94fe 02<\/figcaption><\/figure>\n<p>&nbsp;<\/p>\n<h5 class=\"description-heading\"><span style=\"font-size: 16pt; color: #c30d23;\">PDF dokumentum<\/span><\/h5>\n<hr style=\"width: 300px; border: 0.3px solid #C30D23; margin-bottom: 30px; text-align: left; display: block;\" \/>\n<div class=\"pdf-links\"><a class=\"pdf-link\" href=\"https:\/\/www.maxavegroup.com\/wp-content\/uploads\/2025\/02\/Maxave.pdf\"><br \/>\n<i class=\"fas fa-file-pdf\"><\/i><br \/>\n2024-es katal\u00f3gus<br \/>\n<\/a><br \/>\n<a class=\"pdf-link\" href=\"https:\/\/www.maxavegroup.com\/wp-content\/uploads\/2025\/02\/Maxave.pdf\"><br \/>\n<i class=\"fas fa-file-pdf\"><\/i><br \/>\nEgy m\u00e1sik katal\u00f3gus<br \/>\n<\/a><br \/>\n<a class=\"pdf-link\" href=\"https:\/\/www.maxavegroup.com\/wp-content\/uploads\/2025\/02\/Maxave.pdf\"><br \/>\n<i class=\"fas fa-file-pdf\"><\/i><br \/>\nEgy m\u00e1sik katal\u00f3gus<br \/>\n<\/a><br \/>\n<!-- \u53ef\u4ee5\u7ee7\u7eed\u6dfb\u52a0\u66f4\u591a\u6587\u6863\u94fe\u63a5 --><\/div>","protected":false},"excerpt":{"rendered":"<p>-T\u00edpus: k\u00e9tir\u00e1ny\u00fa felcs\u00fasztathat\u00f3<\/p>\n<p>-Cup \u00e1tm\u00e9r\u0151: 35mm<\/p>\n<p>-A furatoszt\u00e1s: 45mm, 48mm, 52mm<\/p>\n<p>-Overlay: F\u00e9l overlay, teljes overlay, Insert<\/p>\n<p>-Nyit\u00e1si sz\u00f6g: Beilleszt\u00e9s: F\u00e9lig \u00e1tfed\u00e9s, teljesen \u00e1tfed\u00e9s, Beilleszt\u00e9s<\/p>\n<p>-Overlay: 105 fokos<\/p>\n<p>-Ajt\u00f3vastags\u00e1g-tartom\u00e1ny: 14-24mm<\/p>\n<p>-Anyag: ac\u00e9l: hidegen hengerelt ac\u00e9l<\/p>\n<p>-S\u00f3sz\u00f3r\u00f3 teszt: 48 \u00f3r\u00e1s tesztel\u00e9s ut\u00e1n el\u00e9rheti a 9-es fokozatot<\/p>\n<p>-V\u00e1laszthat\u00f3 lemez: 2 lyuk\u00fa lemez<\/p>\n<p>-Csomagol\u00e1s: 200 db kartondobozonk\u00e9nt vagy az \u00fcgyfelek ig\u00e9nyei szerint.<\/p>\n<p>-Tan\u00fas\u00edtv\u00e1ny: 2000: SGS ISO 9001:2000<\/p>","protected":false},"featured_media":30869,"comment_status":"open","ping_status":"closed","template":"","meta":[],"product_brand":[],"product_cat":[387],"product_tag":[],"heavydutyslides":[],"products":[],"class_list":{"0":"post-30866","1":"product","2":"type-product","3":"status-publish","4":"has-post-thumbnail","6":"product_cat-uncategorized","8":"first","9":"instock","10":"shipping-taxable","11":"purchasable","12":"product-type-variable"},"acf":[],"gallery_images":[30870,30871,30872],"yoast_head":"<!-- This site is optimized with the Yoast SEO Premium plugin v20.5 (Yoast SEO v20.8) - https:\/\/yoast.com\/wordpress\/plugins\/seo\/ -->\n<title>\u03a635mm Two Way Slide On Hinge (sample) | Maxave<\/title>\n<meta name=\"robots\" content=\"index, follow, max-snippet:-1, max-image-preview:large, max-video-preview:-1\" \/>\n<link rel=\"canonical\" href=\"https:\/\/www.maxavegroup.com\/hu\/termek\/\u03c635mm-two-way-slide-on-hinge\/\" \/>\n<meta property=\"og:locale\" content=\"hu_HU\" \/>\n<meta property=\"og:type\" content=\"article\" \/>\n<meta property=\"og:title\" content=\"\u03a635mm Two Way Slide On Hinge (sample)\" \/>\n<meta property=\"og:description\" content=\"-Type: two-way slide-on  -Cup diameter: 35mm  -Hole pitch: 45mm,48mm,52mm  -Overlay: Half overlay, full overlay, Insert  -Opening angle: Half overlay, full overlay, Insert  -Overlay: 105 degree  -Range for door thickness: 14-24mm  -Material: Cold-rolled steel  -Salt spray test: can reach grade 9 after 48 hours of test  -Optional plate: 2-hole plate  -Packing: 200 pcs per carton or according to clients&#039; requirements.  -Certificate: SGS ISO 9001:2000\" \/>\n<meta property=\"og:url\" content=\"https:\/\/www.maxavegroup.com\/hu\/termek\/\u03c635mm-two-way-slide-on-hinge\/\" \/>\n<meta property=\"og:site_name\" content=\"Maxave\" \/>\n<meta property=\"article:modified_time\" content=\"2025-02-25T01:11:55+00:00\" \/>\n<meta property=\"og:image\" content=\"https:\/\/www.maxavegroup.com\/wp-content\/uploads\/2025\/02\/35mm-Furniture-Hinges.webp\" \/>\n\t<meta property=\"og:image:width\" content=\"1024\" \/>\n\t<meta property=\"og:image:height\" content=\"768\" \/>\n\t<meta property=\"og:image:type\" content=\"image\/webp\" \/>\n<meta name=\"twitter:card\" content=\"summary_large_image\" \/>\n<meta name=\"twitter:label1\" content=\"Becs\u00fclt olvas\u00e1si id\u0151\" \/>\n\t<meta name=\"twitter:data1\" content=\"2 perc\" \/>\n<script type=\"application\/ld+json\" class=\"yoast-schema-graph\">{\"@context\":\"https:\/\/schema.org\",\"@graph\":[{\"@type\":\"WebPage\",\"@id\":\"https:\/\/www.maxavegroup.com\/hu\/termek\/%cf%8635mm-two-way-slide-on-hinge\/\",\"url\":\"https:\/\/www.maxavegroup.com\/hu\/termek\/%cf%8635mm-two-way-slide-on-hinge\/\",\"name\":\"\u03a635mm Two Way Slide On Hinge (sample) | Maxave\",\"isPartOf\":{\"@id\":\"https:\/\/www.maxavegroup.com\/hu\/#website\"},\"datePublished\":\"2025-02-20T02:09:48+00:00\",\"dateModified\":\"2025-02-25T01:11:55+00:00\",\"breadcrumb\":{\"@id\":\"https:\/\/www.maxavegroup.com\/hu\/termek\/%cf%8635mm-two-way-slide-on-hinge\/#breadcrumb\"},\"inLanguage\":\"hu\",\"potentialAction\":[{\"@type\":\"ReadAction\",\"target\":[\"https:\/\/www.maxavegroup.com\/hu\/termek\/%cf%8635mm-two-way-slide-on-hinge\/\"]}]},{\"@type\":\"BreadcrumbList\",\"@id\":\"https:\/\/www.maxavegroup.com\/hu\/termek\/%cf%8635mm-two-way-slide-on-hinge\/#breadcrumb\",\"itemListElement\":[{\"@type\":\"ListItem\",\"position\":1,\"name\":\"Home\",\"item\":\"https:\/\/www.maxavegroup.com\/\"},{\"@type\":\"ListItem\",\"position\":2,\"name\":\"Shop\",\"item\":\"https:\/\/www.maxavegroup.com\/shop\/\"},{\"@type\":\"ListItem\",\"position\":3,\"name\":\"\u03a635mm Two Way Slide On Hinge (sample)\"}]},{\"@type\":\"WebSite\",\"@id\":\"https:\/\/www.maxavegroup.com\/hu\/#website\",\"url\":\"https:\/\/www.maxavegroup.com\/hu\/\",\"name\":\"Maxave\",\"description\":\"\",\"publisher\":{\"@id\":\"https:\/\/www.maxavegroup.com\/hu\/#organization\"},\"potentialAction\":[{\"@type\":\"SearchAction\",\"target\":{\"@type\":\"EntryPoint\",\"urlTemplate\":\"https:\/\/www.maxavegroup.com\/hu\/?s={search_term_string}\"},\"query-input\":\"required name=search_term_string\"}],\"inLanguage\":\"hu\"},{\"@type\":\"Organization\",\"@id\":\"https:\/\/www.maxavegroup.com\/hu\/#organization\",\"name\":\"Maxave Furniture Manufacturing\",\"url\":\"https:\/\/www.maxavegroup.com\/hu\/\",\"logo\":{\"@type\":\"ImageObject\",\"inLanguage\":\"hu\",\"@id\":\"https:\/\/www.maxavegroup.com\/hu\/#\/schema\/logo\/image\/\",\"url\":\"https:\/\/www.maxavegroup.com\/wp-content\/uploads\/2022\/05\/maxave-VI.png\",\"contentUrl\":\"https:\/\/www.maxavegroup.com\/wp-content\/uploads\/2022\/05\/maxave-VI.png\",\"width\":3043,\"height\":913,\"caption\":\"Maxave Furniture Manufacturing\"},\"image\":{\"@id\":\"https:\/\/www.maxavegroup.com\/hu\/#\/schema\/logo\/image\/\"}}]}<\/script>\n<!-- \/ Yoast SEO Premium plugin. -->","yoast_head_json":{"title":"\u03a635mm Two Way Slide On Hinge (sample) | Maxave","robots":{"index":"index","follow":"follow","max-snippet":"max-snippet:-1","max-image-preview":"max-image-preview:large","max-video-preview":"max-video-preview:-1"},"canonical":"https:\/\/www.maxavegroup.com\/hu\/termek\/\u03c635mm-two-way-slide-on-hinge\/","og_locale":"hu_HU","og_type":"article","og_title":"\u03a635mm Two Way Slide On Hinge (sample)","og_description":"-Type: two-way slide-on  -Cup diameter: 35mm  -Hole pitch: 45mm,48mm,52mm  -Overlay: Half overlay, full overlay, Insert  -Opening angle: Half overlay, full overlay, Insert  -Overlay: 105 degree  -Range for door thickness: 14-24mm  -Material: Cold-rolled steel  -Salt spray test: can reach grade 9 after 48 hours of test  -Optional plate: 2-hole plate  -Packing: 200 pcs per carton or according to clients' requirements.  -Certificate: SGS ISO 9001:2000","og_url":"https:\/\/www.maxavegroup.com\/hu\/termek\/\u03c635mm-two-way-slide-on-hinge\/","og_site_name":"Maxave","article_modified_time":"2025-02-25T01:11:55+00:00","og_image":[{"width":1024,"height":768,"url":"https:\/\/www.maxavegroup.com\/wp-content\/uploads\/2025\/02\/35mm-Furniture-Hinges.webp","type":"image\/webp"}],"twitter_card":"summary_large_image","twitter_misc":{"Becs\u00fclt olvas\u00e1si id\u0151":"2 perc"},"schema":{"@context":"https:\/\/schema.org","@graph":[{"@type":"WebPage","@id":"https:\/\/www.maxavegroup.com\/hu\/termek\/%cf%8635mm-two-way-slide-on-hinge\/","url":"https:\/\/www.maxavegroup.com\/hu\/termek\/%cf%8635mm-two-way-slide-on-hinge\/","name":"\u03a635mm Two Way Slide On Hinge (sample) | Maxave","isPartOf":{"@id":"https:\/\/www.maxavegroup.com\/hu\/#website"},"datePublished":"2025-02-20T02:09:48+00:00","dateModified":"2025-02-25T01:11:55+00:00","breadcrumb":{"@id":"https:\/\/www.maxavegroup.com\/hu\/termek\/%cf%8635mm-two-way-slide-on-hinge\/#breadcrumb"},"inLanguage":"hu","potentialAction":[{"@type":"ReadAction","target":["https:\/\/www.maxavegroup.com\/hu\/termek\/%cf%8635mm-two-way-slide-on-hinge\/"]}]},{"@type":"BreadcrumbList","@id":"https:\/\/www.maxavegroup.com\/hu\/termek\/%cf%8635mm-two-way-slide-on-hinge\/#breadcrumb","itemListElement":[{"@type":"ListItem","position":1,"name":"Home","item":"https:\/\/www.maxavegroup.com\/"},{"@type":"ListItem","position":2,"name":"Shop","item":"https:\/\/www.maxavegroup.com\/shop\/"},{"@type":"ListItem","position":3,"name":"\u03a635mm Two Way Slide On Hinge (sample)"}]},{"@type":"WebSite","@id":"https:\/\/www.maxavegroup.com\/hu\/#website","url":"https:\/\/www.maxavegroup.com\/hu\/","name":"Maxave","description":"","publisher":{"@id":"https:\/\/www.maxavegroup.com\/hu\/#organization"},"potentialAction":[{"@type":"SearchAction","target":{"@type":"EntryPoint","urlTemplate":"https:\/\/www.maxavegroup.com\/hu\/?s={search_term_string}"},"query-input":"required name=search_term_string"}],"inLanguage":"hu"},{"@type":"Organization","@id":"https:\/\/www.maxavegroup.com\/hu\/#organization","name":"Maxave Furniture Manufacturing","url":"https:\/\/www.maxavegroup.com\/hu\/","logo":{"@type":"ImageObject","inLanguage":"hu","@id":"https:\/\/www.maxavegroup.com\/hu\/#\/schema\/logo\/image\/","url":"https:\/\/www.maxavegroup.com\/wp-content\/uploads\/2022\/05\/maxave-VI.png","contentUrl":"https:\/\/www.maxavegroup.com\/wp-content\/uploads\/2022\/05\/maxave-VI.png","width":3043,"height":913,"caption":"Maxave Furniture Manufacturing"},"image":{"@id":"https:\/\/www.maxavegroup.com\/hu\/#\/schema\/logo\/image\/"}}]}},"_links":{"self":[{"href":"https:\/\/www.maxavegroup.com\/hu\/wp-json\/wp\/v2\/product\/30866","targetHints":{"allow":["GET"]}}],"collection":[{"href":"https:\/\/www.maxavegroup.com\/hu\/wp-json\/wp\/v2\/product"}],"about":[{"href":"https:\/\/www.maxavegroup.com\/hu\/wp-json\/wp\/v2\/types\/product"}],"replies":[{"embeddable":true,"href":"https:\/\/www.maxavegroup.com\/hu\/wp-json\/wp\/v2\/comments?post=30866"}],"wp:featuredmedia":[{"embeddable":true,"href":"https:\/\/www.maxavegroup.com\/hu\/wp-json\/wp\/v2\/media\/30869"}],"wp:attachment":[{"href":"https:\/\/www.maxavegroup.com\/hu\/wp-json\/wp\/v2\/media?parent=30866"}],"wp:term":[{"taxonomy":"product_brand","embeddable":true,"href":"https:\/\/www.maxavegroup.com\/hu\/wp-json\/wp\/v2\/product_brand?post=30866"},{"taxonomy":"product_cat","embeddable":true,"href":"https:\/\/www.maxavegroup.com\/hu\/wp-json\/wp\/v2\/product_cat?post=30866"},{"taxonomy":"product_tag","embeddable":true,"href":"https:\/\/www.maxavegroup.com\/hu\/wp-json\/wp\/v2\/product_tag?post=30866"},{"taxonomy":"heavydutyslides","embeddable":true,"href":"https:\/\/www.maxavegroup.com\/hu\/wp-json\/wp\/v2\/heavydutyslides?post=30866"},{"taxonomy":"products","embeddable":true,"href":"https:\/\/www.maxavegroup.com\/hu\/wp-json\/wp\/v2\/products?post=30866"}],"curies":[{"name":"wp","href":"https:\/\/api.w.org\/{rel}","templated":true}]}}