{"id":32508,"date":"2025-04-24T09:58:09","date_gmt":"2025-04-24T01:58:09","guid":{"rendered":"https:\/\/www.maxavegroup.com\/?post_type=product&#038;p=32508"},"modified":"2025-07-04T10:51:44","modified_gmt":"2025-07-04T02:51:44","slug":"%cf%8635mm-slide-on-hinge","status":"publish","type":"product","link":"https:\/\/www.maxavegroup.com\/hu\/termek\/%cf%8635mm-slide-on-hinge\/","title":{"rendered":"\u03a635MM CSUKL\u00d3P\u00c1NTRA CS\u00daSZTATHAT\u00d3"},"content":{"rendered":"<h5 class=\"description-heading\"><span style=\"font-size: 16pt; color: #c30d23;\">Term\u00e9kinform\u00e1ci\u00f3.<\/span><\/h5>\n<hr style=\"width: 300px; border: 0.3px solid #C30D23; margin-bottom: 30px; text-align: left; display: block;\" \/>\n<table style=\"border-collapse: collapse; width: 96.3723%; height: 129px;\" border=\"0\" width=\"323\" cellspacing=\"0\" cellpadding=\"0\">\n<tbody>\n<tr style=\"height: 17.00pt;\">\n<td class=\"et2\" style=\"height: 17px; width: 147.7pt;\" width=\"147\" height=\"17\">Modellsz\u00e1m\uff1a<\/td>\n<td style=\"width: 175.7pt; height: 17px;\" width=\"175\">M02121<\/td>\n<\/tr>\n<tr style=\"height: 16.80pt;\">\n<td style=\"height: 16px;\" height=\"16\">T\u00edpus: A<\/td>\n<td style=\"height: 16px;\">Teljes \u00e1tfed\u00e9s, F\u00e9lig \u00e1tfed\u00e9s, Beillesztve<\/td>\n<\/tr>\n<tr style=\"height: 16.80pt;\">\n<td style=\"height: 16px;\" height=\"16\">Anyag: -<\/td>\n<td style=\"height: 16px;\">Vas<\/td>\n<\/tr>\n<tr style=\"height: 16.80pt;\">\n<td style=\"height: 16px;\" height=\"16\">Befejez\u00e9s<\/td>\n<td style=\"height: 16px;\">Nikkelezett<\/td>\n<\/tr>\n<tr style=\"height: 16.80pt;\">\n<td style=\"height: 16px;\" height=\"16\">A csukl\u00f3cs\u00e9sze \u00e1tm\u00e9r\u0151je\uff1a<\/td>\n<td style=\"height: 16px;\">35mm<\/td>\n<\/tr>\n<tr style=\"height: 16.80pt;\">\n<td style=\"height: 16px;\" height=\"16\">Nyitott fokozat\uff1a<\/td>\n<td style=\"height: 16px;\">105\u00b0<\/td>\n<\/tr>\n<tr style=\"height: 16.80pt;\">\n<td style=\"height: 16px;\" height=\"16\">Ajt\u00f3 vastags\u00e1ga\uff1a<\/td>\n<td style=\"height: 16px;\">14-20mm<\/td>\n<\/tr>\n<tr style=\"height: 16.80pt;\">\n<td style=\"height: 16px;\" height=\"16\">V\u00e1laszthat\u00f3 lemez\uff1a<\/td>\n<td style=\"height: 16px;\">2 lyuk vagy 4 lyuk<\/td>\n<\/tr>\n<\/tbody>\n<\/table>\n<div><\/div>\n<div><\/div>\n<div><\/div>\n<div><\/div>\n<div><\/div>\n<h5 class=\"description-heading\"><span style=\"font-size: 16pt; color: #c30d23;\">Csomagol\u00e1si inform\u00e1ci\u00f3.<\/span><\/h5>\n<hr style=\"width: 300px; border: 0.3px solid #C30D23; margin-bottom: 30px; text-align: left; display: block;\" \/>\n<table style=\"width: 95.1287%; height: 125px;\" width=\"323\">\n<tbody>\n<tr style=\"height: 24px;\">\n<td style=\"width: 45%; height: 24px;\" width=\"147\">\u00a0MENNYIS\u00c9G\/CTN\uff1a<\/td>\n<td style=\"width: 52.1875%; height: 24px;\" width=\"175\">200 DB<\/td>\n<\/tr>\n<tr style=\"height: 24px;\">\n<td style=\"width: 45%; height: 24px;\">\u00a0G.W\/CTN\uff1a<\/td>\n<td style=\"width: 52.1875%; height: 24px;\">12.2KG<\/td>\n<\/tr>\n<tr style=\"height: 24px;\">\n<td style=\"width: 45%; height: 24px;\">\u00a0Egys\u00e9g CBM\uff1a<\/td>\n<td style=\"width: 52.1875%; height: 24px;\">0,018 CBM<\/td>\n<\/tr>\n<tr style=\"height: 24px;\">\n<td style=\"width: 45%; height: 24px;\">\u00a0Bet\u00f6lt\u00e9s QTY\uff1a<\/td>\n<td style=\"width: 52.1875%; height: 24px;\">250000PCS<\/td>\n<\/tr>\n<\/tbody>\n<\/table>\n<h5 class=\"description-heading\"><span style=\"font-size: 16pt; color: #c30d23;\">M\u0171szaki rajz<\/span><\/h5>\n<hr style=\"width: 300px; border: 0.3px solid #C30D23; margin-bottom: 30px; text-align: left; display: block;\" \/>\n<p><img decoding=\"async\" class=\"size-medium wp-image-32525 aligncenter\" title=\"\u6f2b\u5a01\u76ee\u5f55 \u94f0\u94fe\u7c7b \u94f0\u94fe\u7c7b\" src=\"https:\/\/www.maxavegroup.com\/wp-content\/uploads\/2025\/04\/\u8d44\u6e90-21@300x-100.jpg\" alt=\"\u6f2b\u5a01\u76ee\u5f55 \u94f0\u94fe\u7c7b \u94f0\u94fe\u7c7b\" width=\"750\" height=\"178\" srcset=\"https:\/\/www.maxavegroup.com\/wp-content\/uploads\/2025\/04\/\u8d44\u6e90-21@300x-100.jpg 750w, https:\/\/www.maxavegroup.com\/wp-content\/uploads\/2025\/04\/\u8d44\u6e90-21@300x-100-18x4.jpg 18w\" sizes=\"(max-width: 750px) 100vw, 750px\" \/><\/p>\n<p><img decoding=\"async\" class=\"size-full wp-image-32523 aligncenter\" title=\"\u6f2b\u5a01\u76ee\u5f55 \u94f0\u94fe\u7c7b \u94f0\u94fe\u7c7b\" src=\"https:\/\/www.maxavegroup.com\/wp-content\/uploads\/2025\/04\/\u8d44\u6e90-19@300x-100.jpg\" alt=\"\u6f2b\u5a01\u76ee\u5f55 \u94f0\u94fe\u7c7b \u94f0\u94fe\u7c7b\" width=\"750\" height=\"276\" srcset=\"https:\/\/www.maxavegroup.com\/wp-content\/uploads\/2025\/04\/\u8d44\u6e90-19@300x-100.jpg 750w, https:\/\/www.maxavegroup.com\/wp-content\/uploads\/2025\/04\/\u8d44\u6e90-19@300x-100-18x7.jpg 18w\" sizes=\"(max-width: 750px) 100vw, 750px\" \/><\/p>\n<p><img decoding=\"async\" class=\"size-medium wp-image-32526 aligncenter\" style=\"font-size: 16px;\" title=\"\u6f2b\u5a01\u76ee\u5f55 \u94f0\u94fe\u7c7b \u94f0\u94fe\u7c7b\" src=\"https:\/\/www.maxavegroup.com\/wp-content\/uploads\/2025\/04\/\u8d44\u6e90-22@300x-100.jpg\" alt=\"\u6f2b\u5a01\u76ee\u5f55 \u94f0\u94fe\u7c7b \u94f0\u94fe\u7c7b\" width=\"750\" height=\"214\" srcset=\"https:\/\/www.maxavegroup.com\/wp-content\/uploads\/2025\/04\/\u8d44\u6e90-22@300x-100.jpg 750w, https:\/\/www.maxavegroup.com\/wp-content\/uploads\/2025\/04\/\u8d44\u6e90-22@300x-100-18x5.jpg 18w\" sizes=\"(max-width: 750px) 100vw, 750px\" \/><\/p>\n<p><img decoding=\"async\" class=\"size-medium wp-image-32524 aligncenter\" title=\"\u6f2b\u5a01\u76ee\u5f55 \u94f0\u94fe\u7c7b \u94f0\u94fe\u7c7b\" src=\"https:\/\/www.maxavegroup.com\/wp-content\/uploads\/2025\/04\/\u8d44\u6e90-20@300x-100.jpg\" alt=\"\u6f2b\u5a01\u76ee\u5f55 \u94f0\u94fe\u7c7b \u94f0\u94fe\u7c7b\" width=\"750\" height=\"252\" srcset=\"https:\/\/www.maxavegroup.com\/wp-content\/uploads\/2025\/04\/\u8d44\u6e90-20@300x-100.jpg 750w, https:\/\/www.maxavegroup.com\/wp-content\/uploads\/2025\/04\/\u8d44\u6e90-20@300x-100-18x6.jpg 18w\" sizes=\"(max-width: 750px) 100vw, 750px\" \/><\/p>\n<p>&nbsp;<\/p>\n<p>&nbsp;<\/p>\n<p>&nbsp;<\/p>\n<p>&nbsp;<\/p>\n<p>&nbsp;<\/p>\n<h5 class=\"description-heading\"><span style=\"font-size: 16pt; color: #c30d23;\">PDF dokumentum<\/span><\/h5>\n<hr style=\"width: 300px; border: 0.3px solid #C30D23; margin-bottom: 30px; text-align: left; display: block;\" \/>\n<div class=\"pdf-links\"><a class=\"pdf-link\" href=\"https:\/\/www.maxavegroup.com\/wp-content\/uploads\/2025\/03\/\u94f0\u94fe\u7c7b-Furniture-hinge.pdf\"><br \/>\n<i class=\"fas fa-file-pdf\"><\/i><br \/>\nB\u00fatorcsukl\u00f3 2024<br \/>\n<\/a><br \/>\n<a class=\"pdf-link\" href=\"https:\/\/www.maxavegroup.com\/wp-content\/uploads\/2025\/02\/Maxave.pdf\"><br \/>\n<\/a><a class=\"pdf-link\" href=\"https:\/\/www.maxavegroup.com\/wp-content\/uploads\/2025\/02\/Maxave.pdf\"><br \/>\n<\/a><br \/>\n<!-- \u53ef\u4ee5\u7ee7\u7eed\u6dfb\u52a0\u66f4\u591a\u6587\u6863\u94fe\u63a5 --><\/div>","protected":false},"excerpt":{"rendered":"<p>-T\u00edpus: T\u00cdPUS: \u03a635MM CSUKL\u00d3S CSUKL\u00d3P\u00c1NT<\/p>\n<p>-Modellsz\u00e1m\uff1a: M02121<\/p>\n<p>-Teljes \u00e1tfed\u00e9s, F\u00e9lig \u00e1tfed\u00e9s, Beillesztve<\/p>\n<p>-Anyag: vas<\/p>\n<p>-Finish\uff1aNickel plated<\/p>\n<p>-A csukl\u00f3cs\u00e9sze \u00e1tm\u00e9r\u0151je: 35 mm<\/p>\n<p>-Nyitotts\u00e1gi fok: 105\u00b0<\/p>\n<p>-Ajt\u00f3 vastags\u00e1ga: 14-20mm<\/p>\n<p>-V\u00e1laszthat\u00f3 lemez\uff1a 2 lyuk vagy 4 lyuk<\/p>\n<p>-S\u00f3sz\u00f3r\u00f3 teszt: 48 \u00f3r\u00e1s tesztel\u00e9s ut\u00e1n el\u00e9rheti a 9-es fokozatot<\/p>\n<p>-Tan\u00fas\u00edtv\u00e1ny: 2000: SGS ISO 9001:2000<\/p>","protected":false},"featured_media":32518,"comment_status":"open","ping_status":"closed","template":"","meta":[],"product_brand":[],"product_cat":[449,425,426,430,399,400,417,421,419,420,423,418,422],"product_tag":[],"heavydutyslides":[],"products":[],"class_list":{"0":"post-32508","1":"product","2":"type-product","3":"status-publish","4":"has-post-thumbnail","6":"product_cat-regular-furniture-hinges","7":"product_cat-application","8":"product_cat-kitchen","9":"product_cat-office","10":"product_cat-products","11":"product_cat-furniture-hinges","12":"product_cat-region","13":"product_cat-mexico","14":"product_cat-eastern-europecentral-asia","15":"product_cat-north-america","16":"product_cat-middle-east","17":"product_cat-western-europe","18":"product_cat-south-america","20":"first","21":"instock","22":"shipping-taxable","23":"purchasable","24":"product-type-variable"},"acf":[],"gallery_images":[32517,32519,32520,32521],"yoast_head":"<!-- This site is optimized with the Yoast SEO Premium plugin v20.5 (Yoast SEO v20.8) - https:\/\/yoast.com\/wordpress\/plugins\/seo\/ -->\n<title>\u03a635MM SLIDE ON HINGE | Maxave<\/title>\n<meta name=\"robots\" content=\"index, follow, max-snippet:-1, max-image-preview:large, max-video-preview:-1\" \/>\n<link rel=\"canonical\" href=\"https:\/\/www.maxavegroup.com\/hu\/termek\/\u03c635mm-slide-on-hinge\/\" \/>\n<meta property=\"og:locale\" content=\"hu_HU\" \/>\n<meta property=\"og:type\" content=\"article\" \/>\n<meta property=\"og:title\" content=\"\u03a635MM SLIDE ON HINGE\" \/>\n<meta property=\"og:description\" content=\"-Type: \u03a635MM SLIDE ON HINGE  -Model number\uff1a: M02121  -Full overlay, Half overlay, Inserted  -Material\uff1aIron  -Finish\uff1aNickel plated  -Diameter of hinge cup\uff1a35mm  -Open degree\uff1a105\u00b0  -Door thickness\uff1a14-20mm  -Optional plate\uff1a\u00a02 holes or 4 holes  -Salt spray test: can reach grade 9 after 48 hours of test  -Certificate: SGS ISO 9001:2000\" \/>\n<meta property=\"og:url\" content=\"https:\/\/www.maxavegroup.com\/hu\/termek\/\u03c635mm-slide-on-hinge\/\" \/>\n<meta property=\"og:site_name\" content=\"Maxave\" \/>\n<meta property=\"article:modified_time\" content=\"2025-07-04T02:51:44+00:00\" \/>\n<meta property=\"og:image\" content=\"https:\/\/www.maxavegroup.com\/wp-content\/uploads\/2025\/04\/1-1.jpg\" \/>\n\t<meta property=\"og:image:width\" content=\"800\" \/>\n\t<meta property=\"og:image:height\" content=\"800\" \/>\n\t<meta property=\"og:image:type\" content=\"image\/jpeg\" \/>\n<meta name=\"twitter:card\" content=\"summary_large_image\" \/>\n<meta name=\"twitter:label1\" content=\"Becs\u00fclt olvas\u00e1si id\u0151\" \/>\n\t<meta name=\"twitter:data1\" content=\"2 perc\" \/>\n<script type=\"application\/ld+json\" class=\"yoast-schema-graph\">{\"@context\":\"https:\/\/schema.org\",\"@graph\":[{\"@type\":\"WebPage\",\"@id\":\"https:\/\/www.maxavegroup.com\/hu\/termek\/%cf%8635mm-slide-on-hinge\/\",\"url\":\"https:\/\/www.maxavegroup.com\/hu\/termek\/%cf%8635mm-slide-on-hinge\/\",\"name\":\"\u03a635MM SLIDE ON HINGE | Maxave\",\"isPartOf\":{\"@id\":\"https:\/\/www.maxavegroup.com\/hu\/#website\"},\"datePublished\":\"2025-04-24T01:58:09+00:00\",\"dateModified\":\"2025-07-04T02:51:44+00:00\",\"breadcrumb\":{\"@id\":\"https:\/\/www.maxavegroup.com\/hu\/termek\/%cf%8635mm-slide-on-hinge\/#breadcrumb\"},\"inLanguage\":\"hu\",\"potentialAction\":[{\"@type\":\"ReadAction\",\"target\":[\"https:\/\/www.maxavegroup.com\/hu\/termek\/%cf%8635mm-slide-on-hinge\/\"]}]},{\"@type\":\"BreadcrumbList\",\"@id\":\"https:\/\/www.maxavegroup.com\/hu\/termek\/%cf%8635mm-slide-on-hinge\/#breadcrumb\",\"itemListElement\":[{\"@type\":\"ListItem\",\"position\":1,\"name\":\"Home\",\"item\":\"https:\/\/www.maxavegroup.com\/\"},{\"@type\":\"ListItem\",\"position\":2,\"name\":\"Shop\",\"item\":\"https:\/\/www.maxavegroup.com\/shop\/\"},{\"@type\":\"ListItem\",\"position\":3,\"name\":\"\u03a635MM SLIDE ON HINGE\"}]},{\"@type\":\"WebSite\",\"@id\":\"https:\/\/www.maxavegroup.com\/hu\/#website\",\"url\":\"https:\/\/www.maxavegroup.com\/hu\/\",\"name\":\"Maxave\",\"description\":\"\",\"publisher\":{\"@id\":\"https:\/\/www.maxavegroup.com\/hu\/#organization\"},\"potentialAction\":[{\"@type\":\"SearchAction\",\"target\":{\"@type\":\"EntryPoint\",\"urlTemplate\":\"https:\/\/www.maxavegroup.com\/hu\/?s={search_term_string}\"},\"query-input\":\"required name=search_term_string\"}],\"inLanguage\":\"hu\"},{\"@type\":\"Organization\",\"@id\":\"https:\/\/www.maxavegroup.com\/hu\/#organization\",\"name\":\"Maxave Furniture Manufacturing\",\"url\":\"https:\/\/www.maxavegroup.com\/hu\/\",\"logo\":{\"@type\":\"ImageObject\",\"inLanguage\":\"hu\",\"@id\":\"https:\/\/www.maxavegroup.com\/hu\/#\/schema\/logo\/image\/\",\"url\":\"https:\/\/www.maxavegroup.com\/wp-content\/uploads\/2022\/05\/maxave-VI.png\",\"contentUrl\":\"https:\/\/www.maxavegroup.com\/wp-content\/uploads\/2022\/05\/maxave-VI.png\",\"width\":3043,\"height\":913,\"caption\":\"Maxave Furniture Manufacturing\"},\"image\":{\"@id\":\"https:\/\/www.maxavegroup.com\/hu\/#\/schema\/logo\/image\/\"}}]}<\/script>\n<!-- \/ Yoast SEO Premium plugin. -->","yoast_head_json":{"title":"\u03a635MM SLIDE ON HINGE | Maxave","robots":{"index":"index","follow":"follow","max-snippet":"max-snippet:-1","max-image-preview":"max-image-preview:large","max-video-preview":"max-video-preview:-1"},"canonical":"https:\/\/www.maxavegroup.com\/hu\/termek\/\u03c635mm-slide-on-hinge\/","og_locale":"hu_HU","og_type":"article","og_title":"\u03a635MM SLIDE ON HINGE","og_description":"-Type: \u03a635MM SLIDE ON HINGE  -Model number\uff1a: M02121  -Full overlay, Half overlay, Inserted  -Material\uff1aIron  -Finish\uff1aNickel plated  -Diameter of hinge cup\uff1a35mm  -Open degree\uff1a105\u00b0  -Door thickness\uff1a14-20mm  -Optional plate\uff1a\u00a02 holes or 4 holes  -Salt spray test: can reach grade 9 after 48 hours of test  -Certificate: SGS ISO 9001:2000","og_url":"https:\/\/www.maxavegroup.com\/hu\/termek\/\u03c635mm-slide-on-hinge\/","og_site_name":"Maxave","article_modified_time":"2025-07-04T02:51:44+00:00","og_image":[{"width":800,"height":800,"url":"https:\/\/www.maxavegroup.com\/wp-content\/uploads\/2025\/04\/1-1.jpg","type":"image\/jpeg"}],"twitter_card":"summary_large_image","twitter_misc":{"Becs\u00fclt olvas\u00e1si id\u0151":"2 perc"},"schema":{"@context":"https:\/\/schema.org","@graph":[{"@type":"WebPage","@id":"https:\/\/www.maxavegroup.com\/hu\/termek\/%cf%8635mm-slide-on-hinge\/","url":"https:\/\/www.maxavegroup.com\/hu\/termek\/%cf%8635mm-slide-on-hinge\/","name":"\u03a635MM SLIDE ON HINGE | Maxave","isPartOf":{"@id":"https:\/\/www.maxavegroup.com\/hu\/#website"},"datePublished":"2025-04-24T01:58:09+00:00","dateModified":"2025-07-04T02:51:44+00:00","breadcrumb":{"@id":"https:\/\/www.maxavegroup.com\/hu\/termek\/%cf%8635mm-slide-on-hinge\/#breadcrumb"},"inLanguage":"hu","potentialAction":[{"@type":"ReadAction","target":["https:\/\/www.maxavegroup.com\/hu\/termek\/%cf%8635mm-slide-on-hinge\/"]}]},{"@type":"BreadcrumbList","@id":"https:\/\/www.maxavegroup.com\/hu\/termek\/%cf%8635mm-slide-on-hinge\/#breadcrumb","itemListElement":[{"@type":"ListItem","position":1,"name":"Home","item":"https:\/\/www.maxavegroup.com\/"},{"@type":"ListItem","position":2,"name":"Shop","item":"https:\/\/www.maxavegroup.com\/shop\/"},{"@type":"ListItem","position":3,"name":"\u03a635MM SLIDE ON HINGE"}]},{"@type":"WebSite","@id":"https:\/\/www.maxavegroup.com\/hu\/#website","url":"https:\/\/www.maxavegroup.com\/hu\/","name":"Maxave","description":"","publisher":{"@id":"https:\/\/www.maxavegroup.com\/hu\/#organization"},"potentialAction":[{"@type":"SearchAction","target":{"@type":"EntryPoint","urlTemplate":"https:\/\/www.maxavegroup.com\/hu\/?s={search_term_string}"},"query-input":"required name=search_term_string"}],"inLanguage":"hu"},{"@type":"Organization","@id":"https:\/\/www.maxavegroup.com\/hu\/#organization","name":"Maxave Furniture Manufacturing","url":"https:\/\/www.maxavegroup.com\/hu\/","logo":{"@type":"ImageObject","inLanguage":"hu","@id":"https:\/\/www.maxavegroup.com\/hu\/#\/schema\/logo\/image\/","url":"https:\/\/www.maxavegroup.com\/wp-content\/uploads\/2022\/05\/maxave-VI.png","contentUrl":"https:\/\/www.maxavegroup.com\/wp-content\/uploads\/2022\/05\/maxave-VI.png","width":3043,"height":913,"caption":"Maxave Furniture Manufacturing"},"image":{"@id":"https:\/\/www.maxavegroup.com\/hu\/#\/schema\/logo\/image\/"}}]}},"_links":{"self":[{"href":"https:\/\/www.maxavegroup.com\/hu\/wp-json\/wp\/v2\/product\/32508","targetHints":{"allow":["GET"]}}],"collection":[{"href":"https:\/\/www.maxavegroup.com\/hu\/wp-json\/wp\/v2\/product"}],"about":[{"href":"https:\/\/www.maxavegroup.com\/hu\/wp-json\/wp\/v2\/types\/product"}],"replies":[{"embeddable":true,"href":"https:\/\/www.maxavegroup.com\/hu\/wp-json\/wp\/v2\/comments?post=32508"}],"wp:featuredmedia":[{"embeddable":true,"href":"https:\/\/www.maxavegroup.com\/hu\/wp-json\/wp\/v2\/media\/32518"}],"wp:attachment":[{"href":"https:\/\/www.maxavegroup.com\/hu\/wp-json\/wp\/v2\/media?parent=32508"}],"wp:term":[{"taxonomy":"product_brand","embeddable":true,"href":"https:\/\/www.maxavegroup.com\/hu\/wp-json\/wp\/v2\/product_brand?post=32508"},{"taxonomy":"product_cat","embeddable":true,"href":"https:\/\/www.maxavegroup.com\/hu\/wp-json\/wp\/v2\/product_cat?post=32508"},{"taxonomy":"product_tag","embeddable":true,"href":"https:\/\/www.maxavegroup.com\/hu\/wp-json\/wp\/v2\/product_tag?post=32508"},{"taxonomy":"heavydutyslides","embeddable":true,"href":"https:\/\/www.maxavegroup.com\/hu\/wp-json\/wp\/v2\/heavydutyslides?post=32508"},{"taxonomy":"products","embeddable":true,"href":"https:\/\/www.maxavegroup.com\/hu\/wp-json\/wp\/v2\/products?post=32508"}],"curies":[{"name":"wp","href":"https:\/\/api.w.org\/{rel}","templated":true}]}}