{"id":32818,"date":"2025-04-24T15:25:46","date_gmt":"2025-04-24T07:25:46","guid":{"rendered":"https:\/\/www.maxavegroup.com\/?post_type=product&#038;p=32818"},"modified":"2025-07-04T10:11:53","modified_gmt":"2025-07-04T02:11:53","slug":"45mm-side-mounting-push-to-open-ballbearing-slide","status":"publish","type":"product","link":"https:\/\/www.maxavegroup.com\/hu\/termek\/45mm-side-mounting-push-to-open-ballbearing-slide\/","title":{"rendered":"45 MM-ES OLDALS\u00d3 R\u00d6GZ\u00cdT\u00c9S\u0170, KINYITHAT\u00d3 GOLY\u00d3SCSAP\u00c1GYAS CS\u00daSZKA"},"content":{"rendered":"<h5 class=\"description-heading\"><span style=\"font-size: 16pt; color: #c30d23;\">Term\u00e9kinform\u00e1ci\u00f3.<\/span><\/h5>\n<hr style=\"width: 300px; border: 0.3px solid #C30D23; margin-bottom: 30px; text-align: left; display: block;\" \/>\n<table style=\"border-collapse: collapse; width: 96.3723%; height: 232px;\" border=\"0\" width=\"323\" cellspacing=\"0\" cellpadding=\"0\">\n<tbody>\n<tr>\n<td style=\"width: 45.4893%;\" width=\"188\">Modellsz\u00e1m\uff1a<\/td>\n<td style=\"width: 54.3578%;\" width=\"270\">M03410<\/td>\n<\/tr>\n<tr>\n<td style=\"width: 45.4893%;\">Anyag: -<\/td>\n<td style=\"width: 54.3578%;\">ac\u00e9l<\/td>\n<\/tr>\n<tr>\n<td style=\"width: 45.4893%;\">Befejez\u00e9s<\/td>\n<td style=\"width: 54.3578%;\">K\u00e9k cinkpecs\u00e9t\/elektrofor\u00e9zis fekete<\/td>\n<\/tr>\n<tr>\n<td style=\"width: 45.4893%;\" width=\"188\">Sz\u00e9less\u00e9g<\/td>\n<td style=\"width: 54.3578%;\" width=\"427\">45mm<\/td>\n<\/tr>\n<tr>\n<td style=\"width: 45.4893%;\">Vastags\u00e1g:<\/td>\n<td style=\"width: 54.3578%;\">1.0*1.0*1.2<\/td>\n<\/tr>\n<tr>\n<td style=\"width: 45.4893%;\">Specifik\u00e1ci\u00f3:<\/td>\n<td style=\"width: 54.3578%;\" width=\"427\">450mm (250mm-600mm)<\/td>\n<\/tr>\n<tr>\n<td style=\"width: 45.4893%;\">Rakod\u00e1si kapacit\u00e1s:<\/td>\n<td style=\"width: 54.3578%;\">30kg<\/td>\n<\/tr>\n<tr style=\"height: 16.80pt;\">\n<td style=\"height: 16.8pt; width: 45.4893%;\" height=\"16\"><\/td>\n<td style=\"width: 54.3578%;\"><\/td>\n<\/tr>\n<\/tbody>\n<\/table>\n<div><\/div>\n<div>\n<div class=\"mceTemp\"><\/div>\n<\/div>\n<h5 class=\"description-heading\"><span style=\"font-size: 16pt; color: #c30d23;\">Csomagol\u00e1si inform\u00e1ci\u00f3.<\/span><\/h5>\n<hr style=\"width: 300px; border: 0.3px solid #C30D23; margin-bottom: 30px; text-align: left; display: block;\" \/>\n<table style=\"width: 95.1287%; height: 125px;\" width=\"323\">\n<tbody>\n<tr>\n<td style=\"width: 46.0108%;\" width=\"188\">\u00a0MENNYIS\u00c9G\/CTN\uff1a<\/td>\n<td style=\"width: 53.3695%;\" width=\"427\">15<\/td>\n<\/tr>\n<tr>\n<td style=\"width: 46.0108%;\">\u00a0G.W\/CTN\uff1a<\/td>\n<td style=\"width: 53.3695%;\">16.6KG<\/td>\n<\/tr>\n<tr>\n<td style=\"width: 46.0108%;\">\u00a0Egys\u00e9g CBM\uff1a<\/td>\n<td style=\"width: 53.3695%;\">0.01<\/td>\n<\/tr>\n<tr style=\"height: 24px;\">\n<td style=\"width: 46.0108%; height: 24px;\"><\/td>\n<td style=\"width: 53.3695%; height: 24px;\"><\/td>\n<\/tr>\n<\/tbody>\n<\/table>\n<h5 class=\"description-heading\"><span style=\"font-size: 16pt; color: #c30d23;\">M\u0171szaki rajz<\/span><\/h5>\n<hr style=\"width: 300px; border: 0.3px solid #C30D23; margin-bottom: 30px; text-align: left; display: block;\" \/>\n<figure id=\"attachment_32823\" aria-describedby=\"caption-attachment-32823\" style=\"width: 1855px\" class=\"wp-caption alignnone\"><img decoding=\"async\" class=\"size-full wp-image-32823\" title=\"\u8d44\u6e90 15@300x 100\" src=\"https:\/\/www.maxavegroup.com\/wp-content\/uploads\/2025\/04\/\u8d44\u6e90-15@300x-100-2.jpg\" alt=\"\u8d44\u6e90 15@300x 100\" width=\"1855\" height=\"781\" srcset=\"https:\/\/www.maxavegroup.com\/wp-content\/uploads\/2025\/04\/\u8d44\u6e90-15@300x-100-2.jpg 1855w, https:\/\/www.maxavegroup.com\/wp-content\/uploads\/2025\/04\/\u8d44\u6e90-15@300x-100-2-1536x647.jpg 1536w, https:\/\/www.maxavegroup.com\/wp-content\/uploads\/2025\/04\/\u8d44\u6e90-15@300x-100-2-18x8.jpg 18w\" sizes=\"(max-width: 1855px) 100vw, 1855px\" \/><figcaption id=\"caption-attachment-32823\" class=\"wp-caption-text\">\u8d44\u6e90 15@300x 100<\/figcaption><\/figure>\n<h5><\/h5>\n<h5 class=\"description-heading\"><span style=\"font-size: 16pt; color: #c30d23;\">PDF dokumentum<\/span><\/h5>\n<hr style=\"width: 300px; border: 0.3px solid #C30D23; margin-bottom: 30px; text-align: left; display: block;\" \/>\n<div class=\"pdf-links\"><a class=\"pdf-link\" href=\"https:\/\/www.maxavegroup.com\/wp-content\/uploads\/2025\/03\/\u6ed1\u8f68\u7c7b-Drawer-slide-1.pdf\"><br \/>\n<i class=\"fas fa-file-pdf\"><\/i><br \/>\nFi\u00f3kos fut\u00f3 katal\u00f3gus 2024<br \/>\n<\/a><a class=\"pdf-link\" href=\"https:\/\/www.maxavegroup.com\/wp-content\/uploads\/2025\/02\/Maxave.pdf\"><br \/>\n<\/a><br \/>\n<!-- \u53ef\u4ee5\u7ee7\u7eed\u6dfb\u52a0\u66f4\u591a\u6587\u6863\u94fe\u63a5 --><\/div>","protected":false},"excerpt":{"rendered":"<p>-T\u00edpus: 45 MM-ES OLDALS\u00d3 R\u00d6GZ\u00cdT\u00c9S\u0170, NYOM\u00d3CSAP\u00c1GYAS GOLY\u00d3SCS\u00daSZKA<\/p>\n<p>-Modellsz\u00e1m: M03410<\/p>\n<p>-Anyag: ac\u00e9l<\/p>\n<p>-Finish\uff1aK\u00e9k cink t\u00f6m\u00edt\u00e9s\/elektrofor\u00e9zis fekete<\/p>\n<p>-vastags\u00e1g: 1.0*1.0*1.2<\/p>\n<p>-Specifik\u00e1ci\u00f3: (250mm-600mm)<\/p>\n<p>-Bet\u00f6lt\u00e9si kapacit\u00e1s: 30KG<\/p>\n<p>-S\u00f3sz\u00f3r\u00f3 teszt: 48 \u00f3r\u00e1s tesztel\u00e9s ut\u00e1n el\u00e9rheti a 9-es fokozatot<\/p>\n<p>-Tan\u00fas\u00edtv\u00e1ny: 2000: SGS ISO 9001:2000<\/p>","protected":false},"featured_media":32824,"comment_status":"open","ping_status":"closed","template":"","meta":[],"product_brand":[],"product_cat":[447,448,446,425,427,426,428,430,399,401,402,417,421,419,420,423,422],"product_tag":[],"heavydutyslides":[],"products":[],"class_list":{"0":"post-32818","1":"product","2":"type-product","3":"status-publish","4":"has-post-thumbnail","6":"product_cat-ball-bearing-drawer-slides","7":"product_cat-push-to-open-drawer-slides","8":"product_cat-side-mount-drawer-slides","9":"product_cat-application","10":"product_cat-bedroom","11":"product_cat-kitchen","12":"product_cat-living-room","13":"product_cat-office","14":"product_cat-products","15":"product_cat-drawer-runners","16":"product_cat-ball-bearing-slides","17":"product_cat-region","18":"product_cat-mexico","19":"product_cat-eastern-europecentral-asia","20":"product_cat-north-america","21":"product_cat-middle-east","22":"product_cat-south-america","24":"first","25":"instock","26":"shipping-taxable","27":"purchasable","28":"product-type-variable"},"acf":[],"gallery_images":[32825,32826,32827,32828],"yoast_head":"<!-- This site is optimized with the Yoast SEO Premium plugin v20.5 (Yoast SEO v20.8) - https:\/\/yoast.com\/wordpress\/plugins\/seo\/ -->\n<title>45MM SIDE MOUNTING PUSH TO OPEN BALL BEARING SLIDE | Maxave<\/title>\n<meta name=\"robots\" content=\"index, follow, max-snippet:-1, max-image-preview:large, max-video-preview:-1\" \/>\n<link rel=\"canonical\" href=\"https:\/\/www.maxavegroup.com\/hu\/termek\/45mm-side-mounting-push-to-open-ballbearing-slide\/\" \/>\n<meta property=\"og:locale\" content=\"hu_HU\" \/>\n<meta property=\"og:type\" content=\"article\" \/>\n<meta property=\"og:title\" content=\"45MM SIDE MOUNTING PUSH TO OPEN BALL BEARING SLIDE\" \/>\n<meta property=\"og:description\" content=\"-Type: 45MM SIDE MOUNTING PUSH TO OPEN BALLBEARING SLIDE  -Model number\uff1aM03410  -Material\uff1aSteel  -Finish\uff1aBlue zinc seal\/electrophoresis black  -Thickness: 1.0*1.0*1.2  -Specification: 400mm(250mm-600mm)  -Loading Capacity: 30KG  -Salt spray test: can reach grade 9 after 48 hours of test  -Certificate: SGS ISO 9001:2000\" \/>\n<meta property=\"og:url\" content=\"https:\/\/www.maxavegroup.com\/hu\/termek\/45mm-side-mounting-push-to-open-ballbearing-slide\/\" \/>\n<meta property=\"og:site_name\" content=\"Maxave\" \/>\n<meta property=\"article:modified_time\" content=\"2025-07-04T02:11:53+00:00\" \/>\n<meta property=\"og:image\" content=\"https:\/\/www.maxavegroup.com\/wp-content\/uploads\/2025\/04\/P1499183.jpg\" \/>\n\t<meta property=\"og:image:width\" content=\"800\" \/>\n\t<meta property=\"og:image:height\" content=\"800\" \/>\n\t<meta property=\"og:image:type\" content=\"image\/jpeg\" \/>\n<meta name=\"twitter:card\" content=\"summary_large_image\" \/>\n<meta name=\"twitter:label1\" content=\"Becs\u00fclt olvas\u00e1si id\u0151\" \/>\n\t<meta name=\"twitter:data1\" content=\"1 perc\" \/>\n<script type=\"application\/ld+json\" class=\"yoast-schema-graph\">{\"@context\":\"https:\/\/schema.org\",\"@graph\":[{\"@type\":\"WebPage\",\"@id\":\"https:\/\/www.maxavegroup.com\/hu\/termek\/45mm-side-mounting-push-to-open-ballbearing-slide\/\",\"url\":\"https:\/\/www.maxavegroup.com\/hu\/termek\/45mm-side-mounting-push-to-open-ballbearing-slide\/\",\"name\":\"45MM SIDE MOUNTING PUSH TO OPEN BALL BEARING SLIDE | Maxave\",\"isPartOf\":{\"@id\":\"https:\/\/www.maxavegroup.com\/hu\/#website\"},\"datePublished\":\"2025-04-24T07:25:46+00:00\",\"dateModified\":\"2025-07-04T02:11:53+00:00\",\"breadcrumb\":{\"@id\":\"https:\/\/www.maxavegroup.com\/hu\/termek\/45mm-side-mounting-push-to-open-ballbearing-slide\/#breadcrumb\"},\"inLanguage\":\"hu\",\"potentialAction\":[{\"@type\":\"ReadAction\",\"target\":[\"https:\/\/www.maxavegroup.com\/hu\/termek\/45mm-side-mounting-push-to-open-ballbearing-slide\/\"]}]},{\"@type\":\"BreadcrumbList\",\"@id\":\"https:\/\/www.maxavegroup.com\/hu\/termek\/45mm-side-mounting-push-to-open-ballbearing-slide\/#breadcrumb\",\"itemListElement\":[{\"@type\":\"ListItem\",\"position\":1,\"name\":\"Home\",\"item\":\"https:\/\/www.maxavegroup.com\/\"},{\"@type\":\"ListItem\",\"position\":2,\"name\":\"Shop\",\"item\":\"https:\/\/www.maxavegroup.com\/shop\/\"},{\"@type\":\"ListItem\",\"position\":3,\"name\":\"45MM SIDE MOUNTING PUSH TO OPEN BALL BEARING SLIDE\"}]},{\"@type\":\"WebSite\",\"@id\":\"https:\/\/www.maxavegroup.com\/hu\/#website\",\"url\":\"https:\/\/www.maxavegroup.com\/hu\/\",\"name\":\"Maxave\",\"description\":\"\",\"publisher\":{\"@id\":\"https:\/\/www.maxavegroup.com\/hu\/#organization\"},\"potentialAction\":[{\"@type\":\"SearchAction\",\"target\":{\"@type\":\"EntryPoint\",\"urlTemplate\":\"https:\/\/www.maxavegroup.com\/hu\/?s={search_term_string}\"},\"query-input\":\"required name=search_term_string\"}],\"inLanguage\":\"hu\"},{\"@type\":\"Organization\",\"@id\":\"https:\/\/www.maxavegroup.com\/hu\/#organization\",\"name\":\"Maxave Furniture Manufacturing\",\"url\":\"https:\/\/www.maxavegroup.com\/hu\/\",\"logo\":{\"@type\":\"ImageObject\",\"inLanguage\":\"hu\",\"@id\":\"https:\/\/www.maxavegroup.com\/hu\/#\/schema\/logo\/image\/\",\"url\":\"https:\/\/www.maxavegroup.com\/wp-content\/uploads\/2022\/05\/maxave-VI.png\",\"contentUrl\":\"https:\/\/www.maxavegroup.com\/wp-content\/uploads\/2022\/05\/maxave-VI.png\",\"width\":3043,\"height\":913,\"caption\":\"Maxave Furniture Manufacturing\"},\"image\":{\"@id\":\"https:\/\/www.maxavegroup.com\/hu\/#\/schema\/logo\/image\/\"}}]}<\/script>\n<!-- \/ Yoast SEO Premium plugin. -->","yoast_head_json":{"title":"45MM SIDE MOUNTING PUSH TO OPEN BALL BEARING SLIDE | Maxave","robots":{"index":"index","follow":"follow","max-snippet":"max-snippet:-1","max-image-preview":"max-image-preview:large","max-video-preview":"max-video-preview:-1"},"canonical":"https:\/\/www.maxavegroup.com\/hu\/termek\/45mm-side-mounting-push-to-open-ballbearing-slide\/","og_locale":"hu_HU","og_type":"article","og_title":"45MM SIDE MOUNTING PUSH TO OPEN BALL BEARING SLIDE","og_description":"-Type: 45MM SIDE MOUNTING PUSH TO OPEN BALLBEARING SLIDE  -Model number\uff1aM03410  -Material\uff1aSteel  -Finish\uff1aBlue zinc seal\/electrophoresis black  -Thickness: 1.0*1.0*1.2  -Specification: 400mm(250mm-600mm)  -Loading Capacity: 30KG  -Salt spray test: can reach grade 9 after 48 hours of test  -Certificate: SGS ISO 9001:2000","og_url":"https:\/\/www.maxavegroup.com\/hu\/termek\/45mm-side-mounting-push-to-open-ballbearing-slide\/","og_site_name":"Maxave","article_modified_time":"2025-07-04T02:11:53+00:00","og_image":[{"width":800,"height":800,"url":"https:\/\/www.maxavegroup.com\/wp-content\/uploads\/2025\/04\/P1499183.jpg","type":"image\/jpeg"}],"twitter_card":"summary_large_image","twitter_misc":{"Becs\u00fclt olvas\u00e1si id\u0151":"1 perc"},"schema":{"@context":"https:\/\/schema.org","@graph":[{"@type":"WebPage","@id":"https:\/\/www.maxavegroup.com\/hu\/termek\/45mm-side-mounting-push-to-open-ballbearing-slide\/","url":"https:\/\/www.maxavegroup.com\/hu\/termek\/45mm-side-mounting-push-to-open-ballbearing-slide\/","name":"45MM SIDE MOUNTING PUSH TO OPEN BALL BEARING SLIDE | Maxave","isPartOf":{"@id":"https:\/\/www.maxavegroup.com\/hu\/#website"},"datePublished":"2025-04-24T07:25:46+00:00","dateModified":"2025-07-04T02:11:53+00:00","breadcrumb":{"@id":"https:\/\/www.maxavegroup.com\/hu\/termek\/45mm-side-mounting-push-to-open-ballbearing-slide\/#breadcrumb"},"inLanguage":"hu","potentialAction":[{"@type":"ReadAction","target":["https:\/\/www.maxavegroup.com\/hu\/termek\/45mm-side-mounting-push-to-open-ballbearing-slide\/"]}]},{"@type":"BreadcrumbList","@id":"https:\/\/www.maxavegroup.com\/hu\/termek\/45mm-side-mounting-push-to-open-ballbearing-slide\/#breadcrumb","itemListElement":[{"@type":"ListItem","position":1,"name":"Home","item":"https:\/\/www.maxavegroup.com\/"},{"@type":"ListItem","position":2,"name":"Shop","item":"https:\/\/www.maxavegroup.com\/shop\/"},{"@type":"ListItem","position":3,"name":"45MM SIDE MOUNTING PUSH TO OPEN BALL BEARING SLIDE"}]},{"@type":"WebSite","@id":"https:\/\/www.maxavegroup.com\/hu\/#website","url":"https:\/\/www.maxavegroup.com\/hu\/","name":"Maxave","description":"","publisher":{"@id":"https:\/\/www.maxavegroup.com\/hu\/#organization"},"potentialAction":[{"@type":"SearchAction","target":{"@type":"EntryPoint","urlTemplate":"https:\/\/www.maxavegroup.com\/hu\/?s={search_term_string}"},"query-input":"required name=search_term_string"}],"inLanguage":"hu"},{"@type":"Organization","@id":"https:\/\/www.maxavegroup.com\/hu\/#organization","name":"Maxave Furniture Manufacturing","url":"https:\/\/www.maxavegroup.com\/hu\/","logo":{"@type":"ImageObject","inLanguage":"hu","@id":"https:\/\/www.maxavegroup.com\/hu\/#\/schema\/logo\/image\/","url":"https:\/\/www.maxavegroup.com\/wp-content\/uploads\/2022\/05\/maxave-VI.png","contentUrl":"https:\/\/www.maxavegroup.com\/wp-content\/uploads\/2022\/05\/maxave-VI.png","width":3043,"height":913,"caption":"Maxave Furniture Manufacturing"},"image":{"@id":"https:\/\/www.maxavegroup.com\/hu\/#\/schema\/logo\/image\/"}}]}},"_links":{"self":[{"href":"https:\/\/www.maxavegroup.com\/hu\/wp-json\/wp\/v2\/product\/32818","targetHints":{"allow":["GET"]}}],"collection":[{"href":"https:\/\/www.maxavegroup.com\/hu\/wp-json\/wp\/v2\/product"}],"about":[{"href":"https:\/\/www.maxavegroup.com\/hu\/wp-json\/wp\/v2\/types\/product"}],"replies":[{"embeddable":true,"href":"https:\/\/www.maxavegroup.com\/hu\/wp-json\/wp\/v2\/comments?post=32818"}],"wp:featuredmedia":[{"embeddable":true,"href":"https:\/\/www.maxavegroup.com\/hu\/wp-json\/wp\/v2\/media\/32824"}],"wp:attachment":[{"href":"https:\/\/www.maxavegroup.com\/hu\/wp-json\/wp\/v2\/media?parent=32818"}],"wp:term":[{"taxonomy":"product_brand","embeddable":true,"href":"https:\/\/www.maxavegroup.com\/hu\/wp-json\/wp\/v2\/product_brand?post=32818"},{"taxonomy":"product_cat","embeddable":true,"href":"https:\/\/www.maxavegroup.com\/hu\/wp-json\/wp\/v2\/product_cat?post=32818"},{"taxonomy":"product_tag","embeddable":true,"href":"https:\/\/www.maxavegroup.com\/hu\/wp-json\/wp\/v2\/product_tag?post=32818"},{"taxonomy":"heavydutyslides","embeddable":true,"href":"https:\/\/www.maxavegroup.com\/hu\/wp-json\/wp\/v2\/heavydutyslides?post=32818"},{"taxonomy":"products","embeddable":true,"href":"https:\/\/www.maxavegroup.com\/hu\/wp-json\/wp\/v2\/products?post=32818"}],"curies":[{"name":"wp","href":"https:\/\/api.w.org\/{rel}","templated":true}]}}