{"id":33013,"date":"2025-04-25T14:27:49","date_gmt":"2025-04-25T06:27:49","guid":{"rendered":"https:\/\/www.maxavegroup.com\/?post_type=product&#038;p=33013"},"modified":"2025-07-03T16:05:47","modified_gmt":"2025-07-03T08:05:47","slug":"single-extension-soft-closing-concealed-slide-with-3d-handle-american-type","status":"publish","type":"product","link":"https:\/\/www.maxavegroup.com\/hu\/termek\/single-extension-soft-closing-concealed-slide-with-3d-handle-american-type\/","title":{"rendered":"TELJESEN KIH\u00daZHAT\u00d3, L\u00c1GYAN Z\u00c1R\u00d3D\u00d3 REJTETT TOL\u00d3Z\u00c1R 3D FOGANTY\u00daVAL -AMERIKAI T\u00cdPUS"},"content":{"rendered":"<h5 class=\"description-heading\"><span style=\"font-size: 16pt; color: #c30d23;\">Term\u00e9kinform\u00e1ci\u00f3.<\/span><\/h5>\n<hr style=\"width: 300px; border: 0.3px solid #C30D23; margin-bottom: 30px; text-align: left; display: block;\" \/>\n<table style=\"border-collapse: collapse; width: 96.3723%; height: 175px;\" border=\"0\" width=\"323\" cellspacing=\"0\" cellpadding=\"0\">\n<tbody>\n<tr>\n<td style=\"width: 47.9358%;\" width=\"214\">Modellsz\u00e1m\uff1a<\/td>\n<td style=\"width: 51.9877%;\" width=\"390\">M03619<\/td>\n<\/tr>\n<tr>\n<td style=\"width: 47.9358%;\">Anyag: -<\/td>\n<td style=\"width: 51.9877%;\">Horganyzott lemez + m\u0171anyag<\/td>\n<\/tr>\n<tr>\n<td style=\"width: 47.9358%;\">Vastags\u00e1g:<\/td>\n<td style=\"width: 51.9877%;\">1.8\/1.5\/1.0<\/td>\n<\/tr>\n<tr>\n<td style=\"width: 47.9358%;\">Specifik\u00e1ci\u00f3:<\/td>\n<td style=\"width: 51.9877%;\">300MM\/375MM\/457MM\/525MM<\/td>\n<\/tr>\n<\/tbody>\n<\/table>\n<div><\/div>\n<div>\n<div class=\"mceTemp\"><\/div>\n<\/div>\n<h5 class=\"description-heading\"><span style=\"font-size: 16pt; color: #c30d23;\">Csomagol\u00e1si inform\u00e1ci\u00f3.<\/span><\/h5>\n<hr style=\"width: 300px; border: 0.3px solid #C30D23; margin-bottom: 30px; text-align: left; display: block;\" \/>\n<table style=\"width: 95.1287%; height: 125px;\" width=\"323\">\n<tbody>\n<tr>\n<td style=\"width: 48.1022%;\" width=\"214\">\u00a0MENNYIS\u00c9G\/CTN\uff1a<\/td>\n<td style=\"width: 51.2781%;\" width=\"390\">6 p\u00e1r<\/td>\n<\/tr>\n<tr>\n<td style=\"width: 48.1022%;\">\u00a0G.W\/CTN\uff1a<\/td>\n<td style=\"width: 51.2781%;\">17.73KG<\/td>\n<\/tr>\n<tr>\n<td style=\"width: 48.1022%;\">\u00a0Egys\u00e9g CBM\uff1a<\/td>\n<td style=\"width: 51.2781%;\">59.5*21*13.7<\/td>\n<\/tr>\n<\/tbody>\n<\/table>\n<h5 class=\"description-heading\"><\/h5>\n<h5><\/h5>\n<h5 class=\"description-heading\"><span style=\"font-size: 16pt; color: #c30d23;\">PDF dokumentum<\/span><\/h5>\n<hr style=\"width: 300px; border: 0.3px solid #C30D23; margin-bottom: 30px; text-align: left; display: block;\" \/>\n<div class=\"pdf-links\"><a class=\"pdf-link\" href=\"https:\/\/www.maxavegroup.com\/wp-content\/uploads\/2025\/03\/\u9a91\u9a6c\u62bd\u9690\u85cf\u8f68-Drawer-system.pdf\"><br \/>\n<i class=\"fas fa-file-pdf\"><\/i><br \/>\nFi\u00f3krendszer katal\u00f3gus 2024<br \/>\n<\/a><a class=\"pdf-link\" href=\"https:\/\/www.maxavegroup.com\/wp-content\/uploads\/2025\/02\/Maxave.pdf\"><br \/>\n<\/a><br \/>\n<!-- \u53ef\u4ee5\u7ee7\u7eed\u6dfb\u52a0\u66f4\u591a\u6587\u6863\u94fe\u63a5 --><\/div>","protected":false},"excerpt":{"rendered":"<p>-T\u00edpus: AMERIKAI T\u00cdPUS: EGYSZERES HOSSZABB\u00cdT\u00c1S\u00da, L\u00c1GYAN Z\u00c1R\u00d3D\u00d3, REJTETT TOL\u00d3Z\u00c1R 3D FOGANTY\u00daVAL -AMERIKAI T\u00cdPUS<\/p>\n<p>-Modellsz\u00e1m: M03619<\/p>\n<p>-Anyag: horganyzott lemez+m\u0171anyag<\/p>\n<p>-vastags\u00e1g: 1.8\/1.5\/1.0<\/p>\n<p>-Specifik\u00e1ci\u00f3: 300MM\/375MM\/457MM\/525MM<\/p>\n<p>-S\u00f3sz\u00f3r\u00f3 teszt: 48 \u00f3r\u00e1s tesztel\u00e9s ut\u00e1n el\u00e9rheti a 9-es fokozatot<\/p>\n<p>-Tan\u00fas\u00edtv\u00e1ny: 2000: SGS ISO 9001:2000<\/p>","protected":false},"featured_media":33018,"comment_status":"open","ping_status":"closed","template":"","meta":[],"product_brand":[],"product_cat":[445,443,425,429,427,426,428,399,403,417,419,420,423,422],"product_tag":[],"heavydutyslides":[],"products":[],"class_list":{"0":"post-33013","1":"product","2":"type-product","3":"status-publish","4":"has-post-thumbnail","6":"product_cat-full-extension-drawer-slides","7":"product_cat-soft-close-drawer-slides","8":"product_cat-application","9":"product_cat-bathroom","10":"product_cat-bedroom","11":"product_cat-kitchen","12":"product_cat-living-room","13":"product_cat-products","14":"product_cat-drawer-system","15":"product_cat-region","16":"product_cat-eastern-europecentral-asia","17":"product_cat-north-america","18":"product_cat-middle-east","19":"product_cat-south-america","21":"first","22":"instock","23":"shipping-taxable","24":"purchasable","25":"product-type-variable"},"acf":[],"gallery_images":[33022,33023,33019,33012,33020],"yoast_head":"<!-- This site is optimized with the Yoast SEO Premium plugin v20.5 (Yoast SEO v20.8) - https:\/\/yoast.com\/wordpress\/plugins\/seo\/ -->\n<title>FULL EXTENSION SOFT CLOSING CONCEALED SLIDE WITH 3D HANDLE -AMERICAN TYPE | Maxave<\/title>\n<meta name=\"robots\" content=\"index, follow, max-snippet:-1, max-image-preview:large, max-video-preview:-1\" \/>\n<link rel=\"canonical\" href=\"https:\/\/www.maxavegroup.com\/hu\/termek\/single-extension-soft-closing-concealed-slide-with-3d-handle-american-type\/\" \/>\n<meta property=\"og:locale\" content=\"hu_HU\" \/>\n<meta property=\"og:type\" content=\"article\" \/>\n<meta property=\"og:title\" content=\"FULL EXTENSION SOFT CLOSING CONCEALED SLIDE WITH 3D HANDLE -AMERICAN TYPE\" \/>\n<meta property=\"og:description\" content=\"-Type: SINGLE EXTENSION SOFT CLOSING CONCEALED SLIDE WITH 3D HANDLE -AMERICAN TYPE  -Model number\uff1aM03619  -Material\uff1aGalvanized sheet+plastic  -Thickness: 1.8\/1.5\/1.0  -Specification: 300MM\/375MM\/457MM\/525MM  -Salt spray test: can reach grade 9 after 48 hours of test  -Certificate: SGS ISO 9001:2000\" \/>\n<meta property=\"og:url\" content=\"https:\/\/www.maxavegroup.com\/hu\/termek\/single-extension-soft-closing-concealed-slide-with-3d-handle-american-type\/\" \/>\n<meta property=\"og:site_name\" content=\"Maxave\" \/>\n<meta property=\"article:modified_time\" content=\"2025-07-03T08:05:47+00:00\" \/>\n<meta property=\"og:image\" content=\"https:\/\/www.maxavegroup.com\/wp-content\/uploads\/2025\/04\/P1699100.jpg\" \/>\n\t<meta property=\"og:image:width\" content=\"800\" \/>\n\t<meta property=\"og:image:height\" content=\"800\" \/>\n\t<meta property=\"og:image:type\" content=\"image\/jpeg\" \/>\n<meta name=\"twitter:card\" content=\"summary_large_image\" \/>\n<meta name=\"twitter:label1\" content=\"Becs\u00fclt olvas\u00e1si id\u0151\" \/>\n\t<meta name=\"twitter:data1\" content=\"1 perc\" \/>\n<script type=\"application\/ld+json\" class=\"yoast-schema-graph\">{\"@context\":\"https:\/\/schema.org\",\"@graph\":[{\"@type\":\"WebPage\",\"@id\":\"https:\/\/www.maxavegroup.com\/hu\/termek\/single-extension-soft-closing-concealed-slide-with-3d-handle-american-type\/\",\"url\":\"https:\/\/www.maxavegroup.com\/hu\/termek\/single-extension-soft-closing-concealed-slide-with-3d-handle-american-type\/\",\"name\":\"FULL EXTENSION SOFT CLOSING CONCEALED SLIDE WITH 3D HANDLE -AMERICAN TYPE | Maxave\",\"isPartOf\":{\"@id\":\"https:\/\/www.maxavegroup.com\/hu\/#website\"},\"datePublished\":\"2025-04-25T06:27:49+00:00\",\"dateModified\":\"2025-07-03T08:05:47+00:00\",\"breadcrumb\":{\"@id\":\"https:\/\/www.maxavegroup.com\/hu\/termek\/single-extension-soft-closing-concealed-slide-with-3d-handle-american-type\/#breadcrumb\"},\"inLanguage\":\"hu\",\"potentialAction\":[{\"@type\":\"ReadAction\",\"target\":[\"https:\/\/www.maxavegroup.com\/hu\/termek\/single-extension-soft-closing-concealed-slide-with-3d-handle-american-type\/\"]}]},{\"@type\":\"BreadcrumbList\",\"@id\":\"https:\/\/www.maxavegroup.com\/hu\/termek\/single-extension-soft-closing-concealed-slide-with-3d-handle-american-type\/#breadcrumb\",\"itemListElement\":[{\"@type\":\"ListItem\",\"position\":1,\"name\":\"Home\",\"item\":\"https:\/\/www.maxavegroup.com\/\"},{\"@type\":\"ListItem\",\"position\":2,\"name\":\"Shop\",\"item\":\"https:\/\/www.maxavegroup.com\/shop\/\"},{\"@type\":\"ListItem\",\"position\":3,\"name\":\"FULL EXTENSION SOFT CLOSING CONCEALED SLIDE WITH 3D HANDLE -AMERICAN TYPE\"}]},{\"@type\":\"WebSite\",\"@id\":\"https:\/\/www.maxavegroup.com\/hu\/#website\",\"url\":\"https:\/\/www.maxavegroup.com\/hu\/\",\"name\":\"Maxave\",\"description\":\"\",\"publisher\":{\"@id\":\"https:\/\/www.maxavegroup.com\/hu\/#organization\"},\"potentialAction\":[{\"@type\":\"SearchAction\",\"target\":{\"@type\":\"EntryPoint\",\"urlTemplate\":\"https:\/\/www.maxavegroup.com\/hu\/?s={search_term_string}\"},\"query-input\":\"required name=search_term_string\"}],\"inLanguage\":\"hu\"},{\"@type\":\"Organization\",\"@id\":\"https:\/\/www.maxavegroup.com\/hu\/#organization\",\"name\":\"Maxave Furniture Manufacturing\",\"url\":\"https:\/\/www.maxavegroup.com\/hu\/\",\"logo\":{\"@type\":\"ImageObject\",\"inLanguage\":\"hu\",\"@id\":\"https:\/\/www.maxavegroup.com\/hu\/#\/schema\/logo\/image\/\",\"url\":\"https:\/\/www.maxavegroup.com\/wp-content\/uploads\/2022\/05\/maxave-VI.png\",\"contentUrl\":\"https:\/\/www.maxavegroup.com\/wp-content\/uploads\/2022\/05\/maxave-VI.png\",\"width\":3043,\"height\":913,\"caption\":\"Maxave Furniture Manufacturing\"},\"image\":{\"@id\":\"https:\/\/www.maxavegroup.com\/hu\/#\/schema\/logo\/image\/\"}}]}<\/script>\n<!-- \/ Yoast SEO Premium plugin. -->","yoast_head_json":{"title":"FULL EXTENSION SOFT CLOSING CONCEALED SLIDE WITH 3D HANDLE -AMERICAN TYPE | Maxave","robots":{"index":"index","follow":"follow","max-snippet":"max-snippet:-1","max-image-preview":"max-image-preview:large","max-video-preview":"max-video-preview:-1"},"canonical":"https:\/\/www.maxavegroup.com\/hu\/termek\/single-extension-soft-closing-concealed-slide-with-3d-handle-american-type\/","og_locale":"hu_HU","og_type":"article","og_title":"FULL EXTENSION SOFT CLOSING CONCEALED SLIDE WITH 3D HANDLE -AMERICAN TYPE","og_description":"-Type: SINGLE EXTENSION SOFT CLOSING CONCEALED SLIDE WITH 3D HANDLE -AMERICAN TYPE  -Model number\uff1aM03619  -Material\uff1aGalvanized sheet+plastic  -Thickness: 1.8\/1.5\/1.0  -Specification: 300MM\/375MM\/457MM\/525MM  -Salt spray test: can reach grade 9 after 48 hours of test  -Certificate: SGS ISO 9001:2000","og_url":"https:\/\/www.maxavegroup.com\/hu\/termek\/single-extension-soft-closing-concealed-slide-with-3d-handle-american-type\/","og_site_name":"Maxave","article_modified_time":"2025-07-03T08:05:47+00:00","og_image":[{"width":800,"height":800,"url":"https:\/\/www.maxavegroup.com\/wp-content\/uploads\/2025\/04\/P1699100.jpg","type":"image\/jpeg"}],"twitter_card":"summary_large_image","twitter_misc":{"Becs\u00fclt olvas\u00e1si id\u0151":"1 perc"},"schema":{"@context":"https:\/\/schema.org","@graph":[{"@type":"WebPage","@id":"https:\/\/www.maxavegroup.com\/hu\/termek\/single-extension-soft-closing-concealed-slide-with-3d-handle-american-type\/","url":"https:\/\/www.maxavegroup.com\/hu\/termek\/single-extension-soft-closing-concealed-slide-with-3d-handle-american-type\/","name":"FULL EXTENSION SOFT CLOSING CONCEALED SLIDE WITH 3D HANDLE -AMERICAN TYPE | Maxave","isPartOf":{"@id":"https:\/\/www.maxavegroup.com\/hu\/#website"},"datePublished":"2025-04-25T06:27:49+00:00","dateModified":"2025-07-03T08:05:47+00:00","breadcrumb":{"@id":"https:\/\/www.maxavegroup.com\/hu\/termek\/single-extension-soft-closing-concealed-slide-with-3d-handle-american-type\/#breadcrumb"},"inLanguage":"hu","potentialAction":[{"@type":"ReadAction","target":["https:\/\/www.maxavegroup.com\/hu\/termek\/single-extension-soft-closing-concealed-slide-with-3d-handle-american-type\/"]}]},{"@type":"BreadcrumbList","@id":"https:\/\/www.maxavegroup.com\/hu\/termek\/single-extension-soft-closing-concealed-slide-with-3d-handle-american-type\/#breadcrumb","itemListElement":[{"@type":"ListItem","position":1,"name":"Home","item":"https:\/\/www.maxavegroup.com\/"},{"@type":"ListItem","position":2,"name":"Shop","item":"https:\/\/www.maxavegroup.com\/shop\/"},{"@type":"ListItem","position":3,"name":"FULL EXTENSION SOFT CLOSING CONCEALED SLIDE WITH 3D HANDLE -AMERICAN TYPE"}]},{"@type":"WebSite","@id":"https:\/\/www.maxavegroup.com\/hu\/#website","url":"https:\/\/www.maxavegroup.com\/hu\/","name":"Maxave","description":"","publisher":{"@id":"https:\/\/www.maxavegroup.com\/hu\/#organization"},"potentialAction":[{"@type":"SearchAction","target":{"@type":"EntryPoint","urlTemplate":"https:\/\/www.maxavegroup.com\/hu\/?s={search_term_string}"},"query-input":"required name=search_term_string"}],"inLanguage":"hu"},{"@type":"Organization","@id":"https:\/\/www.maxavegroup.com\/hu\/#organization","name":"Maxave Furniture Manufacturing","url":"https:\/\/www.maxavegroup.com\/hu\/","logo":{"@type":"ImageObject","inLanguage":"hu","@id":"https:\/\/www.maxavegroup.com\/hu\/#\/schema\/logo\/image\/","url":"https:\/\/www.maxavegroup.com\/wp-content\/uploads\/2022\/05\/maxave-VI.png","contentUrl":"https:\/\/www.maxavegroup.com\/wp-content\/uploads\/2022\/05\/maxave-VI.png","width":3043,"height":913,"caption":"Maxave Furniture Manufacturing"},"image":{"@id":"https:\/\/www.maxavegroup.com\/hu\/#\/schema\/logo\/image\/"}}]}},"_links":{"self":[{"href":"https:\/\/www.maxavegroup.com\/hu\/wp-json\/wp\/v2\/product\/33013","targetHints":{"allow":["GET"]}}],"collection":[{"href":"https:\/\/www.maxavegroup.com\/hu\/wp-json\/wp\/v2\/product"}],"about":[{"href":"https:\/\/www.maxavegroup.com\/hu\/wp-json\/wp\/v2\/types\/product"}],"replies":[{"embeddable":true,"href":"https:\/\/www.maxavegroup.com\/hu\/wp-json\/wp\/v2\/comments?post=33013"}],"wp:featuredmedia":[{"embeddable":true,"href":"https:\/\/www.maxavegroup.com\/hu\/wp-json\/wp\/v2\/media\/33018"}],"wp:attachment":[{"href":"https:\/\/www.maxavegroup.com\/hu\/wp-json\/wp\/v2\/media?parent=33013"}],"wp:term":[{"taxonomy":"product_brand","embeddable":true,"href":"https:\/\/www.maxavegroup.com\/hu\/wp-json\/wp\/v2\/product_brand?post=33013"},{"taxonomy":"product_cat","embeddable":true,"href":"https:\/\/www.maxavegroup.com\/hu\/wp-json\/wp\/v2\/product_cat?post=33013"},{"taxonomy":"product_tag","embeddable":true,"href":"https:\/\/www.maxavegroup.com\/hu\/wp-json\/wp\/v2\/product_tag?post=33013"},{"taxonomy":"heavydutyslides","embeddable":true,"href":"https:\/\/www.maxavegroup.com\/hu\/wp-json\/wp\/v2\/heavydutyslides?post=33013"},{"taxonomy":"products","embeddable":true,"href":"https:\/\/www.maxavegroup.com\/hu\/wp-json\/wp\/v2\/products?post=33013"}],"curies":[{"name":"wp","href":"https:\/\/api.w.org\/{rel}","templated":true}]}}