{"id":32708,"date":"2025-04-24T13:55:57","date_gmt":"2025-04-24T05:55:57","guid":{"rendered":"https:\/\/www.maxavegroup.com\/?post_type=product&#038;p=32708"},"modified":"2025-07-04T10:42:56","modified_gmt":"2025-07-04T02:42:56","slug":"%cf%8635mm-4d-clip-on-soft-closing-hinge","status":"publish","type":"product","link":"https:\/\/www.maxavegroup.com\/pl\/produkt\/%cf%8635mm-4d-clip-on-soft-closing-hinge\/","title":{"rendered":"\u03a635MM 4D ZATRZASK NA ZAWIASIE Z MI\u0118KKIM ZAMKNI\u0118CIEM"},"content":{"rendered":"<h5 class=\"description-heading\"><span style=\"font-size: 16pt; color: #c30d23;\">Informacje o produkcie.<\/span><\/h5>\n<hr style=\"width: 300px; border: 0.3px solid #C30D23; margin-bottom: 30px; text-align: left; display: block;\" \/>\n<table style=\"border-collapse: collapse; width: 96.3723%; height: 129px;\" border=\"0\" width=\"323\" cellspacing=\"0\" cellpadding=\"0\">\n<tbody>\n<tr style=\"height: 17.00pt;\">\n<td class=\"et2\" style=\"height: 17px; width: 147.7pt;\" width=\"147\" height=\"17\">Numer modelu\uff1a<\/td>\n<td style=\"width: 175.7pt; height: 17px;\" width=\"175\">M02349<\/td>\n<\/tr>\n<tr style=\"height: 16.80pt;\">\n<td style=\"height: 16px;\" height=\"16\">Typ\uff1a<\/td>\n<td style=\"height: 16px;\">Pe\u0142na nak\u0142adka, Po\u0142owa nak\u0142adki, Wstawiona<\/td>\n<\/tr>\n<tr style=\"height: 16.80pt;\">\n<td style=\"height: 16px;\" height=\"16\">Materia\u0142\uff1a<\/td>\n<td style=\"height: 16px;\">\u017belazo<\/td>\n<\/tr>\n<tr style=\"height: 16.80pt;\">\n<td style=\"height: 16px;\" height=\"16\">Wyko\u0144czenie\uff1a<\/td>\n<td style=\"height: 16px;\">Niklowany<\/td>\n<\/tr>\n<tr style=\"height: 16.80pt;\">\n<td style=\"height: 16px;\" height=\"16\">\u015arednica miseczki zawiasu \uff1a<\/td>\n<td style=\"height: 16px;\">35 mm<\/td>\n<\/tr>\n<tr style=\"height: 16.80pt;\">\n<td style=\"height: 16px;\" height=\"16\">Stopie\u0144 otwarty\uff1a<\/td>\n<td style=\"height: 16px;\">105\u00b0<\/td>\n<\/tr>\n<tr style=\"height: 16.80pt;\">\n<td style=\"height: 16px;\" height=\"16\">Grubo\u015b\u0107 drzwi\uff1a<\/td>\n<td style=\"height: 16px;\">16-20 mm<\/td>\n<\/tr>\n<tr style=\"height: 16.80pt;\">\n<td style=\"height: 16px;\" height=\"16\">Opcjonalna p\u0142yta\uff1a<\/td>\n<td style=\"height: 16px;\">\u00a04 otwory<\/td>\n<\/tr>\n<\/tbody>\n<\/table>\n<div><\/div>\n<div><\/div>\n<div><\/div>\n<div><\/div>\n<div><\/div>\n<h5 class=\"description-heading\"><span style=\"font-size: 16pt; color: #c30d23;\">Informacje o opakowaniu.<\/span><\/h5>\n<hr style=\"width: 300px; border: 0.3px solid #C30D23; margin-bottom: 30px; text-align: left; display: block;\" \/>\n<table style=\"width: 95.1287%; height: 125px;\" width=\"323\">\n<tbody>\n<tr>\n<td style=\"width: 46.8629%;\" width=\"198\">\u00a0QTY\/CTN\uff1a<\/td>\n<td style=\"width: 52.5175%;\" width=\"268\">100 SZTUK<\/td>\n<\/tr>\n<tr>\n<td style=\"width: 46.8629%;\">\u00a0G.W\/CTN\uff1a<\/td>\n<td style=\"width: 52.5175%;\">10,65 KG<\/td>\n<\/tr>\n<tr>\n<td style=\"width: 46.8629%;\">\u00a0Jednostka CBM\uff1a<\/td>\n<td style=\"width: 52.5175%;\">0.017<\/td>\n<\/tr>\n<tr>\n<td style=\"width: 46.8629%;\">\u00a0\u0141adowanie QTY\uff1a<\/td>\n<td style=\"width: 52.5175%;\">150000 SZTUK<\/td>\n<\/tr>\n<\/tbody>\n<\/table>\n<h5 class=\"description-heading\"><span style=\"font-size: 16pt; color: #c30d23;\">Rysunek techniczny<\/span><\/h5>\n<hr style=\"width: 300px; border: 0.3px solid #C30D23; margin-bottom: 30px; text-align: left; display: block;\" \/>\n<p><img decoding=\"async\" class=\"size-medium wp-image-32525 aligncenter\" title=\"\u6f2b\u5a01\u76ee\u5f55 \u94f0\u94fe\u7c7b\" src=\"https:\/\/www.maxavegroup.com\/wp-content\/uploads\/2025\/04\/\u8d44\u6e90-21@300x-100.jpg\" alt=\"\u6f2b\u5a01\u76ee\u5f55 \u94f0\u94fe\u7c7b\" width=\"750\" height=\"178\" srcset=\"https:\/\/www.maxavegroup.com\/wp-content\/uploads\/2025\/04\/\u8d44\u6e90-21@300x-100.jpg 750w, https:\/\/www.maxavegroup.com\/wp-content\/uploads\/2025\/04\/\u8d44\u6e90-21@300x-100-18x4.jpg 18w\" sizes=\"(max-width: 750px) 100vw, 750px\" \/><\/p>\n<p><img decoding=\"async\" class=\"size-full wp-image-32523 aligncenter\" title=\"\u6f2b\u5a01\u76ee\u5f55 \u94f0\u94fe\u7c7b\" src=\"https:\/\/www.maxavegroup.com\/wp-content\/uploads\/2025\/04\/\u8d44\u6e90-19@300x-100.jpg\" alt=\"\u6f2b\u5a01\u76ee\u5f55 \u94f0\u94fe\u7c7b\" width=\"750\" height=\"276\" srcset=\"https:\/\/www.maxavegroup.com\/wp-content\/uploads\/2025\/04\/\u8d44\u6e90-19@300x-100.jpg 750w, https:\/\/www.maxavegroup.com\/wp-content\/uploads\/2025\/04\/\u8d44\u6e90-19@300x-100-18x7.jpg 18w\" sizes=\"(max-width: 750px) 100vw, 750px\" \/><\/p>\n<p><img decoding=\"async\" class=\"size-medium wp-image-32526 aligncenter\" style=\"font-size: 16px;\" title=\"\u6f2b\u5a01\u76ee\u5f55 \u94f0\u94fe\u7c7b\" src=\"https:\/\/www.maxavegroup.com\/wp-content\/uploads\/2025\/04\/\u8d44\u6e90-22@300x-100.jpg\" alt=\"\u6f2b\u5a01\u76ee\u5f55 \u94f0\u94fe\u7c7b\" width=\"750\" height=\"214\" srcset=\"https:\/\/www.maxavegroup.com\/wp-content\/uploads\/2025\/04\/\u8d44\u6e90-22@300x-100.jpg 750w, https:\/\/www.maxavegroup.com\/wp-content\/uploads\/2025\/04\/\u8d44\u6e90-22@300x-100-18x5.jpg 18w\" sizes=\"(max-width: 750px) 100vw, 750px\" \/><\/p>\n<p><img decoding=\"async\" class=\"size-medium wp-image-32524 aligncenter\" title=\"\u6f2b\u5a01\u76ee\u5f55 \u94f0\u94fe\u7c7b\" src=\"https:\/\/www.maxavegroup.com\/wp-content\/uploads\/2025\/04\/\u8d44\u6e90-20@300x-100.jpg\" alt=\"\u6f2b\u5a01\u76ee\u5f55 \u94f0\u94fe\u7c7b\" width=\"750\" height=\"252\" srcset=\"https:\/\/www.maxavegroup.com\/wp-content\/uploads\/2025\/04\/\u8d44\u6e90-20@300x-100.jpg 750w, https:\/\/www.maxavegroup.com\/wp-content\/uploads\/2025\/04\/\u8d44\u6e90-20@300x-100-18x6.jpg 18w\" sizes=\"(max-width: 750px) 100vw, 750px\" \/><\/p>\n<p>&nbsp;<\/p>\n<p>&nbsp;<\/p>\n<p>&nbsp;<\/p>\n<p>&nbsp;<\/p>\n<p>&nbsp;<\/p>\n<h5 class=\"description-heading\"><span style=\"font-size: 16pt; color: #c30d23;\">Dokument PDF<\/span><\/h5>\n<hr style=\"width: 300px; border: 0.3px solid #C30D23; margin-bottom: 30px; text-align: left; display: block;\" \/>\n<div class=\"pdf-links\"><a class=\"pdf-link\" href=\"https:\/\/www.maxavegroup.com\/wp-content\/uploads\/2025\/03\/\u94f0\u94fe\u7c7b-Furniture-hinge.pdf\"><br \/>\n<i class=\"fas fa-file-pdf\"><\/i><br \/>\nZawias meblowy 2024<br \/>\n<\/a><br \/>\n<a class=\"pdf-link\" href=\"https:\/\/www.maxavegroup.com\/wp-content\/uploads\/2025\/02\/Maxave.pdf\"><br \/>\n<\/a><a class=\"pdf-link\" href=\"https:\/\/www.maxavegroup.com\/wp-content\/uploads\/2025\/02\/Maxave.pdf\"><br \/>\n<\/a><br \/>\n<!-- \u53ef\u4ee5\u7ee7\u7eed\u6dfb\u52a0\u66f4\u591a\u6587\u6863\u94fe\u63a5 --><\/div>","protected":false},"excerpt":{"rendered":"<p>-Typ: \u03a635MM 4D ZATRZASK NA ZAWIASIE Z MI\u0118KKIM ZAMKNI\u0118CIEM<\/p>\n<p>-Numer modelu\uff1a: M02349<\/p>\n<p>-Pe\u0142na nak\u0142adka, Po\u0142owa nak\u0142adki, Wstawiona<\/p>\n<p>-Materia\u0142: \u017celazo<\/p>\n<p>-Wyko\u0144czenie: niklowane<\/p>\n<p>-\u015arednica os\u0142ony zawiasu: 35 mm<\/p>\n<p>-Stopie\u0144 otwarcia: 105\u00b0<\/p>\n<p>-Grubo\u015b\u0107 drzwi: 16-20 mm<\/p>\n<p>-Opcjonalna p\u0142yta: 4 otwory<\/p>\n<p>-Test rozpylania soli: mo\u017ce osi\u0105gn\u0105\u0107 stopie\u0144 9 po 48 godzinach testu<\/p>\n<p>-Certyfikat: SGS ISO 9001:2000<\/p>","protected":false},"featured_media":32713,"comment_status":"open","ping_status":"closed","template":"","meta":[],"product_brand":[],"product_cat":[450,425,426,430,399,400,417,419,423],"product_tag":[406,410],"heavydutyslides":[],"products":[],"class_list":{"0":"post-32708","1":"product","2":"type-product","3":"status-publish","4":"has-post-thumbnail","6":"product_cat-soft-closing-hinges","7":"product_cat-application","8":"product_cat-kitchen","9":"product_cat-office","10":"product_cat-products","11":"product_cat-furniture-hinges","12":"product_cat-region","13":"product_cat-eastern-europecentral-asia","14":"product_cat-middle-east","15":"product_tag-kitchen","16":"product_tag-office","18":"first","19":"instock","20":"shipping-taxable","21":"purchasable","22":"product-type-variable"},"acf":[],"gallery_images":[32714,32715,32716,32717],"yoast_head":"<!-- This site is optimized with the Yoast SEO Premium plugin v20.5 (Yoast SEO v20.8) - https:\/\/yoast.com\/wordpress\/plugins\/seo\/ -->\n<title>\u03a635MM 4D CLIP ON SOFT CLOSING HINGE | Maxave<\/title>\n<meta name=\"robots\" content=\"index, follow, max-snippet:-1, max-image-preview:large, max-video-preview:-1\" \/>\n<link rel=\"canonical\" href=\"https:\/\/www.maxavegroup.com\/pl\/produkt\/\u03c635mm-4d-clip-on-soft-closing-hinge\/\" \/>\n<meta property=\"og:locale\" content=\"pl_PL\" \/>\n<meta property=\"og:type\" content=\"article\" \/>\n<meta property=\"og:title\" content=\"\u03a635MM 4D CLIP ON SOFT CLOSING HINGE\" \/>\n<meta property=\"og:description\" content=\"-Type: \u03a635MM 4D CLIP ON SOFT CLOSING HINGE  -Model number\uff1a: M02349  -Full overlay, Half overlay, Inserted  -Material\uff1aIron  -Finish\uff1aNickel plated  -Diameter of hinge cup\uff1a35mm  -Open degree\uff1a105\u00b0  -Door thickness\uff1a16-20mm  -Optional plate\uff1a 4 holes  -Salt spray test: can reach grade 9 after 48 hours of test  -Certificate: SGS ISO 9001:2000\" \/>\n<meta property=\"og:url\" content=\"https:\/\/www.maxavegroup.com\/pl\/produkt\/\u03c635mm-4d-clip-on-soft-closing-hinge\/\" \/>\n<meta property=\"og:site_name\" content=\"Maxave\" \/>\n<meta property=\"article:modified_time\" content=\"2025-07-04T02:42:56+00:00\" \/>\n<meta property=\"og:image\" content=\"https:\/\/www.maxavegroup.com\/wp-content\/uploads\/2025\/04\/P1466820.jpg\" \/>\n\t<meta property=\"og:image:width\" content=\"2056\" \/>\n\t<meta property=\"og:image:height\" content=\"2056\" \/>\n\t<meta property=\"og:image:type\" content=\"image\/jpeg\" \/>\n<meta name=\"twitter:card\" content=\"summary_large_image\" \/>\n<meta name=\"twitter:label1\" content=\"Szacowany czas czytania\" \/>\n\t<meta name=\"twitter:data1\" content=\"2 minuty\" \/>\n<script type=\"application\/ld+json\" class=\"yoast-schema-graph\">{\"@context\":\"https:\/\/schema.org\",\"@graph\":[{\"@type\":\"WebPage\",\"@id\":\"https:\/\/www.maxavegroup.com\/pl\/produkt\/%cf%8635mm-4d-clip-on-soft-closing-hinge\/\",\"url\":\"https:\/\/www.maxavegroup.com\/pl\/produkt\/%cf%8635mm-4d-clip-on-soft-closing-hinge\/\",\"name\":\"\u03a635MM 4D CLIP ON SOFT CLOSING HINGE | Maxave\",\"isPartOf\":{\"@id\":\"https:\/\/www.maxavegroup.com\/pl\/#website\"},\"datePublished\":\"2025-04-24T05:55:57+00:00\",\"dateModified\":\"2025-07-04T02:42:56+00:00\",\"breadcrumb\":{\"@id\":\"https:\/\/www.maxavegroup.com\/pl\/produkt\/%cf%8635mm-4d-clip-on-soft-closing-hinge\/#breadcrumb\"},\"inLanguage\":\"pl-PL\",\"potentialAction\":[{\"@type\":\"ReadAction\",\"target\":[\"https:\/\/www.maxavegroup.com\/pl\/produkt\/%cf%8635mm-4d-clip-on-soft-closing-hinge\/\"]}]},{\"@type\":\"BreadcrumbList\",\"@id\":\"https:\/\/www.maxavegroup.com\/pl\/produkt\/%cf%8635mm-4d-clip-on-soft-closing-hinge\/#breadcrumb\",\"itemListElement\":[{\"@type\":\"ListItem\",\"position\":1,\"name\":\"Home\",\"item\":\"https:\/\/www.maxavegroup.com\/\"},{\"@type\":\"ListItem\",\"position\":2,\"name\":\"Shop\",\"item\":\"https:\/\/www.maxavegroup.com\/shop\/\"},{\"@type\":\"ListItem\",\"position\":3,\"name\":\"\u03a635MM 4D CLIP ON SOFT CLOSING HINGE\"}]},{\"@type\":\"WebSite\",\"@id\":\"https:\/\/www.maxavegroup.com\/pl\/#website\",\"url\":\"https:\/\/www.maxavegroup.com\/pl\/\",\"name\":\"Maxave\",\"description\":\"\",\"publisher\":{\"@id\":\"https:\/\/www.maxavegroup.com\/pl\/#organization\"},\"potentialAction\":[{\"@type\":\"SearchAction\",\"target\":{\"@type\":\"EntryPoint\",\"urlTemplate\":\"https:\/\/www.maxavegroup.com\/pl\/?s={search_term_string}\"},\"query-input\":\"required name=search_term_string\"}],\"inLanguage\":\"pl-PL\"},{\"@type\":\"Organization\",\"@id\":\"https:\/\/www.maxavegroup.com\/pl\/#organization\",\"name\":\"Maxave Furniture Manufacturing\",\"url\":\"https:\/\/www.maxavegroup.com\/pl\/\",\"logo\":{\"@type\":\"ImageObject\",\"inLanguage\":\"pl-PL\",\"@id\":\"https:\/\/www.maxavegroup.com\/pl\/#\/schema\/logo\/image\/\",\"url\":\"https:\/\/www.maxavegroup.com\/wp-content\/uploads\/2022\/05\/maxave-VI.png\",\"contentUrl\":\"https:\/\/www.maxavegroup.com\/wp-content\/uploads\/2022\/05\/maxave-VI.png\",\"width\":3043,\"height\":913,\"caption\":\"Maxave Furniture Manufacturing\"},\"image\":{\"@id\":\"https:\/\/www.maxavegroup.com\/pl\/#\/schema\/logo\/image\/\"}}]}<\/script>\n<!-- \/ Yoast SEO Premium plugin. -->","yoast_head_json":{"title":"\u03a635MM 4D CLIP ON SOFT CLOSING HINGE | Maxave","robots":{"index":"index","follow":"follow","max-snippet":"max-snippet:-1","max-image-preview":"max-image-preview:large","max-video-preview":"max-video-preview:-1"},"canonical":"https:\/\/www.maxavegroup.com\/pl\/produkt\/\u03c635mm-4d-clip-on-soft-closing-hinge\/","og_locale":"pl_PL","og_type":"article","og_title":"\u03a635MM 4D CLIP ON SOFT CLOSING HINGE","og_description":"-Type: \u03a635MM 4D CLIP ON SOFT CLOSING HINGE  -Model number\uff1a: M02349  -Full overlay, Half overlay, Inserted  -Material\uff1aIron  -Finish\uff1aNickel plated  -Diameter of hinge cup\uff1a35mm  -Open degree\uff1a105\u00b0  -Door thickness\uff1a16-20mm  -Optional plate\uff1a 4 holes  -Salt spray test: can reach grade 9 after 48 hours of test  -Certificate: SGS ISO 9001:2000","og_url":"https:\/\/www.maxavegroup.com\/pl\/produkt\/\u03c635mm-4d-clip-on-soft-closing-hinge\/","og_site_name":"Maxave","article_modified_time":"2025-07-04T02:42:56+00:00","og_image":[{"width":2056,"height":2056,"url":"https:\/\/www.maxavegroup.com\/wp-content\/uploads\/2025\/04\/P1466820.jpg","type":"image\/jpeg"}],"twitter_card":"summary_large_image","twitter_misc":{"Szacowany czas czytania":"2 minuty"},"schema":{"@context":"https:\/\/schema.org","@graph":[{"@type":"WebPage","@id":"https:\/\/www.maxavegroup.com\/pl\/produkt\/%cf%8635mm-4d-clip-on-soft-closing-hinge\/","url":"https:\/\/www.maxavegroup.com\/pl\/produkt\/%cf%8635mm-4d-clip-on-soft-closing-hinge\/","name":"\u03a635MM 4D CLIP ON SOFT CLOSING HINGE | Maxave","isPartOf":{"@id":"https:\/\/www.maxavegroup.com\/pl\/#website"},"datePublished":"2025-04-24T05:55:57+00:00","dateModified":"2025-07-04T02:42:56+00:00","breadcrumb":{"@id":"https:\/\/www.maxavegroup.com\/pl\/produkt\/%cf%8635mm-4d-clip-on-soft-closing-hinge\/#breadcrumb"},"inLanguage":"pl-PL","potentialAction":[{"@type":"ReadAction","target":["https:\/\/www.maxavegroup.com\/pl\/produkt\/%cf%8635mm-4d-clip-on-soft-closing-hinge\/"]}]},{"@type":"BreadcrumbList","@id":"https:\/\/www.maxavegroup.com\/pl\/produkt\/%cf%8635mm-4d-clip-on-soft-closing-hinge\/#breadcrumb","itemListElement":[{"@type":"ListItem","position":1,"name":"Home","item":"https:\/\/www.maxavegroup.com\/"},{"@type":"ListItem","position":2,"name":"Shop","item":"https:\/\/www.maxavegroup.com\/shop\/"},{"@type":"ListItem","position":3,"name":"\u03a635MM 4D CLIP ON SOFT CLOSING HINGE"}]},{"@type":"WebSite","@id":"https:\/\/www.maxavegroup.com\/pl\/#website","url":"https:\/\/www.maxavegroup.com\/pl\/","name":"Maxave","description":"","publisher":{"@id":"https:\/\/www.maxavegroup.com\/pl\/#organization"},"potentialAction":[{"@type":"SearchAction","target":{"@type":"EntryPoint","urlTemplate":"https:\/\/www.maxavegroup.com\/pl\/?s={search_term_string}"},"query-input":"required name=search_term_string"}],"inLanguage":"pl-PL"},{"@type":"Organization","@id":"https:\/\/www.maxavegroup.com\/pl\/#organization","name":"Maxave Furniture Manufacturing","url":"https:\/\/www.maxavegroup.com\/pl\/","logo":{"@type":"ImageObject","inLanguage":"pl-PL","@id":"https:\/\/www.maxavegroup.com\/pl\/#\/schema\/logo\/image\/","url":"https:\/\/www.maxavegroup.com\/wp-content\/uploads\/2022\/05\/maxave-VI.png","contentUrl":"https:\/\/www.maxavegroup.com\/wp-content\/uploads\/2022\/05\/maxave-VI.png","width":3043,"height":913,"caption":"Maxave Furniture Manufacturing"},"image":{"@id":"https:\/\/www.maxavegroup.com\/pl\/#\/schema\/logo\/image\/"}}]}},"_links":{"self":[{"href":"https:\/\/www.maxavegroup.com\/pl\/wp-json\/wp\/v2\/product\/32708","targetHints":{"allow":["GET"]}}],"collection":[{"href":"https:\/\/www.maxavegroup.com\/pl\/wp-json\/wp\/v2\/product"}],"about":[{"href":"https:\/\/www.maxavegroup.com\/pl\/wp-json\/wp\/v2\/types\/product"}],"replies":[{"embeddable":true,"href":"https:\/\/www.maxavegroup.com\/pl\/wp-json\/wp\/v2\/comments?post=32708"}],"wp:featuredmedia":[{"embeddable":true,"href":"https:\/\/www.maxavegroup.com\/pl\/wp-json\/wp\/v2\/media\/32713"}],"wp:attachment":[{"href":"https:\/\/www.maxavegroup.com\/pl\/wp-json\/wp\/v2\/media?parent=32708"}],"wp:term":[{"taxonomy":"product_brand","embeddable":true,"href":"https:\/\/www.maxavegroup.com\/pl\/wp-json\/wp\/v2\/product_brand?post=32708"},{"taxonomy":"product_cat","embeddable":true,"href":"https:\/\/www.maxavegroup.com\/pl\/wp-json\/wp\/v2\/product_cat?post=32708"},{"taxonomy":"product_tag","embeddable":true,"href":"https:\/\/www.maxavegroup.com\/pl\/wp-json\/wp\/v2\/product_tag?post=32708"},{"taxonomy":"heavydutyslides","embeddable":true,"href":"https:\/\/www.maxavegroup.com\/pl\/wp-json\/wp\/v2\/heavydutyslides?post=32708"},{"taxonomy":"products","embeddable":true,"href":"https:\/\/www.maxavegroup.com\/pl\/wp-json\/wp\/v2\/products?post=32708"}],"curies":[{"name":"wp","href":"https:\/\/api.w.org\/{rel}","templated":true}]}}