{"id":33100,"date":"2025-04-27T11:37:34","date_gmt":"2025-04-27T03:37:34","guid":{"rendered":"https:\/\/www.maxavegroup.com\/?post_type=product&#038;p=33100"},"modified":"2025-07-03T14:55:33","modified_gmt":"2025-07-03T06:55:33","slug":"b-type-soft-closing-glass-drawer-system","status":"publish","type":"product","link":"https:\/\/www.maxavegroup.com\/pl\/produkt\/b-type-soft-closing-glass-drawer-system\/","title":{"rendered":"SYSTEM SZKLANYCH SZUFLAD Z MI\u0118KKIM DOMYKANIEM TYPU B"},"content":{"rendered":"<h5 class=\"description-heading\"><span style=\"font-size: 16pt; color: #c30d23;\">Informacje o produkcie.<\/span><\/h5>\n<hr style=\"width: 300px; border: 0.3px solid #C30D23; margin-bottom: 30px; text-align: left; display: block;\" \/>\n<table style=\"border-collapse: collapse; width: 96.3723%; height: 168px;\" border=\"0\" width=\"323\" cellspacing=\"0\" cellpadding=\"0\">\n<tbody>\n<tr style=\"height: 42px;\">\n<td style=\"width: 48.4709%; height: 42px;\" width=\"214\">Numer modelu\uff1a<\/td>\n<td style=\"width: 51.4526%; height: 42px;\" width=\"390\">M24161<\/td>\n<\/tr>\n<tr style=\"height: 42px;\">\n<td style=\"width: 48.4709%; height: 42px;\">Opis:<\/td>\n<td style=\"width: 51.4526%; height: 42px;\">Szuflada z p\u0142yt\u0105 podwy\u017cszaj\u0105c\u0105 z matowego szk\u0142a<\/td>\n<\/tr>\n<tr style=\"height: 42px;\">\n<td style=\"width: 48.4709%; height: 42px;\">Specyfikacja:<\/td>\n<td style=\"width: 51.4526%; height: 42px;\">350MM\/400MM\/450MM\/500MM\/550MM<\/td>\n<\/tr>\n<\/tbody>\n<\/table>\n<div><\/div>\n<div>\n<div class=\"mceTemp\"><\/div>\n<\/div>\n<h5 class=\"description-heading\"><span style=\"font-size: 16pt; color: #c30d23;\">Informacje o opakowaniu.<\/span><\/h5>\n<hr style=\"width: 300px; border: 0.3px solid #C30D23; margin-bottom: 30px; text-align: left; display: block;\" \/>\n<table style=\"width: 95.1287%; height: 125px;\" width=\"323\">\n<tbody>\n<tr>\n<td style=\"width: 48.4121%;\" width=\"214\">\u00a0QTY\/CTN\uff1a<\/td>\n<td style=\"width: 50.9682%;\" width=\"390\">4 zestawy<\/td>\n<\/tr>\n<tr>\n<td style=\"width: 48.4121%;\">\u00a0G.W\/CTN\uff1a<\/td>\n<td style=\"width: 50.9682%;\">Prowadnica 400 mm \uff1a 16,3 kg<\/td>\n<\/tr>\n<tr>\n<td style=\"width: 48.4121%;\">\u00a0Jednostka CBM\uff1a<\/td>\n<td style=\"width: 50.9682%;\">Zje\u017cd\u017calnia 400 mm \uff1a 44,5 * 29,5 * 25,5<\/td>\n<\/tr>\n<\/tbody>\n<\/table>\n<h5 class=\"description-heading\"><\/h5>\n<h5><\/h5>\n<h5 class=\"description-heading\"><span style=\"font-size: 16pt; color: #c30d23;\">Dokument PDF<\/span><\/h5>\n<hr style=\"width: 300px; border: 0.3px solid #C30D23; margin-bottom: 30px; text-align: left; display: block;\" \/>\n<div class=\"pdf-links\"><a class=\"pdf-link\" href=\"https:\/\/www.maxavegroup.com\/wp-content\/uploads\/2025\/03\/\u9a91\u9a6c\u62bd\u9690\u85cf\u8f68-Drawer-system.pdf\"><br \/>\n<i class=\"fas fa-file-pdf\"><\/i><br \/>\nKatalog system\u00f3w szuflad 2024<br \/>\n<\/a><a class=\"pdf-link\" href=\"https:\/\/www.maxavegroup.com\/wp-content\/uploads\/2025\/02\/Maxave.pdf\"><br \/>\n<\/a><br \/>\n<!-- \u53ef\u4ee5\u7ee7\u7eed\u6dfb\u52a0\u66f4\u591a\u6587\u6863\u94fe\u63a5 --><\/div>","protected":false},"excerpt":{"rendered":"<p>-Typ: SYSTEM SZUFLAD SZKLANYCH Z MI\u0118KKIM ZAMYKANIEM TYPU B<\/p>\n<p>-Numer modelu\uff1aM24161<\/p>\n<p>-Materia\u0142: blacha stalowa na zimno<\/p>\n<p>-Opis: Szuflada z p\u0142yt\u0105 podwy\u017cszaj\u0105c\u0105 z matowego szk\u0142a<\/p>\n<p>-Specyfikacja: 350MM\/400MM\/450MM\/500MM\/550MM<\/p>\n<p>-Test rozpylania soli: mo\u017ce osi\u0105gn\u0105\u0107 stopie\u0144 9 po 48 godzinach testu<\/p>\n<p>-Certyfikat: SGS ISO 9001:2000<\/p>","protected":false},"featured_media":33105,"comment_status":"open","ping_status":"closed","template":"","meta":[],"product_brand":[],"product_cat":[443,425,429,427,426,428,399,403,417,423,422],"product_tag":[],"heavydutyslides":[],"products":[],"class_list":{"0":"post-33100","1":"product","2":"type-product","3":"status-publish","4":"has-post-thumbnail","6":"product_cat-soft-close-drawer-slides","7":"product_cat-application","8":"product_cat-bathroom","9":"product_cat-bedroom","10":"product_cat-kitchen","11":"product_cat-living-room","12":"product_cat-products","13":"product_cat-drawer-system","14":"product_cat-region","15":"product_cat-middle-east","16":"product_cat-south-america","18":"first","19":"instock","20":"shipping-taxable","21":"purchasable","22":"product-type-variable"},"acf":[],"gallery_images":[33106,33107,33108,33109],"yoast_head":"<!-- This site is optimized with the Yoast SEO Premium plugin v20.5 (Yoast SEO v20.8) - https:\/\/yoast.com\/wordpress\/plugins\/seo\/ -->\n<title>B-TYPE SOFT CLOSING GLASS DRAWER SYSTEM | Maxave<\/title>\n<meta name=\"robots\" content=\"index, follow, max-snippet:-1, max-image-preview:large, max-video-preview:-1\" \/>\n<link rel=\"canonical\" href=\"https:\/\/www.maxavegroup.com\/pl\/produkt\/b-type-soft-closing-glass-drawer-system\/\" \/>\n<meta property=\"og:locale\" content=\"pl_PL\" \/>\n<meta property=\"og:type\" content=\"article\" \/>\n<meta property=\"og:title\" content=\"B-TYPE SOFT CLOSING GLASS DRAWER SYSTEM\" \/>\n<meta property=\"og:description\" content=\"-Type: B-TYPE SOFT CLOSING GLASS DRAWER SYSTEM  -Model number\uff1aM24161  -Material\uff1aCold Steel Plate  -Description:\u00a0Drawer with frosted glass heightening plate  -Specification: 350MM\/400MM\/450MM\/500MM\/550MM  -Salt spray test: can reach grade 9 after 48 hours of test  -Certificate: SGS ISO 9001:2000\" \/>\n<meta property=\"og:url\" content=\"https:\/\/www.maxavegroup.com\/pl\/produkt\/b-type-soft-closing-glass-drawer-system\/\" \/>\n<meta property=\"og:site_name\" content=\"Maxave\" \/>\n<meta property=\"article:modified_time\" content=\"2025-07-03T06:55:33+00:00\" \/>\n<meta property=\"og:image\" content=\"https:\/\/www.maxavegroup.com\/wp-content\/uploads\/2025\/04\/P1700739.jpg\" \/>\n\t<meta property=\"og:image:width\" content=\"800\" \/>\n\t<meta property=\"og:image:height\" content=\"800\" \/>\n\t<meta property=\"og:image:type\" content=\"image\/jpeg\" \/>\n<meta name=\"twitter:card\" content=\"summary_large_image\" \/>\n<meta name=\"twitter:label1\" content=\"Szacowany czas czytania\" \/>\n\t<meta name=\"twitter:data1\" content=\"1 minuta\" \/>\n<script type=\"application\/ld+json\" class=\"yoast-schema-graph\">{\"@context\":\"https:\/\/schema.org\",\"@graph\":[{\"@type\":\"WebPage\",\"@id\":\"https:\/\/www.maxavegroup.com\/pl\/produkt\/b-type-soft-closing-glass-drawer-system\/\",\"url\":\"https:\/\/www.maxavegroup.com\/pl\/produkt\/b-type-soft-closing-glass-drawer-system\/\",\"name\":\"B-TYPE SOFT CLOSING GLASS DRAWER SYSTEM | Maxave\",\"isPartOf\":{\"@id\":\"https:\/\/www.maxavegroup.com\/pl\/#website\"},\"datePublished\":\"2025-04-27T03:37:34+00:00\",\"dateModified\":\"2025-07-03T06:55:33+00:00\",\"breadcrumb\":{\"@id\":\"https:\/\/www.maxavegroup.com\/pl\/produkt\/b-type-soft-closing-glass-drawer-system\/#breadcrumb\"},\"inLanguage\":\"pl-PL\",\"potentialAction\":[{\"@type\":\"ReadAction\",\"target\":[\"https:\/\/www.maxavegroup.com\/pl\/produkt\/b-type-soft-closing-glass-drawer-system\/\"]}]},{\"@type\":\"BreadcrumbList\",\"@id\":\"https:\/\/www.maxavegroup.com\/pl\/produkt\/b-type-soft-closing-glass-drawer-system\/#breadcrumb\",\"itemListElement\":[{\"@type\":\"ListItem\",\"position\":1,\"name\":\"Home\",\"item\":\"https:\/\/www.maxavegroup.com\/\"},{\"@type\":\"ListItem\",\"position\":2,\"name\":\"Shop\",\"item\":\"https:\/\/www.maxavegroup.com\/shop\/\"},{\"@type\":\"ListItem\",\"position\":3,\"name\":\"B-TYPE SOFT CLOSING GLASS DRAWER SYSTEM\"}]},{\"@type\":\"WebSite\",\"@id\":\"https:\/\/www.maxavegroup.com\/pl\/#website\",\"url\":\"https:\/\/www.maxavegroup.com\/pl\/\",\"name\":\"Maxave\",\"description\":\"\",\"publisher\":{\"@id\":\"https:\/\/www.maxavegroup.com\/pl\/#organization\"},\"potentialAction\":[{\"@type\":\"SearchAction\",\"target\":{\"@type\":\"EntryPoint\",\"urlTemplate\":\"https:\/\/www.maxavegroup.com\/pl\/?s={search_term_string}\"},\"query-input\":\"required name=search_term_string\"}],\"inLanguage\":\"pl-PL\"},{\"@type\":\"Organization\",\"@id\":\"https:\/\/www.maxavegroup.com\/pl\/#organization\",\"name\":\"Maxave Furniture Manufacturing\",\"url\":\"https:\/\/www.maxavegroup.com\/pl\/\",\"logo\":{\"@type\":\"ImageObject\",\"inLanguage\":\"pl-PL\",\"@id\":\"https:\/\/www.maxavegroup.com\/pl\/#\/schema\/logo\/image\/\",\"url\":\"https:\/\/www.maxavegroup.com\/wp-content\/uploads\/2022\/05\/maxave-VI.png\",\"contentUrl\":\"https:\/\/www.maxavegroup.com\/wp-content\/uploads\/2022\/05\/maxave-VI.png\",\"width\":3043,\"height\":913,\"caption\":\"Maxave Furniture Manufacturing\"},\"image\":{\"@id\":\"https:\/\/www.maxavegroup.com\/pl\/#\/schema\/logo\/image\/\"}}]}<\/script>\n<!-- \/ Yoast SEO Premium plugin. -->","yoast_head_json":{"title":"B-TYPE SOFT CLOSING GLASS DRAWER SYSTEM | Maxave","robots":{"index":"index","follow":"follow","max-snippet":"max-snippet:-1","max-image-preview":"max-image-preview:large","max-video-preview":"max-video-preview:-1"},"canonical":"https:\/\/www.maxavegroup.com\/pl\/produkt\/b-type-soft-closing-glass-drawer-system\/","og_locale":"pl_PL","og_type":"article","og_title":"B-TYPE SOFT CLOSING GLASS DRAWER SYSTEM","og_description":"-Type: B-TYPE SOFT CLOSING GLASS DRAWER SYSTEM  -Model number\uff1aM24161  -Material\uff1aCold Steel Plate  -Description:\u00a0Drawer with frosted glass heightening plate  -Specification: 350MM\/400MM\/450MM\/500MM\/550MM  -Salt spray test: can reach grade 9 after 48 hours of test  -Certificate: SGS ISO 9001:2000","og_url":"https:\/\/www.maxavegroup.com\/pl\/produkt\/b-type-soft-closing-glass-drawer-system\/","og_site_name":"Maxave","article_modified_time":"2025-07-03T06:55:33+00:00","og_image":[{"width":800,"height":800,"url":"https:\/\/www.maxavegroup.com\/wp-content\/uploads\/2025\/04\/P1700739.jpg","type":"image\/jpeg"}],"twitter_card":"summary_large_image","twitter_misc":{"Szacowany czas czytania":"1 minuta"},"schema":{"@context":"https:\/\/schema.org","@graph":[{"@type":"WebPage","@id":"https:\/\/www.maxavegroup.com\/pl\/produkt\/b-type-soft-closing-glass-drawer-system\/","url":"https:\/\/www.maxavegroup.com\/pl\/produkt\/b-type-soft-closing-glass-drawer-system\/","name":"B-TYPE SOFT CLOSING GLASS DRAWER SYSTEM | Maxave","isPartOf":{"@id":"https:\/\/www.maxavegroup.com\/pl\/#website"},"datePublished":"2025-04-27T03:37:34+00:00","dateModified":"2025-07-03T06:55:33+00:00","breadcrumb":{"@id":"https:\/\/www.maxavegroup.com\/pl\/produkt\/b-type-soft-closing-glass-drawer-system\/#breadcrumb"},"inLanguage":"pl-PL","potentialAction":[{"@type":"ReadAction","target":["https:\/\/www.maxavegroup.com\/pl\/produkt\/b-type-soft-closing-glass-drawer-system\/"]}]},{"@type":"BreadcrumbList","@id":"https:\/\/www.maxavegroup.com\/pl\/produkt\/b-type-soft-closing-glass-drawer-system\/#breadcrumb","itemListElement":[{"@type":"ListItem","position":1,"name":"Home","item":"https:\/\/www.maxavegroup.com\/"},{"@type":"ListItem","position":2,"name":"Shop","item":"https:\/\/www.maxavegroup.com\/shop\/"},{"@type":"ListItem","position":3,"name":"B-TYPE SOFT CLOSING GLASS DRAWER SYSTEM"}]},{"@type":"WebSite","@id":"https:\/\/www.maxavegroup.com\/pl\/#website","url":"https:\/\/www.maxavegroup.com\/pl\/","name":"Maxave","description":"","publisher":{"@id":"https:\/\/www.maxavegroup.com\/pl\/#organization"},"potentialAction":[{"@type":"SearchAction","target":{"@type":"EntryPoint","urlTemplate":"https:\/\/www.maxavegroup.com\/pl\/?s={search_term_string}"},"query-input":"required name=search_term_string"}],"inLanguage":"pl-PL"},{"@type":"Organization","@id":"https:\/\/www.maxavegroup.com\/pl\/#organization","name":"Maxave Furniture Manufacturing","url":"https:\/\/www.maxavegroup.com\/pl\/","logo":{"@type":"ImageObject","inLanguage":"pl-PL","@id":"https:\/\/www.maxavegroup.com\/pl\/#\/schema\/logo\/image\/","url":"https:\/\/www.maxavegroup.com\/wp-content\/uploads\/2022\/05\/maxave-VI.png","contentUrl":"https:\/\/www.maxavegroup.com\/wp-content\/uploads\/2022\/05\/maxave-VI.png","width":3043,"height":913,"caption":"Maxave Furniture Manufacturing"},"image":{"@id":"https:\/\/www.maxavegroup.com\/pl\/#\/schema\/logo\/image\/"}}]}},"_links":{"self":[{"href":"https:\/\/www.maxavegroup.com\/pl\/wp-json\/wp\/v2\/product\/33100","targetHints":{"allow":["GET"]}}],"collection":[{"href":"https:\/\/www.maxavegroup.com\/pl\/wp-json\/wp\/v2\/product"}],"about":[{"href":"https:\/\/www.maxavegroup.com\/pl\/wp-json\/wp\/v2\/types\/product"}],"replies":[{"embeddable":true,"href":"https:\/\/www.maxavegroup.com\/pl\/wp-json\/wp\/v2\/comments?post=33100"}],"wp:featuredmedia":[{"embeddable":true,"href":"https:\/\/www.maxavegroup.com\/pl\/wp-json\/wp\/v2\/media\/33105"}],"wp:attachment":[{"href":"https:\/\/www.maxavegroup.com\/pl\/wp-json\/wp\/v2\/media?parent=33100"}],"wp:term":[{"taxonomy":"product_brand","embeddable":true,"href":"https:\/\/www.maxavegroup.com\/pl\/wp-json\/wp\/v2\/product_brand?post=33100"},{"taxonomy":"product_cat","embeddable":true,"href":"https:\/\/www.maxavegroup.com\/pl\/wp-json\/wp\/v2\/product_cat?post=33100"},{"taxonomy":"product_tag","embeddable":true,"href":"https:\/\/www.maxavegroup.com\/pl\/wp-json\/wp\/v2\/product_tag?post=33100"},{"taxonomy":"heavydutyslides","embeddable":true,"href":"https:\/\/www.maxavegroup.com\/pl\/wp-json\/wp\/v2\/heavydutyslides?post=33100"},{"taxonomy":"products","embeddable":true,"href":"https:\/\/www.maxavegroup.com\/pl\/wp-json\/wp\/v2\/products?post=33100"}],"curies":[{"name":"wp","href":"https:\/\/api.w.org\/{rel}","templated":true}]}}