{"id":31839,"date":"2025-04-06T17:06:49","date_gmt":"2025-04-06T09:06:49","guid":{"rendered":"https:\/\/www.maxavegroup.com\/?post_type=product&#038;p=31839"},"modified":"2025-07-04T10:38:14","modified_gmt":"2025-07-04T02:38:14","slug":"%cf%8626mm-slide-on-hinge","status":"publish","type":"product","link":"https:\/\/www.maxavegroup.com\/pt\/produto\/%cf%8626mm-slide-on-hinge\/","title":{"rendered":"\u03a626MM DOBRADI\u00c7A DESLIZANTE"},"content":{"rendered":"<h5 class=\"description-heading\"><span style=\"font-size: 16pt; color: #c30d23;\">Informa\u00e7\u00f5es sobre o produto.<\/span><\/h5>\n<hr style=\"width: 300px; border: 0.3px solid #C30D23; margin-bottom: 30px; text-align: left; display: block;\" \/>\n<table style=\"border-collapse: collapse; width: 96.3723%; height: 232px;\" border=\"0\" width=\"323\" cellspacing=\"0\" cellpadding=\"0\">\n<tbody>\n<tr style=\"height: 17.00pt;\">\n<td class=\"et2\" style=\"height: 17.00pt; width: 147.70pt;\" width=\"147\" height=\"17\">N\u00famero do modelo\uff1a<\/td>\n<td style=\"width: 175.70pt;\" width=\"175\">M02105<\/td>\n<\/tr>\n<tr style=\"height: 16.80pt;\">\n<td style=\"height: 16.80pt;\" height=\"16\">Tipo\uff1a<\/td>\n<td>Sobreposi\u00e7\u00e3o total, Meia sobreposi\u00e7\u00e3o, Inserido<\/td>\n<\/tr>\n<tr style=\"height: 16.80pt;\">\n<td style=\"height: 16.80pt;\" height=\"16\">Material\uff1a<\/td>\n<td>Ferro<\/td>\n<\/tr>\n<tr style=\"height: 16.80pt;\">\n<td style=\"height: 16.80pt;\" height=\"16\">Acabamento\uff1a<\/td>\n<td>Niquelado<\/td>\n<\/tr>\n<tr style=\"height: 16.80pt;\">\n<td style=\"height: 16.80pt;\" height=\"16\">Di\u00e2metro do copo da dobradi\u00e7a\uff1a<\/td>\n<td>26 mm<\/td>\n<\/tr>\n<tr style=\"height: 16.80pt;\">\n<td style=\"height: 16.80pt;\" height=\"16\">Grau aberto\uff1a<\/td>\n<td>105\u00b0<\/td>\n<\/tr>\n<tr style=\"height: 16.80pt;\">\n<td style=\"height: 16.80pt;\" height=\"16\">Espessura da porta\uff1a<\/td>\n<td>12-15 mm<\/td>\n<\/tr>\n<tr style=\"height: 16.80pt;\">\n<td style=\"height: 16.80pt;\" height=\"16\">Placa opcional\uff1a<\/td>\n<td>2 furos ou 4 furos<\/td>\n<\/tr>\n<\/tbody>\n<\/table>\n<div><\/div>\n<div><\/div>\n<div><\/div>\n<div><\/div>\n<div><\/div>\n<h5 class=\"description-heading\"><span style=\"font-size: 16pt; color: #c30d23;\">Informa\u00e7\u00f5es sobre a embalagem.<\/span><\/h5>\n<hr style=\"width: 300px; border: 0.3px solid #C30D23; margin-bottom: 30px; text-align: left; display: block;\" \/>\n<table style=\"width: 95.1287%; height: 125px;\" width=\"323\">\n<tbody>\n<tr style=\"height: 24px;\">\n<td style=\"width: 45%; height: 24px;\" width=\"147\">\u00a0QTY\/CTN\uff1a<\/td>\n<td style=\"width: 52.1875%; height: 24px;\" width=\"175\">400 PE\u00c7AS<\/td>\n<\/tr>\n<tr style=\"height: 24px;\">\n<td style=\"width: 45%; height: 24px;\">\u00a0G.W\/CTN\uff1a<\/td>\n<td style=\"width: 52.1875%; height: 24px;\">13,2 KG<\/td>\n<\/tr>\n<tr style=\"height: 24px;\">\n<td style=\"width: 45%; height: 24px;\">\u00a0Unidade CBM\uff1a<\/td>\n<td style=\"width: 52.1875%; height: 24px;\">0,017 CBM<\/td>\n<\/tr>\n<tr style=\"height: 24px;\">\n<td style=\"width: 45%; height: 24px;\">\u00a0Carregando QTY\uff1a<\/td>\n<td style=\"width: 52.1875%; height: 24px;\">600000PCS<\/td>\n<\/tr>\n<\/tbody>\n<\/table>\n<h5 class=\"description-heading\"><span style=\"font-size: 16pt; color: #c30d23;\">Desenho t\u00e9cnico<\/span><\/h5>\n<hr style=\"width: 300px; border: 0.3px solid #C30D23; margin-bottom: 30px; text-align: left; display: block;\" \/>\n<p>&nbsp;<\/p>\n<p>&nbsp;<\/p>\n<p><img decoding=\"async\" class=\"size-full wp-image-32514\" title=\"M02105 1@300x\" src=\"https:\/\/www.maxavegroup.com\/wp-content\/uploads\/2025\/04\/M02105-1@300x-2.png\" alt=\"M02105 1@300x\" width=\"1055\" height=\"268\" srcset=\"https:\/\/www.maxavegroup.com\/wp-content\/uploads\/2025\/04\/M02105-1@300x-2.png 1055w, https:\/\/www.maxavegroup.com\/wp-content\/uploads\/2025\/04\/M02105-1@300x-2-18x5.png 18w\" sizes=\"(max-width: 1055px) 100vw, 1055px\" \/><\/p>\n<p><img decoding=\"async\" class=\"size-full wp-image-32513 aligncenter\" title=\"M02105@300x\" src=\"https:\/\/www.maxavegroup.com\/wp-content\/uploads\/2025\/04\/M02105@300x-2.png\" alt=\"M02105@300x\" width=\"1055\" height=\"379\" srcset=\"https:\/\/www.maxavegroup.com\/wp-content\/uploads\/2025\/04\/M02105@300x-2.png 1055w, https:\/\/www.maxavegroup.com\/wp-content\/uploads\/2025\/04\/M02105@300x-2-18x6.png 18w\" sizes=\"(max-width: 1055px) 100vw, 1055px\" \/><\/p>\n<p><img decoding=\"async\" class=\"size-full wp-image-32515\" title=\"M02105 2@300x\" src=\"https:\/\/www.maxavegroup.com\/wp-content\/uploads\/2025\/04\/M02105-2@300x-2.png\" alt=\"M02105 2@300x\" width=\"1055\" height=\"247\" srcset=\"https:\/\/www.maxavegroup.com\/wp-content\/uploads\/2025\/04\/M02105-2@300x-2.png 1055w, https:\/\/www.maxavegroup.com\/wp-content\/uploads\/2025\/04\/M02105-2@300x-2-18x4.png 18w\" sizes=\"(max-width: 1055px) 100vw, 1055px\" \/><\/p>\n<p>&nbsp;<\/p>\n<p>&nbsp;<\/p>\n<h5 class=\"description-heading\"><span style=\"font-size: 16pt; color: #c30d23;\">Documento PDF<\/span><\/h5>\n<hr style=\"width: 300px; border: 0.3px solid #C30D23; margin-bottom: 30px; text-align: left; display: block;\" \/>\n<div class=\"pdf-links\"><a class=\"pdf-link\" href=\"https:\/\/www.maxavegroup.com\/wp-content\/uploads\/2025\/03\/\u94f0\u94fe\u7c7b-Furniture-hinge.pdf\"><br \/>\n<i class=\"fas fa-file-pdf\"><\/i><br \/>\nDobradi\u00e7a para m\u00f3veis 2024<br \/>\n<\/a><br \/>\n<a class=\"pdf-link\" href=\"https:\/\/www.maxavegroup.com\/wp-content\/uploads\/2025\/02\/Maxave.pdf\"><br \/>\n<\/a><a class=\"pdf-link\" href=\"https:\/\/www.maxavegroup.com\/wp-content\/uploads\/2025\/02\/Maxave.pdf\"><br \/>\n<\/a><br \/>\n<!-- \u53ef\u4ee5\u7ee7\u7eed\u6dfb\u52a0\u66f4\u591a\u6587\u6863\u94fe\u63a5 --><\/div>","protected":false},"excerpt":{"rendered":"<p>-Tipo: DOBRADI\u00c7A DESLIZANTE DE \u03a626MM<\/p>\n<p>-N\u00famero do modelo\uff1a: M02105<\/p>\n<p>-Sobreposi\u00e7\u00e3o total, Meia sobreposi\u00e7\u00e3o, Inserido<\/p>\n<p>-Material\uff1aFerro<\/p>\n<p>-Finish\uff1aBanhado em n\u00edquel<\/p>\n<p>-Di\u00e2metro do copo da dobradi\u00e7a: 26 mm<\/p>\n<p>-Grau de abertura: 105\u00b0<\/p>\n<p>-Espessura da porta: 12-15 mm<\/p>\n<p>-Placa opcional: 2 furos ou 4 furos<\/p>\n<p>-Teste de spray de sal: pode atingir o grau 9 ap\u00f3s 48 horas de teste<\/p>\n<p>-Certificado: SGS ISO 9001:2000<\/p>","protected":false},"featured_media":32484,"comment_status":"open","ping_status":"closed","template":"","meta":[],"product_brand":[],"product_cat":[449,425,426,430,399,400,417,421,420,418],"product_tag":[],"heavydutyslides":[],"products":[],"class_list":{"0":"post-31839","1":"product","2":"type-product","3":"status-publish","4":"has-post-thumbnail","6":"product_cat-regular-furniture-hinges","7":"product_cat-application","8":"product_cat-kitchen","9":"product_cat-office","10":"product_cat-products","11":"product_cat-furniture-hinges","12":"product_cat-region","13":"product_cat-mexico","14":"product_cat-north-america","15":"product_cat-western-europe","17":"first","18":"instock","19":"shipping-taxable","20":"purchasable","21":"product-type-variable"},"acf":[],"gallery_images":[32483,32485,32486,32487],"yoast_head":"<!-- This site is optimized with the Yoast SEO Premium plugin v20.5 (Yoast SEO v20.8) - https:\/\/yoast.com\/wordpress\/plugins\/seo\/ -->\n<title>\u03a626MM SLIDE-ON HINGE | Maxave<\/title>\n<meta name=\"robots\" content=\"index, follow, max-snippet:-1, max-image-preview:large, max-video-preview:-1\" \/>\n<link rel=\"canonical\" href=\"https:\/\/www.maxavegroup.com\/pt\/produto\/\u03c626mm-slide-on-hinge\/\" \/>\n<meta property=\"og:locale\" content=\"pt_BR\" \/>\n<meta property=\"og:type\" content=\"article\" \/>\n<meta property=\"og:title\" content=\"\u03a626MM SLIDE-ON HINGE\" \/>\n<meta property=\"og:description\" content=\"-Type: \u03a626MM SLIDE-ON HINGE  -Model number\uff1a: M02105  -Full overlay, Half overlay, Inserted  -Material\uff1aIron  -Finish\uff1aNickel plated  -Diameter of hinge cup\uff1a26mm  -Open degree\uff1a105\u00b0  -Door thickness\uff1a12-15mm  -Optional plate\uff1a2 holes or 4 holes  -Salt spray test: can reach grade 9 after 48 hours of test  -Certificate: SGS ISO 9001:2000\" \/>\n<meta property=\"og:url\" content=\"https:\/\/www.maxavegroup.com\/pt\/produto\/\u03c626mm-slide-on-hinge\/\" \/>\n<meta property=\"og:site_name\" content=\"Maxave\" \/>\n<meta property=\"article:modified_time\" content=\"2025-07-04T02:38:14+00:00\" \/>\n<meta property=\"og:image\" content=\"https:\/\/www.maxavegroup.com\/wp-content\/uploads\/2025\/04\/P1666706.jpg\" \/>\n\t<meta property=\"og:image:width\" content=\"800\" \/>\n\t<meta property=\"og:image:height\" content=\"800\" \/>\n\t<meta property=\"og:image:type\" content=\"image\/jpeg\" \/>\n<meta name=\"twitter:card\" content=\"summary_large_image\" \/>\n<meta name=\"twitter:label1\" content=\"Est. tempo de leitura\" \/>\n\t<meta name=\"twitter:data1\" content=\"1 minuto\" \/>\n<script type=\"application\/ld+json\" class=\"yoast-schema-graph\">{\"@context\":\"https:\/\/schema.org\",\"@graph\":[{\"@type\":\"WebPage\",\"@id\":\"https:\/\/www.maxavegroup.com\/pt\/produto\/%cf%8626mm-slide-on-hinge\/\",\"url\":\"https:\/\/www.maxavegroup.com\/pt\/produto\/%cf%8626mm-slide-on-hinge\/\",\"name\":\"\u03a626MM SLIDE-ON HINGE | Maxave\",\"isPartOf\":{\"@id\":\"https:\/\/www.maxavegroup.com\/pt\/#website\"},\"datePublished\":\"2025-04-06T09:06:49+00:00\",\"dateModified\":\"2025-07-04T02:38:14+00:00\",\"breadcrumb\":{\"@id\":\"https:\/\/www.maxavegroup.com\/pt\/produto\/%cf%8626mm-slide-on-hinge\/#breadcrumb\"},\"inLanguage\":\"pt-BR\",\"potentialAction\":[{\"@type\":\"ReadAction\",\"target\":[\"https:\/\/www.maxavegroup.com\/pt\/produto\/%cf%8626mm-slide-on-hinge\/\"]}]},{\"@type\":\"BreadcrumbList\",\"@id\":\"https:\/\/www.maxavegroup.com\/pt\/produto\/%cf%8626mm-slide-on-hinge\/#breadcrumb\",\"itemListElement\":[{\"@type\":\"ListItem\",\"position\":1,\"name\":\"Home\",\"item\":\"https:\/\/www.maxavegroup.com\/\"},{\"@type\":\"ListItem\",\"position\":2,\"name\":\"Shop\",\"item\":\"https:\/\/www.maxavegroup.com\/shop\/\"},{\"@type\":\"ListItem\",\"position\":3,\"name\":\"\u03a626MM SLIDE-ON HINGE\"}]},{\"@type\":\"WebSite\",\"@id\":\"https:\/\/www.maxavegroup.com\/pt\/#website\",\"url\":\"https:\/\/www.maxavegroup.com\/pt\/\",\"name\":\"Maxave\",\"description\":\"\",\"publisher\":{\"@id\":\"https:\/\/www.maxavegroup.com\/pt\/#organization\"},\"potentialAction\":[{\"@type\":\"SearchAction\",\"target\":{\"@type\":\"EntryPoint\",\"urlTemplate\":\"https:\/\/www.maxavegroup.com\/pt\/?s={search_term_string}\"},\"query-input\":\"required name=search_term_string\"}],\"inLanguage\":\"pt-BR\"},{\"@type\":\"Organization\",\"@id\":\"https:\/\/www.maxavegroup.com\/pt\/#organization\",\"name\":\"Maxave Furniture Manufacturing\",\"url\":\"https:\/\/www.maxavegroup.com\/pt\/\",\"logo\":{\"@type\":\"ImageObject\",\"inLanguage\":\"pt-BR\",\"@id\":\"https:\/\/www.maxavegroup.com\/pt\/#\/schema\/logo\/image\/\",\"url\":\"https:\/\/www.maxavegroup.com\/wp-content\/uploads\/2022\/05\/maxave-VI.png\",\"contentUrl\":\"https:\/\/www.maxavegroup.com\/wp-content\/uploads\/2022\/05\/maxave-VI.png\",\"width\":3043,\"height\":913,\"caption\":\"Maxave Furniture Manufacturing\"},\"image\":{\"@id\":\"https:\/\/www.maxavegroup.com\/pt\/#\/schema\/logo\/image\/\"}}]}<\/script>\n<!-- \/ Yoast SEO Premium plugin. -->","yoast_head_json":{"title":"\u03a626MM SLIDE-ON HINGE | Maxave","robots":{"index":"index","follow":"follow","max-snippet":"max-snippet:-1","max-image-preview":"max-image-preview:large","max-video-preview":"max-video-preview:-1"},"canonical":"https:\/\/www.maxavegroup.com\/pt\/produto\/\u03c626mm-slide-on-hinge\/","og_locale":"pt_BR","og_type":"article","og_title":"\u03a626MM SLIDE-ON HINGE","og_description":"-Type: \u03a626MM SLIDE-ON HINGE  -Model number\uff1a: M02105  -Full overlay, Half overlay, Inserted  -Material\uff1aIron  -Finish\uff1aNickel plated  -Diameter of hinge cup\uff1a26mm  -Open degree\uff1a105\u00b0  -Door thickness\uff1a12-15mm  -Optional plate\uff1a2 holes or 4 holes  -Salt spray test: can reach grade 9 after 48 hours of test  -Certificate: SGS ISO 9001:2000","og_url":"https:\/\/www.maxavegroup.com\/pt\/produto\/\u03c626mm-slide-on-hinge\/","og_site_name":"Maxave","article_modified_time":"2025-07-04T02:38:14+00:00","og_image":[{"width":800,"height":800,"url":"https:\/\/www.maxavegroup.com\/wp-content\/uploads\/2025\/04\/P1666706.jpg","type":"image\/jpeg"}],"twitter_card":"summary_large_image","twitter_misc":{"Est. tempo de leitura":"1 minuto"},"schema":{"@context":"https:\/\/schema.org","@graph":[{"@type":"WebPage","@id":"https:\/\/www.maxavegroup.com\/pt\/produto\/%cf%8626mm-slide-on-hinge\/","url":"https:\/\/www.maxavegroup.com\/pt\/produto\/%cf%8626mm-slide-on-hinge\/","name":"\u03a626MM SLIDE-ON HINGE | Maxave","isPartOf":{"@id":"https:\/\/www.maxavegroup.com\/pt\/#website"},"datePublished":"2025-04-06T09:06:49+00:00","dateModified":"2025-07-04T02:38:14+00:00","breadcrumb":{"@id":"https:\/\/www.maxavegroup.com\/pt\/produto\/%cf%8626mm-slide-on-hinge\/#breadcrumb"},"inLanguage":"pt-BR","potentialAction":[{"@type":"ReadAction","target":["https:\/\/www.maxavegroup.com\/pt\/produto\/%cf%8626mm-slide-on-hinge\/"]}]},{"@type":"BreadcrumbList","@id":"https:\/\/www.maxavegroup.com\/pt\/produto\/%cf%8626mm-slide-on-hinge\/#breadcrumb","itemListElement":[{"@type":"ListItem","position":1,"name":"Home","item":"https:\/\/www.maxavegroup.com\/"},{"@type":"ListItem","position":2,"name":"Shop","item":"https:\/\/www.maxavegroup.com\/shop\/"},{"@type":"ListItem","position":3,"name":"\u03a626MM SLIDE-ON HINGE"}]},{"@type":"WebSite","@id":"https:\/\/www.maxavegroup.com\/pt\/#website","url":"https:\/\/www.maxavegroup.com\/pt\/","name":"Maxave","description":"","publisher":{"@id":"https:\/\/www.maxavegroup.com\/pt\/#organization"},"potentialAction":[{"@type":"SearchAction","target":{"@type":"EntryPoint","urlTemplate":"https:\/\/www.maxavegroup.com\/pt\/?s={search_term_string}"},"query-input":"required name=search_term_string"}],"inLanguage":"pt-BR"},{"@type":"Organization","@id":"https:\/\/www.maxavegroup.com\/pt\/#organization","name":"Maxave Furniture Manufacturing","url":"https:\/\/www.maxavegroup.com\/pt\/","logo":{"@type":"ImageObject","inLanguage":"pt-BR","@id":"https:\/\/www.maxavegroup.com\/pt\/#\/schema\/logo\/image\/","url":"https:\/\/www.maxavegroup.com\/wp-content\/uploads\/2022\/05\/maxave-VI.png","contentUrl":"https:\/\/www.maxavegroup.com\/wp-content\/uploads\/2022\/05\/maxave-VI.png","width":3043,"height":913,"caption":"Maxave Furniture Manufacturing"},"image":{"@id":"https:\/\/www.maxavegroup.com\/pt\/#\/schema\/logo\/image\/"}}]}},"_links":{"self":[{"href":"https:\/\/www.maxavegroup.com\/pt\/wp-json\/wp\/v2\/product\/31839","targetHints":{"allow":["GET"]}}],"collection":[{"href":"https:\/\/www.maxavegroup.com\/pt\/wp-json\/wp\/v2\/product"}],"about":[{"href":"https:\/\/www.maxavegroup.com\/pt\/wp-json\/wp\/v2\/types\/product"}],"replies":[{"embeddable":true,"href":"https:\/\/www.maxavegroup.com\/pt\/wp-json\/wp\/v2\/comments?post=31839"}],"wp:featuredmedia":[{"embeddable":true,"href":"https:\/\/www.maxavegroup.com\/pt\/wp-json\/wp\/v2\/media\/32484"}],"wp:attachment":[{"href":"https:\/\/www.maxavegroup.com\/pt\/wp-json\/wp\/v2\/media?parent=31839"}],"wp:term":[{"taxonomy":"product_brand","embeddable":true,"href":"https:\/\/www.maxavegroup.com\/pt\/wp-json\/wp\/v2\/product_brand?post=31839"},{"taxonomy":"product_cat","embeddable":true,"href":"https:\/\/www.maxavegroup.com\/pt\/wp-json\/wp\/v2\/product_cat?post=31839"},{"taxonomy":"product_tag","embeddable":true,"href":"https:\/\/www.maxavegroup.com\/pt\/wp-json\/wp\/v2\/product_tag?post=31839"},{"taxonomy":"heavydutyslides","embeddable":true,"href":"https:\/\/www.maxavegroup.com\/pt\/wp-json\/wp\/v2\/heavydutyslides?post=31839"},{"taxonomy":"products","embeddable":true,"href":"https:\/\/www.maxavegroup.com\/pt\/wp-json\/wp\/v2\/products?post=31839"}],"curies":[{"name":"wp","href":"https:\/\/api.w.org\/{rel}","templated":true}]}}