{"id":32965,"date":"2025-04-25T13:49:24","date_gmt":"2025-04-25T05:49:24","guid":{"rendered":"https:\/\/www.maxavegroup.com\/?post_type=product&#038;p=32965"},"modified":"2025-07-03T16:06:57","modified_gmt":"2025-07-03T08:06:57","slug":"full-extension-soft-closing-concealed-slide-with-3d-handles","status":"publish","type":"product","link":"https:\/\/www.maxavegroup.com\/ro\/produs\/full-extension-soft-closing-concealed-slide-with-3d-handles\/","title":{"rendered":"GLISIER\u0102 ASCUNS\u0102 CU \u00ceNCHIDERE MOALE \u0218I EXTENSIE COMPLET\u0102 CU \u0218TIFT - TIP EUROPEAN"},"content":{"rendered":"<h5 class=\"description-heading\"><span style=\"font-size: 16pt; color: #c30d23;\">Informa\u021bii despre produs.<\/span><\/h5>\n<hr style=\"width: 300px; border: 0.3px solid #C30D23; margin-bottom: 30px; text-align: left; display: block;\" \/>\n<table style=\"border-collapse: collapse; width: 96.3723%; height: 175px;\" border=\"0\" width=\"323\" cellspacing=\"0\" cellpadding=\"0\">\n<tbody>\n<tr>\n<td style=\"width: 45.6422%;\" width=\"214\">Num\u0103rul modelului\uff1a<\/td>\n<td style=\"width: 54.2813%;\" width=\"390\">M03610<\/td>\n<\/tr>\n<tr>\n<td style=\"width: 45.6422%;\">Material\uff1a<\/td>\n<td style=\"width: 54.2813%;\">Foaie galvanizat\u0103+plastic<\/td>\n<\/tr>\n<tr>\n<td style=\"width: 45.6422%;\">Grosime:<\/td>\n<td style=\"width: 54.2813%;\">1.8\/1.4\/1.0<\/td>\n<\/tr>\n<tr>\n<td style=\"width: 45.6422%;\">Specifica\u021bii:<\/td>\n<td style=\"width: 54.2813%;\">300MM\/350MM\/400MM\/450MM\/500MM\/550MM<\/td>\n<\/tr>\n<\/tbody>\n<\/table>\n<div><\/div>\n<div>\n<div class=\"mceTemp\"><\/div>\n<\/div>\n<h5 class=\"description-heading\"><span style=\"font-size: 16pt; color: #c30d23;\">Informa\u021bii despre ambalare.<\/span><\/h5>\n<hr style=\"width: 300px; border: 0.3px solid #C30D23; margin-bottom: 30px; text-align: left; display: block;\" \/>\n<table style=\"width: 95.1287%; height: 125px;\" width=\"323\">\n<tbody>\n<tr>\n<td style=\"width: 45.6235%;\" width=\"214\">\u00a0QTY\/CTN\uff1a<\/td>\n<td style=\"width: 53.7568%;\" width=\"390\">10 perechi<\/td>\n<\/tr>\n<tr>\n<td style=\"width: 45.6235%;\">\u00a0G.W\/CTN\uff1a<\/td>\n<td style=\"width: 53.7568%;\">17.37KG<\/td>\n<\/tr>\n<tr>\n<td style=\"width: 45.6235%;\">\u00a0Unitate CBM\uff1a<\/td>\n<td style=\"width: 53.7568%;\">44.5*28*13<\/td>\n<\/tr>\n<\/tbody>\n<\/table>\n<h5 class=\"description-heading\"><\/h5>\n<h5><\/h5>\n<h5 class=\"description-heading\"><span style=\"font-size: 16pt; color: #c30d23;\">Document PDF<\/span><\/h5>\n<hr style=\"width: 300px; border: 0.3px solid #C30D23; margin-bottom: 30px; text-align: left; display: block;\" \/>\n<div class=\"pdf-links\"><a class=\"pdf-link\" href=\"https:\/\/www.maxavegroup.com\/wp-content\/uploads\/2025\/03\/\u9a91\u9a6c\u62bd\u9690\u85cf\u8f68-Drawer-system.pdf\"><br \/>\n<i class=\"fas fa-file-pdf\"><\/i><br \/>\nSistem de sertare catalog 2024<br \/>\n<\/a><a class=\"pdf-link\" href=\"https:\/\/www.maxavegroup.com\/wp-content\/uploads\/2025\/02\/Maxave.pdf\"><br \/>\n<\/a><br \/>\n<!-- \u53ef\u4ee5\u7ee7\u7eed\u6dfb\u52a0\u66f4\u591a\u6587\u6863\u94fe\u63a5 --><\/div>","protected":false},"excerpt":{"rendered":"<p>-Tip: ALUNECARE ASCUNS\u0102 CU \u00ceNCHIDERE MOALE \u0218I EXTENSIE COMPLET\u0102 CU \u0218TIFT -TIP EUROPEAN<\/p>\n<p>-Num\u0103r de model\uff1aM03610<\/p>\n<p>-Material: foaie galvanizat\u0103 + plastic<\/p>\n<p>-Grosime: 1,8\/1,4\/1,0<\/p>\n<p>-Specifica\u021bii: 300MM\/350MM\/400MM\/450MM\/500MM\/550MM<\/p>\n<p>-Testul cu spray de sare: poate ajunge la gradul 9 dup\u0103 48 de ore de testare<\/p>\n<p>-Certificat: SGS ISO 9001:2000<\/p>","protected":false},"featured_media":32980,"comment_status":"open","ping_status":"closed","template":"","meta":[],"product_brand":[],"product_cat":[445,443,425,429,427,426,428,399,403,417,419,423,418],"product_tag":[409,406],"heavydutyslides":[],"products":[],"class_list":{"0":"post-32965","1":"product","2":"type-product","3":"status-publish","4":"has-post-thumbnail","6":"product_cat-full-extension-drawer-slides","7":"product_cat-soft-close-drawer-slides","8":"product_cat-application","9":"product_cat-bathroom","10":"product_cat-bedroom","11":"product_cat-kitchen","12":"product_cat-living-room","13":"product_cat-products","14":"product_cat-drawer-system","15":"product_cat-region","16":"product_cat-eastern-europecentral-asia","17":"product_cat-middle-east","18":"product_cat-western-europe","19":"product_tag-bathroom","20":"product_tag-kitchen","22":"first","23":"instock","24":"shipping-taxable","25":"purchasable","26":"product-type-variable"},"acf":[],"gallery_images":[32981,32982,32979,32978],"yoast_head":"<!-- This site is optimized with the Yoast SEO Premium plugin v20.5 (Yoast SEO v20.8) - https:\/\/yoast.com\/wordpress\/plugins\/seo\/ -->\n<title>FULL EXTENSION SOFT CLOSING CONCEALED SLIDE WITH PIN -EUROPEAN TYPE | Maxave<\/title>\n<meta name=\"robots\" content=\"index, follow, max-snippet:-1, max-image-preview:large, max-video-preview:-1\" \/>\n<link rel=\"canonical\" href=\"https:\/\/www.maxavegroup.com\/ro\/produs\/full-extension-soft-closing-concealed-slide-with-3d-handles\/\" \/>\n<meta property=\"og:locale\" content=\"ro_RO\" \/>\n<meta property=\"og:type\" content=\"article\" \/>\n<meta property=\"og:title\" content=\"FULL EXTENSION SOFT CLOSING CONCEALED SLIDE WITH PIN -EUROPEAN TYPE\" \/>\n<meta property=\"og:description\" content=\"-Type: FULL EXTENSION SOFT CLOSING CONCEALED SLIDE WITH PIN -EUROPEAN TYPE  -Model number\uff1aM03610  -Material\uff1aGalvanized sheet+plastic  -Thickness:\u00a01.8\/1.4\/1.0  -Specification: 300MM\/350MM\/400MM\/450MM\/500MM\/550MM  -Salt spray test: can reach grade 9 after 48 hours of test  -Certificate: SGS ISO 9001:2000\" \/>\n<meta property=\"og:url\" content=\"https:\/\/www.maxavegroup.com\/ro\/produs\/full-extension-soft-closing-concealed-slide-with-3d-handles\/\" \/>\n<meta property=\"og:site_name\" content=\"Maxave\" \/>\n<meta property=\"article:modified_time\" content=\"2025-07-03T08:06:57+00:00\" \/>\n<meta property=\"og:image\" content=\"https:\/\/www.maxavegroup.com\/wp-content\/uploads\/2025\/04\/P1699085.jpg\" \/>\n\t<meta property=\"og:image:width\" content=\"800\" \/>\n\t<meta property=\"og:image:height\" content=\"800\" \/>\n\t<meta property=\"og:image:type\" content=\"image\/jpeg\" \/>\n<meta name=\"twitter:card\" content=\"summary_large_image\" \/>\n<meta name=\"twitter:label1\" content=\"Timp estimat pentru citire\" \/>\n\t<meta name=\"twitter:data1\" content=\"1 minut\" \/>\n<script type=\"application\/ld+json\" class=\"yoast-schema-graph\">{\"@context\":\"https:\/\/schema.org\",\"@graph\":[{\"@type\":\"WebPage\",\"@id\":\"https:\/\/www.maxavegroup.com\/ro\/produs\/full-extension-soft-closing-concealed-slide-with-3d-handles\/\",\"url\":\"https:\/\/www.maxavegroup.com\/ro\/produs\/full-extension-soft-closing-concealed-slide-with-3d-handles\/\",\"name\":\"FULL EXTENSION SOFT CLOSING CONCEALED SLIDE WITH PIN -EUROPEAN TYPE | Maxave\",\"isPartOf\":{\"@id\":\"https:\/\/www.maxavegroup.com\/ro\/#website\"},\"datePublished\":\"2025-04-25T05:49:24+00:00\",\"dateModified\":\"2025-07-03T08:06:57+00:00\",\"breadcrumb\":{\"@id\":\"https:\/\/www.maxavegroup.com\/ro\/produs\/full-extension-soft-closing-concealed-slide-with-3d-handles\/#breadcrumb\"},\"inLanguage\":\"ro-RO\",\"potentialAction\":[{\"@type\":\"ReadAction\",\"target\":[\"https:\/\/www.maxavegroup.com\/ro\/produs\/full-extension-soft-closing-concealed-slide-with-3d-handles\/\"]}]},{\"@type\":\"BreadcrumbList\",\"@id\":\"https:\/\/www.maxavegroup.com\/ro\/produs\/full-extension-soft-closing-concealed-slide-with-3d-handles\/#breadcrumb\",\"itemListElement\":[{\"@type\":\"ListItem\",\"position\":1,\"name\":\"Home\",\"item\":\"https:\/\/www.maxavegroup.com\/\"},{\"@type\":\"ListItem\",\"position\":2,\"name\":\"Shop\",\"item\":\"https:\/\/www.maxavegroup.com\/shop\/\"},{\"@type\":\"ListItem\",\"position\":3,\"name\":\"FULL EXTENSION SOFT CLOSING CONCEALED SLIDE WITH PIN -EUROPEAN TYPE\"}]},{\"@type\":\"WebSite\",\"@id\":\"https:\/\/www.maxavegroup.com\/ro\/#website\",\"url\":\"https:\/\/www.maxavegroup.com\/ro\/\",\"name\":\"Maxave\",\"description\":\"\",\"publisher\":{\"@id\":\"https:\/\/www.maxavegroup.com\/ro\/#organization\"},\"potentialAction\":[{\"@type\":\"SearchAction\",\"target\":{\"@type\":\"EntryPoint\",\"urlTemplate\":\"https:\/\/www.maxavegroup.com\/ro\/?s={search_term_string}\"},\"query-input\":\"required name=search_term_string\"}],\"inLanguage\":\"ro-RO\"},{\"@type\":\"Organization\",\"@id\":\"https:\/\/www.maxavegroup.com\/ro\/#organization\",\"name\":\"Maxave Furniture Manufacturing\",\"url\":\"https:\/\/www.maxavegroup.com\/ro\/\",\"logo\":{\"@type\":\"ImageObject\",\"inLanguage\":\"ro-RO\",\"@id\":\"https:\/\/www.maxavegroup.com\/ro\/#\/schema\/logo\/image\/\",\"url\":\"https:\/\/www.maxavegroup.com\/wp-content\/uploads\/2022\/05\/maxave-VI.png\",\"contentUrl\":\"https:\/\/www.maxavegroup.com\/wp-content\/uploads\/2022\/05\/maxave-VI.png\",\"width\":3043,\"height\":913,\"caption\":\"Maxave Furniture Manufacturing\"},\"image\":{\"@id\":\"https:\/\/www.maxavegroup.com\/ro\/#\/schema\/logo\/image\/\"}}]}<\/script>\n<!-- \/ Yoast SEO Premium plugin. -->","yoast_head_json":{"title":"FULL EXTENSION SOFT CLOSING CONCEALED SLIDE WITH PIN -EUROPEAN TYPE | Maxave","robots":{"index":"index","follow":"follow","max-snippet":"max-snippet:-1","max-image-preview":"max-image-preview:large","max-video-preview":"max-video-preview:-1"},"canonical":"https:\/\/www.maxavegroup.com\/ro\/produs\/full-extension-soft-closing-concealed-slide-with-3d-handles\/","og_locale":"ro_RO","og_type":"article","og_title":"FULL EXTENSION SOFT CLOSING CONCEALED SLIDE WITH PIN -EUROPEAN TYPE","og_description":"-Type: FULL EXTENSION SOFT CLOSING CONCEALED SLIDE WITH PIN -EUROPEAN TYPE  -Model number\uff1aM03610  -Material\uff1aGalvanized sheet+plastic  -Thickness:\u00a01.8\/1.4\/1.0  -Specification: 300MM\/350MM\/400MM\/450MM\/500MM\/550MM  -Salt spray test: can reach grade 9 after 48 hours of test  -Certificate: SGS ISO 9001:2000","og_url":"https:\/\/www.maxavegroup.com\/ro\/produs\/full-extension-soft-closing-concealed-slide-with-3d-handles\/","og_site_name":"Maxave","article_modified_time":"2025-07-03T08:06:57+00:00","og_image":[{"width":800,"height":800,"url":"https:\/\/www.maxavegroup.com\/wp-content\/uploads\/2025\/04\/P1699085.jpg","type":"image\/jpeg"}],"twitter_card":"summary_large_image","twitter_misc":{"Timp estimat pentru citire":"1 minut"},"schema":{"@context":"https:\/\/schema.org","@graph":[{"@type":"WebPage","@id":"https:\/\/www.maxavegroup.com\/ro\/produs\/full-extension-soft-closing-concealed-slide-with-3d-handles\/","url":"https:\/\/www.maxavegroup.com\/ro\/produs\/full-extension-soft-closing-concealed-slide-with-3d-handles\/","name":"FULL EXTENSION SOFT CLOSING CONCEALED SLIDE WITH PIN -EUROPEAN TYPE | Maxave","isPartOf":{"@id":"https:\/\/www.maxavegroup.com\/ro\/#website"},"datePublished":"2025-04-25T05:49:24+00:00","dateModified":"2025-07-03T08:06:57+00:00","breadcrumb":{"@id":"https:\/\/www.maxavegroup.com\/ro\/produs\/full-extension-soft-closing-concealed-slide-with-3d-handles\/#breadcrumb"},"inLanguage":"ro-RO","potentialAction":[{"@type":"ReadAction","target":["https:\/\/www.maxavegroup.com\/ro\/produs\/full-extension-soft-closing-concealed-slide-with-3d-handles\/"]}]},{"@type":"BreadcrumbList","@id":"https:\/\/www.maxavegroup.com\/ro\/produs\/full-extension-soft-closing-concealed-slide-with-3d-handles\/#breadcrumb","itemListElement":[{"@type":"ListItem","position":1,"name":"Home","item":"https:\/\/www.maxavegroup.com\/"},{"@type":"ListItem","position":2,"name":"Shop","item":"https:\/\/www.maxavegroup.com\/shop\/"},{"@type":"ListItem","position":3,"name":"FULL EXTENSION SOFT CLOSING CONCEALED SLIDE WITH PIN -EUROPEAN TYPE"}]},{"@type":"WebSite","@id":"https:\/\/www.maxavegroup.com\/ro\/#website","url":"https:\/\/www.maxavegroup.com\/ro\/","name":"Maxave","description":"","publisher":{"@id":"https:\/\/www.maxavegroup.com\/ro\/#organization"},"potentialAction":[{"@type":"SearchAction","target":{"@type":"EntryPoint","urlTemplate":"https:\/\/www.maxavegroup.com\/ro\/?s={search_term_string}"},"query-input":"required name=search_term_string"}],"inLanguage":"ro-RO"},{"@type":"Organization","@id":"https:\/\/www.maxavegroup.com\/ro\/#organization","name":"Maxave Furniture Manufacturing","url":"https:\/\/www.maxavegroup.com\/ro\/","logo":{"@type":"ImageObject","inLanguage":"ro-RO","@id":"https:\/\/www.maxavegroup.com\/ro\/#\/schema\/logo\/image\/","url":"https:\/\/www.maxavegroup.com\/wp-content\/uploads\/2022\/05\/maxave-VI.png","contentUrl":"https:\/\/www.maxavegroup.com\/wp-content\/uploads\/2022\/05\/maxave-VI.png","width":3043,"height":913,"caption":"Maxave Furniture Manufacturing"},"image":{"@id":"https:\/\/www.maxavegroup.com\/ro\/#\/schema\/logo\/image\/"}}]}},"_links":{"self":[{"href":"https:\/\/www.maxavegroup.com\/ro\/wp-json\/wp\/v2\/product\/32965","targetHints":{"allow":["GET"]}}],"collection":[{"href":"https:\/\/www.maxavegroup.com\/ro\/wp-json\/wp\/v2\/product"}],"about":[{"href":"https:\/\/www.maxavegroup.com\/ro\/wp-json\/wp\/v2\/types\/product"}],"replies":[{"embeddable":true,"href":"https:\/\/www.maxavegroup.com\/ro\/wp-json\/wp\/v2\/comments?post=32965"}],"wp:featuredmedia":[{"embeddable":true,"href":"https:\/\/www.maxavegroup.com\/ro\/wp-json\/wp\/v2\/media\/32980"}],"wp:attachment":[{"href":"https:\/\/www.maxavegroup.com\/ro\/wp-json\/wp\/v2\/media?parent=32965"}],"wp:term":[{"taxonomy":"product_brand","embeddable":true,"href":"https:\/\/www.maxavegroup.com\/ro\/wp-json\/wp\/v2\/product_brand?post=32965"},{"taxonomy":"product_cat","embeddable":true,"href":"https:\/\/www.maxavegroup.com\/ro\/wp-json\/wp\/v2\/product_cat?post=32965"},{"taxonomy":"product_tag","embeddable":true,"href":"https:\/\/www.maxavegroup.com\/ro\/wp-json\/wp\/v2\/product_tag?post=32965"},{"taxonomy":"heavydutyslides","embeddable":true,"href":"https:\/\/www.maxavegroup.com\/ro\/wp-json\/wp\/v2\/heavydutyslides?post=32965"},{"taxonomy":"products","embeddable":true,"href":"https:\/\/www.maxavegroup.com\/ro\/wp-json\/wp\/v2\/products?post=32965"}],"curies":[{"name":"wp","href":"https:\/\/api.w.org\/{rel}","templated":true}]}}