{"id":30866,"date":"2025-02-20T10:09:48","date_gmt":"2025-02-20T02:09:48","guid":{"rendered":"https:\/\/www.maxavegroup.com\/?post_type=product&#038;p=30866"},"modified":"2025-02-25T09:11:55","modified_gmt":"2025-02-25T01:11:55","slug":"%cf%8635mm-two-way-slide-on-hinge","status":"publish","type":"product","link":"https:\/\/www.maxavegroup.com\/tr\/urun\/%cf%8635mm-two-way-slide-on-hinge\/","title":{"rendered":"\u03a635mm \u0130ki Y\u00f6nl\u00fc Kayar Mente\u015fe (\u00f6rnek)"},"content":{"rendered":"<h5 class=\"description-heading\"><span style=\"font-size: 16pt; color: #c30d23;\">\u00dcr\u00fcn Bilgisi.<\/span><\/h5>\n<hr style=\"width: 300px; border: 0.3px solid #C30D23; margin-bottom: 30px; text-align: left; display: block;\" \/>\n<table style=\"border-collapse: collapse; width: 96.3723%; height: 232px;\" border=\"0\" width=\"323\" cellspacing=\"0\" cellpadding=\"0\">\n<tbody>\n<tr style=\"height: 17.00pt;\">\n<td class=\"et2\" style=\"height: 17.00pt; width: 147.70pt;\" width=\"147\" height=\"17\">Model numaras\u0131\uff1a<\/td>\n<td style=\"width: 175.70pt;\" width=\"175\">M02121<\/td>\n<\/tr>\n<tr style=\"height: 16.80pt;\">\n<td style=\"height: 16.80pt;\" height=\"16\">Tip\uff1a<\/td>\n<td>Tam kaplama, Yar\u0131m kaplama, Eklenmi\u015f<\/td>\n<\/tr>\n<tr style=\"height: 16.80pt;\">\n<td style=\"height: 16.80pt;\" height=\"16\">Malzeme\uff1a<\/td>\n<td>\u00c7elik<\/td>\n<\/tr>\n<tr style=\"height: 16.80pt;\">\n<td style=\"height: 16.80pt;\" height=\"16\">Biti\u015f\uff1a<\/td>\n<td>Nikel kaplama<\/td>\n<\/tr>\n<tr style=\"height: 16.80pt;\">\n<td style=\"height: 16.80pt;\" height=\"16\">Mente\u015fe \u00e7ana\u011f\u0131n\u0131n \u00e7ap\u0131 \uff1a<\/td>\n<td>35 mm<\/td>\n<\/tr>\n<tr style=\"height: 16.80pt;\">\n<td style=\"height: 16.80pt;\" height=\"16\">A\u00e7\u0131k derece\uff1a<\/td>\n<td>105\u00b0<\/td>\n<\/tr>\n<tr style=\"height: 16.80pt;\">\n<td style=\"height: 16.80pt;\" height=\"16\">Kap\u0131 kal\u0131nl\u0131\u011f\u0131\uff1a<\/td>\n<td>14-24mm<\/td>\n<\/tr>\n<tr style=\"height: 16.80pt;\">\n<td style=\"height: 16.80pt;\" height=\"16\">\u0130ste\u011fe ba\u011fl\u0131 plaka\uff1a<\/td>\n<td>2 delikli veya 4 delikli<\/td>\n<\/tr>\n<\/tbody>\n<\/table>\n<div><\/div>\n<div><\/div>\n<div>Temel \u00d6zellikler:<\/div>\n<div>\n<ul style=\"list-style-type: disc;\">\n<li>Sorunsuz \u00c7al\u0131\u015fma: Dolap mente\u015felerimiz sorunsuz bir kullan\u0131c\u0131 deneyimi i\u00e7in p\u00fcr\u00fczs\u00fcz ve sessiz kapanma sa\u011flar.<\/li>\n<li>Kendili\u011finden Kapanan Mekanizma: G\u00fcvenilir mente\u015felerimizle kendili\u011finden kapanan dolap kapaklar\u0131n\u0131n rahatl\u0131\u011f\u0131n\u0131n keyfini \u00e7\u0131kar\u0131n.<\/li>\n<li>Y\u00fcksek Kaliteli Donan\u0131m: Dolap mente\u015feleri donan\u0131m\u0131m\u0131z, uzun \u00f6m\u00fcrl\u00fc performans i\u00e7in birinci s\u0131n\u0131f malzemelerden yap\u0131lm\u0131\u015ft\u0131r.<\/li>\n<li>\u00c7ok y\u00f6nl\u00fcl\u00fck: \u00c7e\u015fitli tiplerde dolap mente\u015feleri ile farkl\u0131 dolap konfig\u00fcrasyonlar\u0131 i\u00e7in \u00e7\u00f6z\u00fcmler sunuyoruz.<\/li>\n<li>Kolay Kurulum: Sorunsuz kurulum, dolaplar\u0131n\u0131z\u0131n h\u0131zl\u0131 ve zahmetsiz bir \u015fekilde iyile\u015ftirilmesini sa\u011flar.<\/li>\n<\/ul>\n<\/div>\n<div><\/div>\n<div>Sayg\u0131n bir dolap mente\u015fesi tedarik\u00e7isi, fabrikas\u0131 ve \u00fcreticisi olarak uzmanl\u0131\u011f\u0131m\u0131za g\u00fcvenin. Dolap donan\u0131m\u0131m\u0131z, dolap \u00e7\u00f6z\u00fcmleriniz i\u00e7in i\u015flevsellik ve dayan\u0131kl\u0131l\u0131\u011f\u0131n m\u00fckemmel kombinasyonunu sa\u011flar.<\/div>\n<div><\/div>\n<div>\n<figure id=\"attachment_28963\" aria-describedby=\"caption-attachment-28963\" style=\"width: 750px\" class=\"wp-caption aligncenter\"><img decoding=\"async\" class=\"size-full wp-image-28963\" title=\"M02121 \u72ec\u7acb\u7ad9\u7ec6\u8282\" src=\"https:\/\/obbnytzdsj-staging.onrocket.site\/wp-content\/uploads\/2024\/11\/M02121-\u72ec\u7acb\u7ad9\u7ec6\u8282.webp\" alt=\"M02121 \u72ec\u7acb\u7ad9\u7ec6\u8282\" width=\"750\" height=\"751\" \/><figcaption id=\"caption-attachment-28963\" class=\"wp-caption-text\">M02121 \u72ec\u7acb\u7ad9\u7ec6\u8282<\/figcaption><\/figure>\n<\/div>\n<h5 class=\"description-heading\"><span style=\"font-size: 16pt; color: #c30d23;\">Paketleme Bilgisi.<\/span><\/h5>\n<hr style=\"width: 300px; border: 0.3px solid #C30D23; margin-bottom: 30px; text-align: left; display: block;\" \/>\n<table style=\"width: 95.1287%; height: 125px;\" width=\"323\">\n<tbody>\n<tr style=\"height: 24px;\">\n<td style=\"width: 45%; height: 24px;\" width=\"147\">\u00a0ADET\/CTN\uff1a<\/td>\n<td style=\"width: 52.1875%; height: 24px;\" width=\"175\">250 ADET\/CTN<\/td>\n<\/tr>\n<tr style=\"height: 24px;\">\n<td style=\"width: 45%; height: 24px;\">\u00a0G.W\/CTN\uff1a<\/td>\n<td style=\"width: 52.1875%; height: 24px;\">13.2KG<\/td>\n<\/tr>\n<tr style=\"height: 24px;\">\n<td style=\"width: 45%; height: 24px;\">\u00a0Birim CBM\uff1a<\/td>\n<td style=\"width: 52.1875%; height: 24px;\">0,017 CBM<\/td>\n<\/tr>\n<tr style=\"height: 24px;\">\n<td style=\"width: 45%; height: 24px;\">\u00a0Y\u00fckleme Miktar\u0131\uff1a<\/td>\n<td style=\"width: 52.1875%; height: 24px;\">430000 adet<\/td>\n<\/tr>\n<\/tbody>\n<\/table>\n<h5 class=\"description-heading\"><span style=\"font-size: 16pt; color: #c30d23;\">Teknik \u00c7izim<\/span><\/h5>\n<hr style=\"width: 300px; border: 0.3px solid #C30D23; margin-bottom: 30px; text-align: left; display: block;\" \/>\n<figure id=\"attachment_28961\" aria-describedby=\"caption-attachment-28961\" style=\"width: 1300px\" class=\"wp-caption aligncenter\"><img decoding=\"async\" class=\"size-full wp-image-28961\" title=\"\u042435\u6ed1\u5165\u5f0f\u5feb\u88c5\u963b\u5c3c\u94f0\u94fe 01\" src=\"https:\/\/obbnytzdsj-staging.onrocket.site\/wp-content\/uploads\/2024\/11\/\u042435\u6ed1\u5165\u5f0f\u5feb\u88c5\u963b\u5c3c\u94f0\u94fe_01.webp\" alt=\"\u042435\u6ed1\u5165\u5f0f\u5feb\u88c5\u963b\u5c3c\u94f0\u94fe 01\" width=\"1300\" height=\"792\" \/><figcaption id=\"caption-attachment-28961\" class=\"wp-caption-text\">\u042435\u6ed1\u5165\u5f0f\u5feb\u88c5\u963b\u5c3c\u94f0\u94fe 01<\/figcaption><\/figure>\n<figure id=\"attachment_28962\" aria-describedby=\"caption-attachment-28962\" style=\"width: 1300px\" class=\"wp-caption aligncenter\"><img decoding=\"async\" class=\"size-medium wp-image-28962\" title=\"\u042435\u6ed1\u5165\u5f0f\u5feb\u88c5\u963b\u5c3c\u94f0\u94fe 02\" src=\"https:\/\/obbnytzdsj-staging.onrocket.site\/wp-content\/uploads\/2024\/11\/\u042435\u6ed1\u5165\u5f0f\u5feb\u88c5\u963b\u5c3c\u94f0\u94fe_02.webp\" alt=\"\u042435\u6ed1\u5165\u5f0f\u5feb\u88c5\u963b\u5c3c\u94f0\u94fe 02\" width=\"1300\" height=\"1129\" \/><figcaption id=\"caption-attachment-28962\" class=\"wp-caption-text\">\u042435\u6ed1\u5165\u5f0f\u5feb\u88c5\u963b\u5c3c\u94f0\u94fe 02<\/figcaption><\/figure>\n<p>&nbsp;<\/p>\n<h5 class=\"description-heading\"><span style=\"font-size: 16pt; color: #c30d23;\">PDF Belgesi<\/span><\/h5>\n<hr style=\"width: 300px; border: 0.3px solid #C30D23; margin-bottom: 30px; text-align: left; display: block;\" \/>\n<div class=\"pdf-links\"><a class=\"pdf-link\" href=\"https:\/\/www.maxavegroup.com\/wp-content\/uploads\/2025\/02\/Maxave.pdf\"><br \/>\n<i class=\"fas fa-file-pdf\"><\/i><br \/>\nKatalog 2024<br \/>\n<\/a><br \/>\n<a class=\"pdf-link\" href=\"https:\/\/www.maxavegroup.com\/wp-content\/uploads\/2025\/02\/Maxave.pdf\"><br \/>\n<i class=\"fas fa-file-pdf\"><\/i><br \/>\nBa\u015fka Bir Katalog<br \/>\n<\/a><br \/>\n<a class=\"pdf-link\" href=\"https:\/\/www.maxavegroup.com\/wp-content\/uploads\/2025\/02\/Maxave.pdf\"><br \/>\n<i class=\"fas fa-file-pdf\"><\/i><br \/>\nBa\u015fka Bir Katalog<br \/>\n<\/a><br \/>\n<!-- \u53ef\u4ee5\u7ee7\u7eed\u6dfb\u52a0\u66f4\u591a\u6587\u6863\u94fe\u63a5 --><\/div>","protected":false},"excerpt":{"rendered":"<p>-Tip: iki y\u00f6nl\u00fc s\u00fcrg\u00fcl\u00fc<\/p>\n<p>-Fincan \u00e7ap\u0131: 35mm<\/p>\n<p>-Delik aral\u0131\u011f\u0131: 45mm, 48mm, 52mm<\/p>\n<p>-Kaplama: Yar\u0131m kaplama, tam kaplama, Ekleme<\/p>\n<p>-A\u00e7\u0131l\u0131\u015f a\u00e7\u0131s\u0131: Yar\u0131m bindirme, tam bindirme, Ekleme<\/p>\n<p>-Kaplama: 105 derece<\/p>\n<p>-Kap\u0131 kal\u0131nl\u0131\u011f\u0131 aral\u0131\u011f\u0131: 14-24mm<\/p>\n<p>-Malzeme: So\u011fuk haddelenmi\u015f \u00e7elik<\/p>\n<p>-Tuz p\u00fcsk\u00fcrtme testi: 48 saatlik testten sonra 9. dereceye ula\u015fabilir<\/p>\n<p>-Opsiyonel plaka: 2 delikli plaka<\/p>\n<p>-Ambalaj: Karton ba\u015f\u0131na 200 adet veya m\u00fc\u015fterilerin gereksinimlerine g\u00f6re.<\/p>\n<p>-Sertifika: SGS ISO 9001:2000<\/p>","protected":false},"featured_media":30869,"comment_status":"open","ping_status":"closed","template":"","meta":[],"product_brand":[],"product_cat":[387],"product_tag":[],"heavydutyslides":[],"products":[],"class_list":{"0":"post-30866","1":"product","2":"type-product","3":"status-publish","4":"has-post-thumbnail","6":"product_cat-uncategorized","8":"first","9":"instock","10":"shipping-taxable","11":"purchasable","12":"product-type-variable"},"acf":[],"gallery_images":[30870,30871,30872],"yoast_head":"<!-- This site is optimized with the Yoast SEO Premium plugin v20.5 (Yoast SEO v20.8) - https:\/\/yoast.com\/wordpress\/plugins\/seo\/ -->\n<title>\u03a635mm Two Way Slide On Hinge (sample) | Maxave<\/title>\n<meta name=\"robots\" content=\"index, follow, max-snippet:-1, max-image-preview:large, max-video-preview:-1\" \/>\n<link rel=\"canonical\" href=\"https:\/\/www.maxavegroup.com\/tr\/urun\/\u03c635mm-two-way-slide-on-hinge\/\" \/>\n<meta property=\"og:locale\" content=\"tr_TR\" \/>\n<meta property=\"og:type\" content=\"article\" \/>\n<meta property=\"og:title\" content=\"\u03a635mm Two Way Slide On Hinge (sample)\" \/>\n<meta property=\"og:description\" content=\"-Type: two-way slide-on  -Cup diameter: 35mm  -Hole pitch: 45mm,48mm,52mm  -Overlay: Half overlay, full overlay, Insert  -Opening angle: Half overlay, full overlay, Insert  -Overlay: 105 degree  -Range for door thickness: 14-24mm  -Material: Cold-rolled steel  -Salt spray test: can reach grade 9 after 48 hours of test  -Optional plate: 2-hole plate  -Packing: 200 pcs per carton or according to clients&#039; requirements.  -Certificate: SGS ISO 9001:2000\" \/>\n<meta property=\"og:url\" content=\"https:\/\/www.maxavegroup.com\/tr\/urun\/\u03c635mm-two-way-slide-on-hinge\/\" \/>\n<meta property=\"og:site_name\" content=\"Maxave\" \/>\n<meta property=\"article:modified_time\" content=\"2025-02-25T01:11:55+00:00\" \/>\n<meta property=\"og:image\" content=\"https:\/\/www.maxavegroup.com\/wp-content\/uploads\/2025\/02\/35mm-Furniture-Hinges.webp\" \/>\n\t<meta property=\"og:image:width\" content=\"1024\" \/>\n\t<meta property=\"og:image:height\" content=\"768\" \/>\n\t<meta property=\"og:image:type\" content=\"image\/webp\" \/>\n<meta name=\"twitter:card\" content=\"summary_large_image\" \/>\n<meta name=\"twitter:label1\" content=\"Tahmini okuma s\u00fcresi\" \/>\n\t<meta name=\"twitter:data1\" content=\"2 dakika\" \/>\n<script type=\"application\/ld+json\" class=\"yoast-schema-graph\">{\"@context\":\"https:\/\/schema.org\",\"@graph\":[{\"@type\":\"WebPage\",\"@id\":\"https:\/\/www.maxavegroup.com\/tr\/urun\/%cf%8635mm-two-way-slide-on-hinge\/\",\"url\":\"https:\/\/www.maxavegroup.com\/tr\/urun\/%cf%8635mm-two-way-slide-on-hinge\/\",\"name\":\"\u03a635mm Two Way Slide On Hinge (sample) | Maxave\",\"isPartOf\":{\"@id\":\"https:\/\/www.maxavegroup.com\/tr\/#website\"},\"datePublished\":\"2025-02-20T02:09:48+00:00\",\"dateModified\":\"2025-02-25T01:11:55+00:00\",\"breadcrumb\":{\"@id\":\"https:\/\/www.maxavegroup.com\/tr\/urun\/%cf%8635mm-two-way-slide-on-hinge\/#breadcrumb\"},\"inLanguage\":\"tr\",\"potentialAction\":[{\"@type\":\"ReadAction\",\"target\":[\"https:\/\/www.maxavegroup.com\/tr\/urun\/%cf%8635mm-two-way-slide-on-hinge\/\"]}]},{\"@type\":\"BreadcrumbList\",\"@id\":\"https:\/\/www.maxavegroup.com\/tr\/urun\/%cf%8635mm-two-way-slide-on-hinge\/#breadcrumb\",\"itemListElement\":[{\"@type\":\"ListItem\",\"position\":1,\"name\":\"Home\",\"item\":\"https:\/\/www.maxavegroup.com\/\"},{\"@type\":\"ListItem\",\"position\":2,\"name\":\"Shop\",\"item\":\"https:\/\/www.maxavegroup.com\/shop\/\"},{\"@type\":\"ListItem\",\"position\":3,\"name\":\"\u03a635mm Two Way Slide On Hinge (sample)\"}]},{\"@type\":\"WebSite\",\"@id\":\"https:\/\/www.maxavegroup.com\/tr\/#website\",\"url\":\"https:\/\/www.maxavegroup.com\/tr\/\",\"name\":\"Maxave\",\"description\":\"\",\"publisher\":{\"@id\":\"https:\/\/www.maxavegroup.com\/tr\/#organization\"},\"potentialAction\":[{\"@type\":\"SearchAction\",\"target\":{\"@type\":\"EntryPoint\",\"urlTemplate\":\"https:\/\/www.maxavegroup.com\/tr\/?s={search_term_string}\"},\"query-input\":\"required name=search_term_string\"}],\"inLanguage\":\"tr\"},{\"@type\":\"Organization\",\"@id\":\"https:\/\/www.maxavegroup.com\/tr\/#organization\",\"name\":\"Maxave Furniture Manufacturing\",\"url\":\"https:\/\/www.maxavegroup.com\/tr\/\",\"logo\":{\"@type\":\"ImageObject\",\"inLanguage\":\"tr\",\"@id\":\"https:\/\/www.maxavegroup.com\/tr\/#\/schema\/logo\/image\/\",\"url\":\"https:\/\/www.maxavegroup.com\/wp-content\/uploads\/2022\/05\/maxave-VI.png\",\"contentUrl\":\"https:\/\/www.maxavegroup.com\/wp-content\/uploads\/2022\/05\/maxave-VI.png\",\"width\":3043,\"height\":913,\"caption\":\"Maxave Furniture Manufacturing\"},\"image\":{\"@id\":\"https:\/\/www.maxavegroup.com\/tr\/#\/schema\/logo\/image\/\"}}]}<\/script>\n<!-- \/ Yoast SEO Premium plugin. -->","yoast_head_json":{"title":"\u03a635mm Two Way Slide On Hinge (sample) | Maxave","robots":{"index":"index","follow":"follow","max-snippet":"max-snippet:-1","max-image-preview":"max-image-preview:large","max-video-preview":"max-video-preview:-1"},"canonical":"https:\/\/www.maxavegroup.com\/tr\/urun\/\u03c635mm-two-way-slide-on-hinge\/","og_locale":"tr_TR","og_type":"article","og_title":"\u03a635mm Two Way Slide On Hinge (sample)","og_description":"-Type: two-way slide-on  -Cup diameter: 35mm  -Hole pitch: 45mm,48mm,52mm  -Overlay: Half overlay, full overlay, Insert  -Opening angle: Half overlay, full overlay, Insert  -Overlay: 105 degree  -Range for door thickness: 14-24mm  -Material: Cold-rolled steel  -Salt spray test: can reach grade 9 after 48 hours of test  -Optional plate: 2-hole plate  -Packing: 200 pcs per carton or according to clients' requirements.  -Certificate: SGS ISO 9001:2000","og_url":"https:\/\/www.maxavegroup.com\/tr\/urun\/\u03c635mm-two-way-slide-on-hinge\/","og_site_name":"Maxave","article_modified_time":"2025-02-25T01:11:55+00:00","og_image":[{"width":1024,"height":768,"url":"https:\/\/www.maxavegroup.com\/wp-content\/uploads\/2025\/02\/35mm-Furniture-Hinges.webp","type":"image\/webp"}],"twitter_card":"summary_large_image","twitter_misc":{"Tahmini okuma s\u00fcresi":"2 dakika"},"schema":{"@context":"https:\/\/schema.org","@graph":[{"@type":"WebPage","@id":"https:\/\/www.maxavegroup.com\/tr\/urun\/%cf%8635mm-two-way-slide-on-hinge\/","url":"https:\/\/www.maxavegroup.com\/tr\/urun\/%cf%8635mm-two-way-slide-on-hinge\/","name":"\u03a635mm Two Way Slide On Hinge (sample) | Maxave","isPartOf":{"@id":"https:\/\/www.maxavegroup.com\/tr\/#website"},"datePublished":"2025-02-20T02:09:48+00:00","dateModified":"2025-02-25T01:11:55+00:00","breadcrumb":{"@id":"https:\/\/www.maxavegroup.com\/tr\/urun\/%cf%8635mm-two-way-slide-on-hinge\/#breadcrumb"},"inLanguage":"tr","potentialAction":[{"@type":"ReadAction","target":["https:\/\/www.maxavegroup.com\/tr\/urun\/%cf%8635mm-two-way-slide-on-hinge\/"]}]},{"@type":"BreadcrumbList","@id":"https:\/\/www.maxavegroup.com\/tr\/urun\/%cf%8635mm-two-way-slide-on-hinge\/#breadcrumb","itemListElement":[{"@type":"ListItem","position":1,"name":"Home","item":"https:\/\/www.maxavegroup.com\/"},{"@type":"ListItem","position":2,"name":"Shop","item":"https:\/\/www.maxavegroup.com\/shop\/"},{"@type":"ListItem","position":3,"name":"\u03a635mm Two Way Slide On Hinge (sample)"}]},{"@type":"WebSite","@id":"https:\/\/www.maxavegroup.com\/tr\/#website","url":"https:\/\/www.maxavegroup.com\/tr\/","name":"Maxave","description":"","publisher":{"@id":"https:\/\/www.maxavegroup.com\/tr\/#organization"},"potentialAction":[{"@type":"SearchAction","target":{"@type":"EntryPoint","urlTemplate":"https:\/\/www.maxavegroup.com\/tr\/?s={search_term_string}"},"query-input":"required name=search_term_string"}],"inLanguage":"tr"},{"@type":"Organization","@id":"https:\/\/www.maxavegroup.com\/tr\/#organization","name":"Maxave Furniture Manufacturing","url":"https:\/\/www.maxavegroup.com\/tr\/","logo":{"@type":"ImageObject","inLanguage":"tr","@id":"https:\/\/www.maxavegroup.com\/tr\/#\/schema\/logo\/image\/","url":"https:\/\/www.maxavegroup.com\/wp-content\/uploads\/2022\/05\/maxave-VI.png","contentUrl":"https:\/\/www.maxavegroup.com\/wp-content\/uploads\/2022\/05\/maxave-VI.png","width":3043,"height":913,"caption":"Maxave Furniture Manufacturing"},"image":{"@id":"https:\/\/www.maxavegroup.com\/tr\/#\/schema\/logo\/image\/"}}]}},"_links":{"self":[{"href":"https:\/\/www.maxavegroup.com\/tr\/wp-json\/wp\/v2\/product\/30866","targetHints":{"allow":["GET"]}}],"collection":[{"href":"https:\/\/www.maxavegroup.com\/tr\/wp-json\/wp\/v2\/product"}],"about":[{"href":"https:\/\/www.maxavegroup.com\/tr\/wp-json\/wp\/v2\/types\/product"}],"replies":[{"embeddable":true,"href":"https:\/\/www.maxavegroup.com\/tr\/wp-json\/wp\/v2\/comments?post=30866"}],"wp:featuredmedia":[{"embeddable":true,"href":"https:\/\/www.maxavegroup.com\/tr\/wp-json\/wp\/v2\/media\/30869"}],"wp:attachment":[{"href":"https:\/\/www.maxavegroup.com\/tr\/wp-json\/wp\/v2\/media?parent=30866"}],"wp:term":[{"taxonomy":"product_brand","embeddable":true,"href":"https:\/\/www.maxavegroup.com\/tr\/wp-json\/wp\/v2\/product_brand?post=30866"},{"taxonomy":"product_cat","embeddable":true,"href":"https:\/\/www.maxavegroup.com\/tr\/wp-json\/wp\/v2\/product_cat?post=30866"},{"taxonomy":"product_tag","embeddable":true,"href":"https:\/\/www.maxavegroup.com\/tr\/wp-json\/wp\/v2\/product_tag?post=30866"},{"taxonomy":"heavydutyslides","embeddable":true,"href":"https:\/\/www.maxavegroup.com\/tr\/wp-json\/wp\/v2\/heavydutyslides?post=30866"},{"taxonomy":"products","embeddable":true,"href":"https:\/\/www.maxavegroup.com\/tr\/wp-json\/wp\/v2\/products?post=30866"}],"curies":[{"name":"wp","href":"https:\/\/api.w.org\/{rel}","templated":true}]}}