{"id":32795,"date":"2025-04-24T14:57:06","date_gmt":"2025-04-24T06:57:06","guid":{"rendered":"https:\/\/www.maxavegroup.com\/?post_type=product&#038;p=32795"},"modified":"2025-07-04T09:48:19","modified_gmt":"2025-07-04T01:48:19","slug":"35mm-side-mounting-ballbearing-slide","status":"publish","type":"product","link":"https:\/\/www.maxavegroup.com\/tr\/urun\/35mm-side-mounting-ballbearing-slide\/","title":{"rendered":"35 MM YAN MONTAJ BILYALI RULMAN KIZA\u011eI"},"content":{"rendered":"<h5 class=\"description-heading\"><span style=\"font-size: 16pt; color: #c30d23;\">\u00dcr\u00fcn Bilgisi.<\/span><\/h5>\n<hr style=\"width: 300px; border: 0.3px solid #C30D23; margin-bottom: 30px; text-align: left; display: block;\" \/>\n<table style=\"border-collapse: collapse; width: 96.3723%; height: 232px;\" border=\"0\" width=\"323\" cellspacing=\"0\" cellpadding=\"0\">\n<tbody>\n<tr>\n<td style=\"width: 45.4893%;\" width=\"188\">Model numaras\u0131\uff1a<\/td>\n<td style=\"width: 54.3578%;\" width=\"427\">M03303<\/td>\n<\/tr>\n<tr>\n<td style=\"width: 45.4893%;\">Malzeme\uff1a<\/td>\n<td style=\"width: 54.3578%;\">\u00c7elik<\/td>\n<\/tr>\n<tr>\n<td style=\"width: 45.4893%;\">Biti\u015f\uff1a<\/td>\n<td style=\"width: 54.3578%;\">\u00c7inko kaplama, Siyah Renk<\/td>\n<\/tr>\n<tr>\n<td style=\"width: 45.4893%;\">Geni\u015flik<\/td>\n<td style=\"width: 54.3578%;\">35 mm<\/td>\n<\/tr>\n<tr>\n<td style=\"width: 45.4893%;\">Kal\u0131nl\u0131k:<\/td>\n<td style=\"width: 54.3578%;\" width=\"427\">0.6*0.6*0.6<\/td>\n<\/tr>\n<tr>\n<td style=\"width: 45.4893%;\">\u00d6zellikler:<\/td>\n<td style=\"width: 54.3578%;\">400mm (250mm-600mm)<\/td>\n<\/tr>\n<tr>\n<td style=\"width: 45.4893%;\">Y\u00fckleme Kapasitesi:<\/td>\n<td style=\"width: 54.3578%;\">15kg (10-20kg)<\/td>\n<\/tr>\n<tr style=\"height: 16.80pt;\">\n<td style=\"height: 16.8pt; width: 45.4893%;\" height=\"16\">\u0130ste\u011fe ba\u011fl\u0131 plaka\uff1a<\/td>\n<td style=\"width: 54.3578%;\">2 delikli veya 4 delikli<\/td>\n<\/tr>\n<\/tbody>\n<\/table>\n<div><\/div>\n<div>\n<div class=\"mceTemp\"><\/div>\n<\/div>\n<h5 class=\"description-heading\"><span style=\"font-size: 16pt; color: #c30d23;\">Paketleme Bilgisi.<\/span><\/h5>\n<hr style=\"width: 300px; border: 0.3px solid #C30D23; margin-bottom: 30px; text-align: left; display: block;\" \/>\n<table style=\"width: 95.1287%; height: 125px;\" width=\"323\">\n<tbody>\n<tr>\n<td style=\"width: 46.0108%;\" width=\"188\">\u00a0ADET\/CTN\uff1a<\/td>\n<td style=\"width: 53.3695%;\" width=\"427\">20<\/td>\n<\/tr>\n<tr>\n<td style=\"width: 46.0108%;\">\u00a0G.W\/CTN\uff1a<\/td>\n<td style=\"width: 53.3695%;\">9.8<\/td>\n<\/tr>\n<tr>\n<td style=\"width: 46.0108%;\">\u00a0Birim CBM\uff1a<\/td>\n<td style=\"width: 53.3695%;\">0.007995<\/td>\n<\/tr>\n<tr style=\"height: 24px;\">\n<td style=\"width: 46.0108%; height: 24px;\"><\/td>\n<td style=\"width: 53.3695%; height: 24px;\"><\/td>\n<\/tr>\n<\/tbody>\n<\/table>\n<h5 class=\"description-heading\"><span style=\"font-size: 16pt; color: #c30d23;\">Teknik \u00c7izim<\/span><\/h5>\n<hr style=\"width: 300px; border: 0.3px solid #C30D23; margin-bottom: 30px; text-align: left; display: block;\" \/>\n<p><img decoding=\"async\" class=\"size-full wp-image-32801\" title=\"\u8d44\u6e90 8@300x 100\" src=\"https:\/\/www.maxavegroup.com\/wp-content\/uploads\/2025\/04\/\u8d44\u6e90-8@300x-100-2.jpg\" alt=\"\u8d44\u6e90 8@300x 100\" width=\"1858\" height=\"779\" srcset=\"https:\/\/www.maxavegroup.com\/wp-content\/uploads\/2025\/04\/\u8d44\u6e90-8@300x-100-2.jpg 1858w, https:\/\/www.maxavegroup.com\/wp-content\/uploads\/2025\/04\/\u8d44\u6e90-8@300x-100-2-1536x644.jpg 1536w, https:\/\/www.maxavegroup.com\/wp-content\/uploads\/2025\/04\/\u8d44\u6e90-8@300x-100-2-18x8.jpg 18w\" sizes=\"(max-width: 1858px) 100vw, 1858px\" \/><\/p>\n<h5><\/h5>\n<h5 class=\"description-heading\"><span style=\"font-size: 16pt; color: #c30d23;\">PDF Belgesi<\/span><\/h5>\n<hr style=\"width: 300px; border: 0.3px solid #C30D23; margin-bottom: 30px; text-align: left; display: block;\" \/>\n<div class=\"pdf-links\"><a class=\"pdf-link\" href=\"https:\/\/www.maxavegroup.com\/wp-content\/uploads\/2025\/03\/\u6ed1\u8f68\u7c7b-Drawer-slide-1.pdf\"><br \/>\n<i class=\"fas fa-file-pdf\"><\/i><br \/>\n\u00c7ekmece yolluk katalo\u011fu 2024<br \/>\n<\/a><a class=\"pdf-link\" href=\"https:\/\/www.maxavegroup.com\/wp-content\/uploads\/2025\/02\/Maxave.pdf\"><br \/>\n<\/a><br \/>\n<!-- \u53ef\u4ee5\u7ee7\u7eed\u6dfb\u52a0\u66f4\u591a\u6587\u6863\u94fe\u63a5 --><\/div>","protected":false},"excerpt":{"rendered":"<p>-Tip: 35MM YANDAN MONTAJLI BILYALI KIZAK<\/p>\n<p>-Model numaras\u0131\uff1aM03103<\/p>\n<p>-Malzeme\uff1a\u00c7elik<\/p>\n<p>-Kaplama\uff1a\u00c7inko kaplama<\/p>\n<p>-Kal\u0131nl\u0131k: 0,6*0,6*0,6<\/p>\n<p>-\u00d6zellikler: 400mm (250mm-600mm)<\/p>\n<p>-Y\u00fckleme Kapasitesi: 15kg (10-20kg)<\/p>\n<p>-Tuz p\u00fcsk\u00fcrtme testi: 48 saatlik testten sonra 9. dereceye ula\u015fabilir<\/p>\n<p>-Sertifika: SGS ISO 9001:2000<\/p>","protected":false},"featured_media":32802,"comment_status":"open","ping_status":"closed","template":"","meta":[],"product_brand":[],"product_cat":[447,446,425,427,426,428,430,399,401,402,417,421,419,423,418,422],"product_tag":[],"heavydutyslides":[],"products":[],"class_list":{"0":"post-32795","1":"product","2":"type-product","3":"status-publish","4":"has-post-thumbnail","6":"product_cat-ball-bearing-drawer-slides","7":"product_cat-side-mount-drawer-slides","8":"product_cat-application","9":"product_cat-bedroom","10":"product_cat-kitchen","11":"product_cat-living-room","12":"product_cat-office","13":"product_cat-products","14":"product_cat-drawer-runners","15":"product_cat-ball-bearing-slides","16":"product_cat-region","17":"product_cat-mexico","18":"product_cat-eastern-europecentral-asia","19":"product_cat-middle-east","20":"product_cat-western-europe","21":"product_cat-south-america","23":"first","24":"instock","25":"shipping-taxable","26":"purchasable","27":"product-type-variable"},"acf":[],"gallery_images":[32803,32804,32805,32806],"yoast_head":"<!-- This site is optimized with the Yoast SEO Premium plugin v20.5 (Yoast SEO v20.8) - https:\/\/yoast.com\/wordpress\/plugins\/seo\/ -->\n<title>35MM SIDE MOUNTING BALL BEARING SLIDE | Maxave<\/title>\n<meta name=\"robots\" content=\"index, follow, max-snippet:-1, max-image-preview:large, max-video-preview:-1\" \/>\n<link rel=\"canonical\" href=\"https:\/\/www.maxavegroup.com\/tr\/urun\/35mm-side-mounting-ballbearing-slide\/\" \/>\n<meta property=\"og:locale\" content=\"tr_TR\" \/>\n<meta property=\"og:type\" content=\"article\" \/>\n<meta property=\"og:title\" content=\"35MM SIDE MOUNTING BALL BEARING SLIDE\" \/>\n<meta property=\"og:description\" content=\"-Type: 35MM SIDE MOUNTING BALLBEARING SLIDE  -Model number\uff1aM03103  -Material\uff1aSteel  -Finish\uff1aZinc plated  -Thickness: 0.6*0.6*0.6  -Specification: 400mm(250mm-600mm)  -Loading Capacity: 15kg(10-20kg)  -Salt spray test: can reach grade 9 after 48 hours of test  -Certificate: SGS ISO 9001:2000\" \/>\n<meta property=\"og:url\" content=\"https:\/\/www.maxavegroup.com\/tr\/urun\/35mm-side-mounting-ballbearing-slide\/\" \/>\n<meta property=\"og:site_name\" content=\"Maxave\" \/>\n<meta property=\"article:modified_time\" content=\"2025-07-04T01:48:19+00:00\" \/>\n<meta property=\"og:image\" content=\"https:\/\/www.maxavegroup.com\/wp-content\/uploads\/2025\/04\/P1655446.jpg\" \/>\n\t<meta property=\"og:image:width\" content=\"800\" \/>\n\t<meta property=\"og:image:height\" content=\"800\" \/>\n\t<meta property=\"og:image:type\" content=\"image\/jpeg\" \/>\n<meta name=\"twitter:card\" content=\"summary_large_image\" \/>\n<meta name=\"twitter:label1\" content=\"Tahmini okuma s\u00fcresi\" \/>\n\t<meta name=\"twitter:data1\" content=\"1 dakika\" \/>\n<script type=\"application\/ld+json\" class=\"yoast-schema-graph\">{\"@context\":\"https:\/\/schema.org\",\"@graph\":[{\"@type\":\"WebPage\",\"@id\":\"https:\/\/www.maxavegroup.com\/tr\/urun\/35mm-side-mounting-ballbearing-slide\/\",\"url\":\"https:\/\/www.maxavegroup.com\/tr\/urun\/35mm-side-mounting-ballbearing-slide\/\",\"name\":\"35MM SIDE MOUNTING BALL BEARING SLIDE | Maxave\",\"isPartOf\":{\"@id\":\"https:\/\/www.maxavegroup.com\/tr\/#website\"},\"datePublished\":\"2025-04-24T06:57:06+00:00\",\"dateModified\":\"2025-07-04T01:48:19+00:00\",\"breadcrumb\":{\"@id\":\"https:\/\/www.maxavegroup.com\/tr\/urun\/35mm-side-mounting-ballbearing-slide\/#breadcrumb\"},\"inLanguage\":\"tr\",\"potentialAction\":[{\"@type\":\"ReadAction\",\"target\":[\"https:\/\/www.maxavegroup.com\/tr\/urun\/35mm-side-mounting-ballbearing-slide\/\"]}]},{\"@type\":\"BreadcrumbList\",\"@id\":\"https:\/\/www.maxavegroup.com\/tr\/urun\/35mm-side-mounting-ballbearing-slide\/#breadcrumb\",\"itemListElement\":[{\"@type\":\"ListItem\",\"position\":1,\"name\":\"Home\",\"item\":\"https:\/\/www.maxavegroup.com\/\"},{\"@type\":\"ListItem\",\"position\":2,\"name\":\"Shop\",\"item\":\"https:\/\/www.maxavegroup.com\/shop\/\"},{\"@type\":\"ListItem\",\"position\":3,\"name\":\"35MM SIDE MOUNTING BALL BEARING SLIDE\"}]},{\"@type\":\"WebSite\",\"@id\":\"https:\/\/www.maxavegroup.com\/tr\/#website\",\"url\":\"https:\/\/www.maxavegroup.com\/tr\/\",\"name\":\"Maxave\",\"description\":\"\",\"publisher\":{\"@id\":\"https:\/\/www.maxavegroup.com\/tr\/#organization\"},\"potentialAction\":[{\"@type\":\"SearchAction\",\"target\":{\"@type\":\"EntryPoint\",\"urlTemplate\":\"https:\/\/www.maxavegroup.com\/tr\/?s={search_term_string}\"},\"query-input\":\"required name=search_term_string\"}],\"inLanguage\":\"tr\"},{\"@type\":\"Organization\",\"@id\":\"https:\/\/www.maxavegroup.com\/tr\/#organization\",\"name\":\"Maxave Furniture Manufacturing\",\"url\":\"https:\/\/www.maxavegroup.com\/tr\/\",\"logo\":{\"@type\":\"ImageObject\",\"inLanguage\":\"tr\",\"@id\":\"https:\/\/www.maxavegroup.com\/tr\/#\/schema\/logo\/image\/\",\"url\":\"https:\/\/www.maxavegroup.com\/wp-content\/uploads\/2022\/05\/maxave-VI.png\",\"contentUrl\":\"https:\/\/www.maxavegroup.com\/wp-content\/uploads\/2022\/05\/maxave-VI.png\",\"width\":3043,\"height\":913,\"caption\":\"Maxave Furniture Manufacturing\"},\"image\":{\"@id\":\"https:\/\/www.maxavegroup.com\/tr\/#\/schema\/logo\/image\/\"}}]}<\/script>\n<!-- \/ Yoast SEO Premium plugin. -->","yoast_head_json":{"title":"35MM SIDE MOUNTING BALL BEARING SLIDE | Maxave","robots":{"index":"index","follow":"follow","max-snippet":"max-snippet:-1","max-image-preview":"max-image-preview:large","max-video-preview":"max-video-preview:-1"},"canonical":"https:\/\/www.maxavegroup.com\/tr\/urun\/35mm-side-mounting-ballbearing-slide\/","og_locale":"tr_TR","og_type":"article","og_title":"35MM SIDE MOUNTING BALL BEARING SLIDE","og_description":"-Type: 35MM SIDE MOUNTING BALLBEARING SLIDE  -Model number\uff1aM03103  -Material\uff1aSteel  -Finish\uff1aZinc plated  -Thickness: 0.6*0.6*0.6  -Specification: 400mm(250mm-600mm)  -Loading Capacity: 15kg(10-20kg)  -Salt spray test: can reach grade 9 after 48 hours of test  -Certificate: SGS ISO 9001:2000","og_url":"https:\/\/www.maxavegroup.com\/tr\/urun\/35mm-side-mounting-ballbearing-slide\/","og_site_name":"Maxave","article_modified_time":"2025-07-04T01:48:19+00:00","og_image":[{"width":800,"height":800,"url":"https:\/\/www.maxavegroup.com\/wp-content\/uploads\/2025\/04\/P1655446.jpg","type":"image\/jpeg"}],"twitter_card":"summary_large_image","twitter_misc":{"Tahmini okuma s\u00fcresi":"1 dakika"},"schema":{"@context":"https:\/\/schema.org","@graph":[{"@type":"WebPage","@id":"https:\/\/www.maxavegroup.com\/tr\/urun\/35mm-side-mounting-ballbearing-slide\/","url":"https:\/\/www.maxavegroup.com\/tr\/urun\/35mm-side-mounting-ballbearing-slide\/","name":"35MM SIDE MOUNTING BALL BEARING SLIDE | Maxave","isPartOf":{"@id":"https:\/\/www.maxavegroup.com\/tr\/#website"},"datePublished":"2025-04-24T06:57:06+00:00","dateModified":"2025-07-04T01:48:19+00:00","breadcrumb":{"@id":"https:\/\/www.maxavegroup.com\/tr\/urun\/35mm-side-mounting-ballbearing-slide\/#breadcrumb"},"inLanguage":"tr","potentialAction":[{"@type":"ReadAction","target":["https:\/\/www.maxavegroup.com\/tr\/urun\/35mm-side-mounting-ballbearing-slide\/"]}]},{"@type":"BreadcrumbList","@id":"https:\/\/www.maxavegroup.com\/tr\/urun\/35mm-side-mounting-ballbearing-slide\/#breadcrumb","itemListElement":[{"@type":"ListItem","position":1,"name":"Home","item":"https:\/\/www.maxavegroup.com\/"},{"@type":"ListItem","position":2,"name":"Shop","item":"https:\/\/www.maxavegroup.com\/shop\/"},{"@type":"ListItem","position":3,"name":"35MM SIDE MOUNTING BALL BEARING SLIDE"}]},{"@type":"WebSite","@id":"https:\/\/www.maxavegroup.com\/tr\/#website","url":"https:\/\/www.maxavegroup.com\/tr\/","name":"Maxave","description":"","publisher":{"@id":"https:\/\/www.maxavegroup.com\/tr\/#organization"},"potentialAction":[{"@type":"SearchAction","target":{"@type":"EntryPoint","urlTemplate":"https:\/\/www.maxavegroup.com\/tr\/?s={search_term_string}"},"query-input":"required name=search_term_string"}],"inLanguage":"tr"},{"@type":"Organization","@id":"https:\/\/www.maxavegroup.com\/tr\/#organization","name":"Maxave Furniture Manufacturing","url":"https:\/\/www.maxavegroup.com\/tr\/","logo":{"@type":"ImageObject","inLanguage":"tr","@id":"https:\/\/www.maxavegroup.com\/tr\/#\/schema\/logo\/image\/","url":"https:\/\/www.maxavegroup.com\/wp-content\/uploads\/2022\/05\/maxave-VI.png","contentUrl":"https:\/\/www.maxavegroup.com\/wp-content\/uploads\/2022\/05\/maxave-VI.png","width":3043,"height":913,"caption":"Maxave Furniture Manufacturing"},"image":{"@id":"https:\/\/www.maxavegroup.com\/tr\/#\/schema\/logo\/image\/"}}]}},"_links":{"self":[{"href":"https:\/\/www.maxavegroup.com\/tr\/wp-json\/wp\/v2\/product\/32795","targetHints":{"allow":["GET"]}}],"collection":[{"href":"https:\/\/www.maxavegroup.com\/tr\/wp-json\/wp\/v2\/product"}],"about":[{"href":"https:\/\/www.maxavegroup.com\/tr\/wp-json\/wp\/v2\/types\/product"}],"replies":[{"embeddable":true,"href":"https:\/\/www.maxavegroup.com\/tr\/wp-json\/wp\/v2\/comments?post=32795"}],"wp:featuredmedia":[{"embeddable":true,"href":"https:\/\/www.maxavegroup.com\/tr\/wp-json\/wp\/v2\/media\/32802"}],"wp:attachment":[{"href":"https:\/\/www.maxavegroup.com\/tr\/wp-json\/wp\/v2\/media?parent=32795"}],"wp:term":[{"taxonomy":"product_brand","embeddable":true,"href":"https:\/\/www.maxavegroup.com\/tr\/wp-json\/wp\/v2\/product_brand?post=32795"},{"taxonomy":"product_cat","embeddable":true,"href":"https:\/\/www.maxavegroup.com\/tr\/wp-json\/wp\/v2\/product_cat?post=32795"},{"taxonomy":"product_tag","embeddable":true,"href":"https:\/\/www.maxavegroup.com\/tr\/wp-json\/wp\/v2\/product_tag?post=32795"},{"taxonomy":"heavydutyslides","embeddable":true,"href":"https:\/\/www.maxavegroup.com\/tr\/wp-json\/wp\/v2\/heavydutyslides?post=32795"},{"taxonomy":"products","embeddable":true,"href":"https:\/\/www.maxavegroup.com\/tr\/wp-json\/wp\/v2\/products?post=32795"}],"curies":[{"name":"wp","href":"https:\/\/api.w.org\/{rel}","templated":true}]}}